{"id":1052,"date":"2021-05-01T20:31:13","date_gmt":"2021-05-01T20:31:13","guid":{"rendered":"https:\/\/noban.stream\/?page_id=1052"},"modified":"2021-05-02T15:49:23","modified_gmt":"2021-05-02T15:49:23","slug":"data-request","status":"publish","type":"page","link":"https:\/\/noban.stream\/de\/datenschutzbestimmungen\/datenabfrage\/","title":{"rendered":"Datenanfrage"},"content":{"rendered":"<style>.wp-block-kadence-advancedheading.kt-adv-heading_41ddde-97, .wp-block-kadence-advancedheading.kt-adv-heading_41ddde-97[data-kb-block=\"kb-adv-heading_41ddde-97\"]{font-style:normal;}.wp-block-kadence-advancedheading.kt-adv-heading_41ddde-97 mark.kt-highlight, .wp-block-kadence-advancedheading.kt-adv-heading_41ddde-97[data-kb-block=\"kb-adv-heading_41ddde-97\"] mark.kt-highlight{font-style:normal;color:#f76a0c;-webkit-box-decoration-break:clone;box-decoration-break:clone;padding-top:0px;padding-right:0px;padding-bottom:0px;padding-left:0px;}.wp-block-kadence-advancedheading.kt-adv-heading_41ddde-97 img.kb-inline-image, .wp-block-kadence-advancedheading.kt-adv-heading_41ddde-97[data-kb-block=\"kb-adv-heading_41ddde-97\"] img.kb-inline-image{width:150px;vertical-align:baseline;}<\/style>\n<h2 class=\"kt-adv-heading_41ddde-97 wp-block-kadence-advancedheading\" data-kb-block=\"kb-adv-heading_41ddde-97\">Welche Rechte du \u00fcber deine Daten hast<\/h2>\n\n\n<style>.wp-block-kadence-advancedheading.kt-adv-heading_d8709d-9f, .wp-block-kadence-advancedheading.kt-adv-heading_d8709d-9f[data-kb-block=\"kb-adv-heading_d8709d-9f\"]{font-style:normal;}.wp-block-kadence-advancedheading.kt-adv-heading_d8709d-9f mark.kt-highlight, .wp-block-kadence-advancedheading.kt-adv-heading_d8709d-9f[data-kb-block=\"kb-adv-heading_d8709d-9f\"] mark.kt-highlight{font-style:normal;color:#f76a0c;-webkit-box-decoration-break:clone;box-decoration-break:clone;padding-top:0px;padding-right:0px;padding-bottom:0px;padding-left:0px;}.wp-block-kadence-advancedheading.kt-adv-heading_d8709d-9f img.kb-inline-image, .wp-block-kadence-advancedheading.kt-adv-heading_d8709d-9f[data-kb-block=\"kb-adv-heading_d8709d-9f\"] img.kb-inline-image{width:150px;vertical-align:baseline;}<\/style>\n<p class=\"kt-adv-heading_d8709d-9f wp-block-kadence-advancedheading\" data-kb-block=\"kb-adv-heading_d8709d-9f\">Wenn du ein Konto auf dieser Website hast, Kommentare hinterlassen oder eine Anfrage gesendet hast, kannst du eine exportierte Datei der personenbezogenen Daten anfordern, die wir \u00fcber dich gespeichert haben, einschlie\u00dflich der Daten, die du uns zur Verf\u00fcgung gestellt hast. Du kannst auch verlangen, dass wir alle personenbezogenen Daten, die wir \u00fcber dich gespeichert haben, l\u00f6schen. Davon ausgenommen sind Daten, die wir aus verwaltungstechnischen, rechtlichen oder sicherheitsrelevanten Gr\u00fcnden aufbewahren m\u00fcssen.<\/p>\n\n\n<style>.wp-block-kadence-advancedheading.kt-adv-heading_f686f6-f0, .wp-block-kadence-advancedheading.kt-adv-heading_f686f6-f0[data-kb-block=\"kb-adv-heading_f686f6-f0\"]{font-style:normal;}.wp-block-kadence-advancedheading.kt-adv-heading_f686f6-f0 mark.kt-highlight, .wp-block-kadence-advancedheading.kt-adv-heading_f686f6-f0[data-kb-block=\"kb-adv-heading_f686f6-f0\"] mark.kt-highlight{font-style:normal;color:#f76a0c;-webkit-box-decoration-break:clone;box-decoration-break:clone;padding-top:0px;padding-right:0px;padding-bottom:0px;padding-left:0px;}.wp-block-kadence-advancedheading.kt-adv-heading_f686f6-f0 img.kb-inline-image, .wp-block-kadence-advancedheading.kt-adv-heading_f686f6-f0[data-kb-block=\"kb-adv-heading_f686f6-f0\"] img.kb-inline-image{width:150px;vertical-align:baseline;}<\/style>\n<h2 class=\"kt-adv-heading_f686f6-f0 wp-block-kadence-advancedheading\" data-kb-block=\"kb-adv-heading_f686f6-f0\">Pers\u00f6nliche Daten anfordern<\/h2>\n\n\n<style>.wp-block-kadence-advancedheading.kt-adv-heading_359813-45, .wp-block-kadence-advancedheading.kt-adv-heading_359813-45[data-kb-block=\"kb-adv-heading_359813-45\"]{font-style:normal;}.wp-block-kadence-advancedheading.kt-adv-heading_359813-45 mark.kt-highlight, .wp-block-kadence-advancedheading.kt-adv-heading_359813-45[data-kb-block=\"kb-adv-heading_359813-45\"] mark.kt-highlight{font-style:normal;color:#f76a0c;-webkit-box-decoration-break:clone;box-decoration-break:clone;padding-top:0px;padding-right:0px;padding-bottom:0px;padding-left:0px;}.wp-block-kadence-advancedheading.kt-adv-heading_359813-45 img.kb-inline-image, .wp-block-kadence-advancedheading.kt-adv-heading_359813-45[data-kb-block=\"kb-adv-heading_359813-45\"] img.kb-inline-image{width:150px;vertical-align:baseline;}<\/style>\n<p class=\"kt-adv-heading_359813-45 wp-block-kadence-advancedheading\" data-kb-block=\"kb-adv-heading_359813-45\">Bitte verwende dieses Formular, um den Export\/die L\u00f6schung pers\u00f6nlicher Daten zu beantragen.<\/p>\n\n\n<div class='fluentform ff-default fluentform_wrapper_2 ffs_default_wrap'><form data-form_id=\"2\" id=\"fluentform_2\" class=\"frm-fluent-form fluent_form_2 ff-el-form-top ff_form_instance_2_1 ff-form-loading ff_has_v3_recptcha ffs_default\" data-form_instance=\"ff_form_instance_2_1\" method=\"POST\" data-recptcha_key=\"6Lf8stApAAAAALBQ31CPWvP6bDZuxnljpbUtXMLa\" action=\"\" ><fieldset  style=\"border: none!important;margin: 0!important;padding: 0!important;background-color: transparent!important;box-shadow: none!important;outline: none!important; min-inline-size: 100%;\">\n                    <legend class=\"ff_screen_reader_title\" style=\"display: block; margin: 0!important;padding: 0!important;height: 0!important;text-indent: -999999px;width: 0!important;overflow:hidden;\">Formular Pers\u00f6nliche Daten exportieren\/entfernen<\/legend>        <div\n                style=\"display: none!important; position: absolute!important; transform: translateX(1000%)!important;\"\n                class=\"ff-el-group ff-hpsf-container\"\n        >\n            <div class=\"ff-el-input--label asterisk-right\">\n                <label for=\"ff_2_item_sf\" aria-label=\"Subscribe\">\n                    Subscribe                <\/label>\n            <\/div>\n            <div class=\"ff-el-input--content\">\n                <input type=\"text\"\n                       name=\"item_2__fluent_sf\"\n                       class=\"ff-el-form-control\"\n                       id=\"ff_2_item_sf\"\n                \/>\n            <\/div>\n        <\/div>\n        <input type='hidden' name='__fluent_form_embded_post_id' value='1052' \/><input type=\"hidden\" id=\"_fluentform_2_fluentformnonce\" name=\"_fluentform_2_fluentformnonce\" value=\"b7c098ce47\" \/><input type=\"hidden\" name=\"_wp_http_referer\" value=\"\/de\/wp-json\/wp\/v2\/pages\/1052\" \/><div data-type=\"name-element\" data-name=\"names\" class=\"ff-field_container ff-name-field-wrapper\" ><div class='ff-t-container'><div class='ff-t-cell'><div class='ff-el-group'><div class=\"ff-el-input--label ff-el-is-required asterisk-right\"><label for='ff_2_names_first_name_' id='label_ff_2_names_first_name_' >Vorname<\/label><\/div><div class='ff-el-input--content'><input type=\"text\" name=\"names[first_name]\" id=\"ff_2_names_first_name_\" class=\"ff-el-form-control\" aria-invalid=\"false\" aria-required=\"true\"><\/div><\/div><\/div><div class='ff-t-cell'><div class='ff-el-group'><div class=\"ff-el-input--label ff-el-is-required asterisk-right\"><label for='ff_2_names_last_name_' id='label_ff_2_names_last_name_' >Nachname<\/label><\/div><div class='ff-el-input--content'><input type=\"text\" name=\"names[last_name]\" id=\"ff_2_names_last_name_\" class=\"ff-el-form-control\" aria-invalid=\"false\" aria-required=\"true\"><\/div><\/div><\/div><\/div><\/div><div class='ff-el-group'><div class=\"ff-el-input--label ff-el-is-required asterisk-right\"><label for='ff_2_email' id='label_ff_2_email' aria-label=\"E-Mail\">E-Mail<\/label><\/div><div class='ff-el-input--content'><input type=\"email\" name=\"email\" id=\"ff_2_email\" class=\"ff-el-form-control\" placeholder=\"you@domain.com\" data-name=\"email\"  aria-invalid=\"false\" aria-required=\"true\"><\/div><\/div><div class='ff-el-group'><div class=\"ff-el-input--label ff-el-is-required asterisk-right\"><label   aria-label=\"W\u00e4hle dein Anliegen\">W\u00e4hle dein Anliegen<\/label><\/div><div class='ff-el-input--content'><div class='ff-el-form-check ff-el-form-check-'><label class='ff-el-form-check-label' for='input_radio_3a559bdd038b62404f2d873e17d9bcd3'><input  type=\"radio\" name=\"input_radio\" data-name=\"input_radio\" class=\"ff-el-form-check-input ff-el-form-check-radio\" value=\"Export Personal Data\"  id='input_radio_3a559bdd038b62404f2d873e17d9bcd3' aria-label='Pers\u00f6nliche Daten exportieren' aria-invalid='false' aria-required=\"true\"> <span>Pers\u00f6nliche Daten exportieren<\/span><\/label><\/div><div class='ff-el-form-check ff-el-form-check-'><label class='ff-el-form-check-label' for='input_radio_272d02d5f852fe398e6d97e54edfb7de'><input  type=\"radio\" name=\"input_radio\" data-name=\"input_radio\" class=\"ff-el-form-check-input ff-el-form-check-radio\" value=\"Remove Personal Data\"  id='input_radio_272d02d5f852fe398e6d97e54edfb7de' aria-label='Pers\u00f6nliche Daten entfernen' aria-invalid='false' aria-required=\"true\"> <span>Pers\u00f6nliche Daten entfernen<\/span><\/label><\/div><\/div><\/div><div class='ff-el-group ff-text-left ff_submit_btn_wrapper'><button type=\"submit\" class=\"ff-btn ff-btn-submit ff-btn-md ff_btn_style\"  aria-label=\"Anfrage stellen\">Anfrage stellen<\/button><\/div>\t\t<div id=\"cf-turnstile-fluent-3945333776\"\r\n\t\tclass=\"cf-turnstile\" \t\tdata-sitekey=\"0x4AAAAAAA0jc1rF5MGmp9Ge\"\r\n\t\tdata-theme=\"light\"\r\n\t\tdata-language=\"auto\"\r\n\t\tdata-size=\"normal\"\r\n\t\tdata-retry=\"auto\" data-retry-interval=\"1000\"\r\n\t\tdata-refresh-expired=\"auto\"\r\n\t\tdata-action=\"fluent-form-2\"\r\n\t\t\t\tdata-appearance=\"always\"><\/div>\r\n\t\t\t<script>document.addEventListener(\"DOMContentLoaded\", function() { setTimeout(function(){ var e=document.getElementById(\"cf-turnstile-fluent-3945333776\"); e&&!e.innerHTML.trim()&&(turnstile.remove(\"#cf-turnstile-fluent-3945333776\"), turnstile.render(\"#cf-turnstile-fluent-3945333776\", {sitekey:\"0x4AAAAAAA0jc1rF5MGmp9Ge\"})); }, 100); });<\/script>\r\n\t\t\t<br class=\"cf-turnstile-br cf-turnstile-br-fluent-3945333776\">\r\n\t\t\t\t<style>#cf-turnstile-fluent-3945333776 { margin-left: -15px; }<\/style>\r\n\t\t<\/fieldset><input type=\"hidden\" name=\"trp-form-language\" value=\"de\"\/><\/form><div id='fluentform_2_errors' class='ff-errors-in-stack ff_form_instance_2_1 ff-form-loading_errors ff_form_instance_2_1_errors'><\/div><\/div>            <script type=\"text\/javascript\">\n                window.fluent_form_ff_form_instance_2_1 = {\"id\":\"2\",\"ajaxUrl\":\"https:\\\/\\\/noban.stream\\\/wp-admin\\\/admin-ajax.php\",\"settings\":{\"layout\":{\"labelPlacement\":\"top\",\"helpMessagePlacement\":\"with_label\",\"errorMessagePlacement\":\"inline\"},\"restrictions\":{\"denyEmptySubmission\":{\"enabled\":false}}},\"form_instance\":\"ff_form_instance_2_1\",\"form_id_selector\":\"fluentform_2\",\"rules\":{\"names[first_name]\":{\"required\":{\"value\":true,\"message\":\"First Name is required\"}},\"names[middle_name]\":{\"required\":{\"value\":false,\"message\":\"This field is required\"}},\"names[last_name]\":{\"required\":{\"value\":true,\"message\":\"Last Name is required\"}},\"email\":{\"required\":{\"value\":true,\"message\":\"Email field is required\"},\"email\":{\"value\":true,\"message\":\"This field must contain a valid email\"}},\"input_radio\":{\"required\":{\"value\":true,\"message\":\"Please select your type of request\"}}},\"debounce_time\":300};\n                            <\/script>\n            \n\n\n\n<p><\/p>","protected":false},"excerpt":{"rendered":"<p>What rights you have over your data If you have an account on this site or have left comments or send an inquiry, you can request to receive an exported file of the personal data we hold about you, including data you have provided to us. You can also request that we erase any personal&#8230;<\/p>","protected":false},"author":1,"featured_media":0,"parent":3,"menu_order":0,"comment_status":"closed","ping_status":"closed","template":"","meta":{"_seopress_robots_primary_cat":"","_seopress_titles_title":"","_seopress_titles_desc":"","_seopress_robots_index":"","_kad_blocks_custom_css":"","_kad_blocks_head_custom_js":"","_kad_blocks_body_custom_js":"","_kad_blocks_footer_custom_js":"","_kad_post_transparent":"","_kad_post_title":"","_kad_post_layout":"","_kad_post_sidebar_id":"","_kad_post_content_style":"","_kad_post_vertical_padding":"","_kad_post_feature":"","_kad_post_feature_position":"","_kad_post_header":false,"_kad_post_footer":false,"_kad_post_classname":"","footnotes":""},"class_list":["post-1052","page","type-page","status-publish","hentry"],"taxonomy_info":[],"featured_image_src_large":false,"author_info":{"display_name":"Julien","author_link":"https:\/\/noban.stream\/de\/author\/nbsadminpro\/"},"comment_info":0,"_links":{"self":[{"href":"https:\/\/noban.stream\/de\/wp-json\/wp\/v2\/pages\/1052","targetHints":{"allow":["GET"]}}],"collection":[{"href":"https:\/\/noban.stream\/de\/wp-json\/wp\/v2\/pages"}],"about":[{"href":"https:\/\/noban.stream\/de\/wp-json\/wp\/v2\/types\/page"}],"author":[{"embeddable":true,"href":"https:\/\/noban.stream\/de\/wp-json\/wp\/v2\/users\/1"}],"replies":[{"embeddable":true,"href":"https:\/\/noban.stream\/de\/wp-json\/wp\/v2\/comments?post=1052"}],"version-history":[{"count":0,"href":"https:\/\/noban.stream\/de\/wp-json\/wp\/v2\/pages\/1052\/revisions"}],"up":[{"embeddable":true,"href":"https:\/\/noban.stream\/de\/wp-json\/wp\/v2\/pages\/3"}],"wp:attachment":[{"href":"https:\/\/noban.stream\/de\/wp-json\/wp\/v2\/media?parent=1052"}],"curies":[{"name":"wp","href":"https:\/\/api.w.org\/{rel}","templated":true}]}}