{"id":1067,"date":"2021-05-02T08:28:50","date_gmt":"2021-05-02T08:28:50","guid":{"rendered":"https:\/\/noban.stream\/?page_id=1067"},"modified":"2021-06-01T12:38:25","modified_gmt":"2021-06-01T10:38:25","slug":"faq","status":"publish","type":"page","link":"https:\/\/noban.stream\/de\/faq\/","title":{"rendered":"FAQs &amp; Nutzungsrichtlinien"},"content":{"rendered":"<p>Allgemeine Fragen zu NoBan.Stream<\/p>\n\n\n<style>.kt-accordion-id_1998d6-bc .kt-accordion-inner-wrap{column-gap:var(--global-kb-gap-md, 2rem);row-gap:10px;}.kt-accordion-id_1998d6-bc .kt-accordion-panel-inner{border-top-width:0px;border-right-width:0px;border-bottom-width:0px;border-left-width:0px;border-top-left-radius:0px;border-top-right-radius:0px;border-bottom-right-radius:7px;border-bottom-left-radius:7px;background:var(--global-palette9, #ffffff);padding-top:var(--global-kb-spacing-sm, 1.5rem);padding-right:var(--global-kb-spacing-sm, 1.5rem);padding-bottom:var(--global-kb-spacing-sm, 1.5rem);padding-left:var(--global-kb-spacing-sm, 1.5rem);}.kt-accordion-id_1998d6-bc > .kt-accordion-inner-wrap > .wp-block-kadence-pane > .kt-accordion-header-wrap > .kt-blocks-accordion-header{border-top-width:0px;border-right-width:0px;border-bottom-width:0px;border-left-width:0px;border-top-left-radius:7px;border-top-right-radius:7px;border-bottom-right-radius:7px;border-bottom-left-radius:7px;background:var(--global-palette1, #3182CE);font-size:18px;line-height:24px;font-weight:bold;color:var(--global-palette9, #ffffff);padding-top:14px;padding-right:16px;padding-bottom:14px;padding-left:16px;}.kt-accordion-id_1998d6-bc:not( .kt-accodion-icon-style-basiccircle ):not( .kt-accodion-icon-style-xclosecircle ):not( .kt-accodion-icon-style-arrowcircle )  > .kt-accordion-inner-wrap > .wp-block-kadence-pane > .kt-accordion-header-wrap .kt-blocks-accordion-icon-trigger:after, .kt-accordion-id_1998d6-bc:not( .kt-accodion-icon-style-basiccircle ):not( .kt-accodion-icon-style-xclosecircle ):not( .kt-accodion-icon-style-arrowcircle )  > .kt-accordion-inner-wrap > .wp-block-kadence-pane > .kt-accordion-header-wrap .kt-blocks-accordion-icon-trigger:before{background:var(--global-palette9, #ffffff);}.kt-accordion-id_1998d6-bc:not( .kt-accodion-icon-style-basic ):not( .kt-accodion-icon-style-xclose ):not( .kt-accodion-icon-style-arrow ) .kt-blocks-accordion-icon-trigger{background:var(--global-palette9, #ffffff);}.kt-accordion-id_1998d6-bc:not( .kt-accodion-icon-style-basic ):not( .kt-accodion-icon-style-xclose ):not( .kt-accodion-icon-style-arrow ) .kt-blocks-accordion-icon-trigger:after, .kt-accordion-id_1998d6-bc:not( .kt-accodion-icon-style-basic ):not( .kt-accodion-icon-style-xclose ):not( .kt-accodion-icon-style-arrow ) .kt-blocks-accordion-icon-trigger:before{background:var(--global-palette1, #3182CE);}.kt-accordion-id_1998d6-bc > .kt-accordion-inner-wrap > .wp-block-kadence-pane > .kt-accordion-header-wrap > .kt-blocks-accordion-header:hover, \n\t\t\t\tbody:not(.hide-focus-outline) .kt-accordion-id_1998d6-bc .kt-blocks-accordion-header:focus-visible{color:var(--global-palette3, #1A202C);background:var(--global-palette7, #EDF2F7);}.kt-accordion-id_1998d6-bc:not( .kt-accodion-icon-style-basiccircle ):not( .kt-accodion-icon-style-xclosecircle ):not( .kt-accodion-icon-style-arrowcircle ) .kt-accordion-header-wrap .kt-blocks-accordion-header:hover .kt-blocks-accordion-icon-trigger:after, .kt-accordion-id_1998d6-bc:not( .kt-accodion-icon-style-basiccircle ):not( .kt-accodion-icon-style-xclosecircle ):not( .kt-accodion-icon-style-arrowcircle ) .kt-accordion-header-wrap .kt-blocks-accordion-header:hover .kt-blocks-accordion-icon-trigger:before, body:not(.hide-focus-outline) .kt-accordion-id_1998d6-bc:not( .kt-accodion-icon-style-basiccircle ):not( .kt-accodion-icon-style-xclosecircle ):not( .kt-accodion-icon-style-arrowcircle ) .kt-blocks-accordion--visible .kt-blocks-accordion-icon-trigger:after, body:not(.hide-focus-outline) .kt-accordion-id_1998d6-bc:not( .kt-accodion-icon-style-basiccircle ):not( .kt-accodion-icon-style-xclosecircle ):not( .kt-accodion-icon-style-arrowcircle ) .kt-blocks-accordion-header:focus-visible .kt-blocks-accordion-icon-trigger:before{background:var(--global-palette3, #1A202C);}.kt-accordion-id_1998d6-bc:not( .kt-accodion-icon-style-basic ):not( .kt-accodion-icon-style-xclose ):not( .kt-accodion-icon-style-arrow ) .kt-accordion-header-wrap .kt-blocks-accordion-header:hover .kt-blocks-accordion-icon-trigger, body:not(.hide-focus-outline) .kt-accordion-id_1998d6-bc:not( .kt-accodion-icon-style-basic ):not( .kt-accodion-icon-style-xclose ):not( .kt-accodion-icon-style-arrow ) .kt-accordion-header-wrap .kt-blocks-accordion-header:focus-visible .kt-blocks-accordion-icon-trigger{background:var(--global-palette3, #1A202C);}.kt-accordion-id_1998d6-bc:not( .kt-accodion-icon-style-basic ):not( .kt-accodion-icon-style-xclose ):not( .kt-accodion-icon-style-arrow ) .kt-accordion-header-wrap .kt-blocks-accordion-header:hover .kt-blocks-accordion-icon-trigger:after, .kt-accordion-id_1998d6-bc:not( .kt-accodion-icon-style-basic ):not( .kt-accodion-icon-style-xclose ):not( .kt-accodion-icon-style-arrow ) .kt-accordion-header-wrap .kt-blocks-accordion-header:hover .kt-blocks-accordion-icon-trigger:before, body:not(.hide-focus-outline) .kt-accordion-id_1998d6-bc:not( .kt-accodion-icon-style-basic ):not( .kt-accodion-icon-style-xclose ):not( .kt-accodion-icon-style-arrow ) .kt-accordion-header-wrap .kt-blocks-accordion-header:focus-visible .kt-blocks-accordion-icon-trigger:after, body:not(.hide-focus-outline) .kt-accordion-id_1998d6-bc:not( .kt-accodion-icon-style-basic ):not( .kt-accodion-icon-style-xclose ):not( .kt-accodion-icon-style-arrow ) .kt-accordion-header-wrap .kt-blocks-accordion-header:focus-visible .kt-blocks-accordion-icon-trigger:before{background:var(--global-palette7, #EDF2F7);}.kt-accordion-id_1998d6-bc .kt-accordion-header-wrap .kt-blocks-accordion-header:focus-visible,\n\t\t\t\t.kt-accordion-id_1998d6-bc > .kt-accordion-inner-wrap > .wp-block-kadence-pane > .kt-accordion-header-wrap > .kt-blocks-accordion-header.kt-accordion-panel-active{color:var(--global-palette3, #1A202C);background:var(--global-palette7, #EDF2F7);}.kt-accordion-id_1998d6-bc:not( .kt-accodion-icon-style-basiccircle ):not( .kt-accodion-icon-style-xclosecircle ):not( .kt-accodion-icon-style-arrowcircle )  > .kt-accordion-inner-wrap > .wp-block-kadence-pane > .kt-accordion-header-wrap > .kt-blocks-accordion-header.kt-accordion-panel-active .kt-blocks-accordion-icon-trigger:after, .kt-accordion-id_1998d6-bc:not( .kt-accodion-icon-style-basiccircle ):not( .kt-accodion-icon-style-xclosecircle ):not( .kt-accodion-icon-style-arrowcircle )  > .kt-accordion-inner-wrap > .wp-block-kadence-pane > .kt-accordion-header-wrap > .kt-blocks-accordion-header.kt-accordion-panel-active .kt-blocks-accordion-icon-trigger:before{background:var(--global-palette3, #1A202C);}.kt-accordion-id_1998d6-bc:not( .kt-accodion-icon-style-basic ):not( .kt-accodion-icon-style-xclose ):not( .kt-accodion-icon-style-arrow ) .kt-blocks-accordion-header.kt-accordion-panel-active .kt-blocks-accordion-icon-trigger{background:var(--global-palette3, #1A202C);}.kt-accordion-id_1998d6-bc:not( .kt-accodion-icon-style-basic ):not( .kt-accodion-icon-style-xclose ):not( .kt-accodion-icon-style-arrow ) .kt-blocks-accordion-header.kt-accordion-panel-active .kt-blocks-accordion-icon-trigger:after, .kt-accordion-id_1998d6-bc:not( .kt-accodion-icon-style-basic ):not( .kt-accodion-icon-style-xclose ):not( .kt-accodion-icon-style-arrow ) .kt-blocks-accordion-header.kt-accordion-panel-active .kt-blocks-accordion-icon-trigger:before{background:var(--global-palette7, #EDF2F7);}@media all and (max-width: 767px){.kt-accordion-id_1998d6-bc .kt-accordion-inner-wrap{display:block;}.kt-accordion-id_1998d6-bc .kt-accordion-inner-wrap .kt-accordion-pane:not(:first-child){margin-top:10px;}}<\/style>\n<div class=\"wp-block-kadence-accordion alignnone hp-acc\"><div class=\"kt-accordion-wrap kt-accordion-wrap kt-accordion-id_1998d6-bc kt-accordion-has-24-panes kt-active-pane-0 kt-accordion-block kt-pane-header-alignment-left kt-accodion-icon-style-arrow kt-accodion-icon-side-right\" style=\"max-width:none\"><div class=\"kt-accordion-inner-wrap\" data-allow-multiple-open=\"true\" data-start-open=\"none\">\n<div class=\"wp-block-kadence-pane kt-accordion-pane kt-accordion-pane-17 kt-pane_b4201d-cf\"><div class=\"kt-accordion-header-wrap\"><button class=\"kt-blocks-accordion-header kt-acccordion-button-label-show\"><span class=\"kt-blocks-accordion-title-wrap\"><span class=\"kt-blocks-accordion-title\">Was ist NoBan Stream?<\/span><\/span><span class=\"kt-blocks-accordion-icon-trigger\"><\/span><\/button><\/div><div class=\"kt-accordion-panel kt-accordion-panel-hidden\"><div class=\"kt-accordion-panel-inner\">\n<p><strong>Kurze Antwort: Dein bester Freund f\u00fcr Inhalte<\/strong><\/p>\n\n\n\n<p>Lange Antwort: NoBan Stream ist ein Musik-Streaming-Dienst, der&nbsp;<strong>lizenzfreie Lieder f\u00fcr Streamer<\/strong>&nbsp;und Ersteller von Inhalten gleicherma\u00dfen! Mit mehr <a href=\"https:\/\/noban.stream\/de\/kunstler\/\" data-type=\"page\" data-id=\"829\" class=\"rank-math-link\">K\u00fcnstler<\/a> Jeden Tag hast du eine st\u00e4ndig wachsende Auswahl an Musik zur Verf\u00fcgung, ohne Angst haben zu m\u00fcssen, von einem DMCA-Streik getroffen zu werden. <\/p>\n\n\n\n<p>Kein Abonnement erforderlich &amp; <a href=\"https:\/\/noban.stream\/de\/streaming-plattformen\/\" data-type=\"page\" data-id=\"1999\" class=\"rank-math-link\">verf\u00fcgbar auf allen wichtigen Streaming-Plattformen<\/a>!<\/p>\n<\/div><\/div><\/div>\n\n\n\n<div class=\"wp-block-kadence-pane kt-accordion-pane kt-accordion-pane-1 kt-pane_c013c7-39\"><div class=\"kt-accordion-header-wrap\"><button class=\"kt-blocks-accordion-header kt-acccordion-button-label-show\"><span class=\"kt-blocks-accordion-title-wrap\"><span class=\"kt-blocks-accordion-title\">Ist NoBan Stream Musik kostenlos?<\/span><\/span><span class=\"kt-blocks-accordion-icon-trigger\"><\/span><\/button><\/div><div class=\"kt-accordion-panel kt-accordion-panel-hidden\"><div class=\"kt-accordion-panel-inner\">\n<p class=\"has-theme-palette-3-color has-text-color\"><strong>Ja, NoBan Stream Musik ist rechtefrei! <\/strong>Du kannst das Spiel auf deinem <a href=\"https:\/\/noban.stream\/de\/streaming-plattformen\/\" data-type=\"page\" data-id=\"1999\" class=\"rank-math-link\">Lieblings-Streamingdienst<\/a> im Moment <strong>ohne Anmeldung und Registrierung<\/strong> f\u00fcr \u00fcberhaupt nichts.<\/p>\n<\/div><\/div><\/div>\n\n\n\n<div class=\"wp-block-kadence-pane kt-accordion-pane kt-accordion-pane-15 kt-pane_1e6733-98\"><div class=\"kt-accordion-header-wrap\"><button class=\"kt-blocks-accordion-header kt-acccordion-button-label-show\"><span class=\"kt-blocks-accordion-title-wrap\"><span class=\"kt-blocks-accordion-title\">Wo kann ich NoBan Stream Musik finden?<\/span><\/span><span class=\"kt-blocks-accordion-icon-trigger\"><\/span><\/button><\/div><div class=\"kt-accordion-panel kt-accordion-panel-hidden\"><div class=\"kt-accordion-panel-inner\">\n<p>Du kannst NoBan Stream Musik auf allen wichtigen Streaming-Plattformen finden, wie <a href=\"https:\/\/open.spotify.com\/album\/7o9AvbLg5c04G6g9G7YNNm\" class=\"rank-math-link\">Spotify<\/a>, <a href=\"https:\/\/music.apple.com\/be\/artist\/noban-stream\/1568492735\" class=\"rank-math-link\">Apple Music<\/a>, und <a href=\"https:\/\/music.amazon.com\/artists\/B095HYWQR4\/noban-stream\" class=\"rank-math-link\">Amazon Musik<\/a>. <a href=\"https:\/\/noban.stream\/de\/streaming-plattformen\/\" data-type=\"page\" data-id=\"1999\" class=\"rank-math-link\">Alle Streaming-Plattformen sind hier aufgelistet<\/a>.<\/p>\n\n\n\n<p>Wir arbeiten st\u00e4ndig mit unserem Vertrieb zusammen, um unsere Musik auf so viele Streaming-Plattformen wie m\u00f6glich zu bringen.<\/p>\n<\/div><\/div><\/div>\n\n\n\n<div class=\"wp-block-kadence-pane kt-accordion-pane kt-accordion-pane-21 kt-pane_f4c8a5-da\"><div class=\"kt-accordion-header-wrap\"><button class=\"kt-blocks-accordion-header kt-acccordion-button-label-show\"><span class=\"kt-blocks-accordion-title-wrap\"><span class=\"kt-blocks-accordion-title\">Kann ich NoBan Stream auf Instagram nutzen?<\/span><\/span><span class=\"kt-blocks-accordion-icon-trigger\"><\/span><\/button><\/div><div class=\"kt-accordion-panel kt-accordion-panel-hidden\"><div class=\"kt-accordion-panel-inner\">\n<p><strong>Kurze Antwort: Ja<\/strong>&nbsp;<\/p>\n\n\n\n<p>Lange Antwort: Es gibt mehrere M\u00f6glichkeiten, Musik zu deinen Geschichten hinzuzuf\u00fcgen. W\u00e4hle einfach den Sticker in der Symbolleiste aus und w\u00e4hle dann den Musiksticker. <\/p>\n\n\n\n<p>Der gesamte NoBan Stream Katalog ist auf Instagram verf\u00fcgbar.<\/p>\n<\/div><\/div><\/div>\n\n\n\n<div class=\"wp-block-kadence-pane kt-accordion-pane kt-accordion-pane-9 kt-pane_62f0c3-61\"><div class=\"kt-accordion-header-wrap\"><button class=\"kt-blocks-accordion-header kt-acccordion-button-label-show\"><span class=\"kt-blocks-accordion-title-wrap\"><span class=\"kt-blocks-accordion-title\">Kann ich NoBan Stream-Musik in meinen Videos auf Twitch oder YouTube verwenden?<\/span><\/span><span class=\"kt-blocks-accordion-icon-trigger\"><\/span><\/button><\/div><div class=\"kt-accordion-panel kt-accordion-panel-hidden\"><div class=\"kt-accordion-panel-inner\">\n<p><strong>Kurze Antwort: Ja<\/strong>&nbsp;<\/p>\n\n\n\n<p><strong>Lange Antwort: Immer noch ja!<\/strong> <br>Wenn du uns eine Gutschrift geben m\u00f6chtest, dann tu das bitte! Wir k\u00f6nnen jede Unterst\u00fctzung gebrauchen, die du uns geben kannst. <br>Kopiere einfach das Folgende in deine Video- oder Stream-Beschreibung oder gib, wenn m\u00f6glich, einen Shoutout an:<\/p>\n\n\n\n<p>Rechtefreie Musik zur Verf\u00fcgung gestellt von <a href=\"https:\/\/noban.stream\/de\/\" class=\"rank-math-link\">https:\/\/noban.stream<\/a> <br><br>Mundpropaganda ist in der heutigen Zeit ein m\u00e4chtiges Instrument. Um unsere Plattform bekannt zu machen, w\u00fcrden wir uns freuen, wenn du uns mit deinen Zuschauern, Followern und Freunden teilst! <\/p>\n<\/div><\/div><\/div>\n\n\n\n<div class=\"wp-block-kadence-pane kt-accordion-pane kt-accordion-pane-11 kt-pane_385884-47\"><div class=\"kt-accordion-header-wrap\"><button class=\"kt-blocks-accordion-header kt-acccordion-button-label-show\"><span class=\"kt-blocks-accordion-title-wrap\"><span class=\"kt-blocks-accordion-title\">Muss ich den\/die verwendeten Song(s) nennen?<\/span><\/span><span class=\"kt-blocks-accordion-icon-trigger\"><\/span><\/button><\/div><div class=\"kt-accordion-panel kt-accordion-panel-hidden\"><div class=\"kt-accordion-panel-inner\">\n<p><strong>Kurze Antworten: Nein<\/strong><\/p>\n\n\n\n<p><strong>Lange Antwort: Immer noch nein.<\/strong> <br>Wir w\u00fcrden uns aber \u00fcber etwas Anerkennung freuen. Wir k\u00f6nnen jede Unterst\u00fctzung gebrauchen.<br>Kopiere das Folgende in deine Video- oder Stream-Beschreibung, damit wir wissen, dass es von einem Zuschauer stammt: <br><br>Rechtefreie Musik zur Verf\u00fcgung gestellt von <a href=\"https:\/\/noban.stream\/de\/\">https:\/\/noban.stream<\/a><\/p>\n<\/div><\/div><\/div>\n\n\n\n<div class=\"wp-block-kadence-pane kt-accordion-pane kt-accordion-pane-14 kt-pane_8d33d3-21\"><div class=\"kt-accordion-header-wrap\"><button class=\"kt-blocks-accordion-header kt-acccordion-button-label-show\"><span class=\"kt-blocks-accordion-title-wrap\"><span class=\"kt-blocks-accordion-title\">Kann ich meine eigene Wiedergabeliste erstellen?<\/span><\/span><span class=\"kt-blocks-accordion-icon-trigger\"><\/span><\/button><\/div><div class=\"kt-accordion-panel kt-accordion-panel-hidden\"><div class=\"kt-accordion-panel-inner\">\n<p><strong>Kurze Antwort: Ja<\/strong><\/p>\n\n\n\n<p>Es gibt keinen besseren Weg, mit deinen Zuschauern in Kontakt zu treten, als deine eigene Playlist mit Musik von uns und anderen zusammenzustellen!<\/p>\n\n\n\n<p>Denk daran: Wenn du deine eigene Playlist und deinen eigenen Mix erstellst <a href=\"https:\/\/noban.stream\/de\/wiedergabelisten\/\" data-type=\"page\" data-id=\"1367\" class=\"rank-math-link\">NoBan Rechtefreie Musik streamen<\/a> Wenn du mit anderen Produzenten und Songwritern zusammenarbeitest, vergewissere dich, dass auch die anderen lizenzfrei sind. <\/p>\n\n\n\n<p>Wenn du mit urheberrechtlich gesch\u00fctzter Musik mischst, k\u00f6nntest du trotzdem Probleme bekommen und eine DMCA-Meldung erhalten.<\/p>\n<\/div><\/div><\/div>\n\n\n\n<div class=\"wp-block-kadence-pane kt-accordion-pane kt-accordion-pane-10 kt-pane_1d2a03-9f\"><div class=\"kt-accordion-header-wrap\"><button class=\"kt-blocks-accordion-header kt-acccordion-button-label-show\"><span class=\"kt-blocks-accordion-title-wrap\"><span class=\"kt-blocks-accordion-title\">Kann ich mein Video monetarisieren, wenn ich NoBan Stream Musik verwendet habe?<\/span><\/span><span class=\"kt-blocks-accordion-icon-trigger\"><\/span><\/button><\/div><div class=\"kt-accordion-panel kt-accordion-panel-hidden\"><div class=\"kt-accordion-panel-inner\">\n<p><strong>Ja<\/strong>aber stelle sicher, dass du die Richtlinien unserer Nutzungsrichtlinie befolgst.<\/p>\n<\/div><\/div><\/div>\n\n\n\n<div class=\"wp-block-kadence-pane kt-accordion-pane kt-accordion-pane-23 kt-pane_328f53-ba\"><div class=\"kt-accordion-header-wrap\"><button class=\"kt-blocks-accordion-header kt-acccordion-button-label-show\"><span class=\"kt-blocks-accordion-title-wrap\"><span class=\"kt-blocks-accordion-title\">Kann ich Musik aus dem NoBan Stream verwenden, um meinen eigenen Song\/deine eigene Ver\u00f6ffentlichung zu erstellen?<\/span><\/span><span class=\"kt-blocks-accordion-icon-trigger\"><\/span><\/button><\/div><div class=\"kt-accordion-panel kt-accordion-panel-hidden\"><div class=\"kt-accordion-panel-inner\">\n<p><strong>Kurze Antwort: Nein<\/strong><\/p>\n\n\n\n<p>Lange Antwort: Die Musik geh\u00f6rt uns. Das ist eine Selbstverst\u00e4ndlichkeit. Wir wollen nicht, dass du unsere Songs herunterl\u00e4dst und sie auf Streaming-Plattformen hochl\u00e4dst, um sie f\u00fcr dich zu beanspruchen. Das w\u00e4re schlecht f\u00fcr unsere Arbeit und unsere K\u00fcnstler.<\/p>\n\n\n\n<p>Wir geben dir jedoch die Erlaubnis, unsere Musik frei f\u00fcr deine Inhalte zu verwenden. Du darfst sie f\u00fcr deinen Stream und deine Inhalte k\u00fcrzen, loopen oder mit anderen Audiodateien \u00fcberblenden. <\/p>\n\n\n\n<p>Du kannst sogar ein Cover machen, wenn du Lust hast! (Wir LIEBEN Coversongs!) Sag uns Bescheid, wenn du das tust, damit wir deine Musik loben k\u00f6nnen.<\/p>\n<\/div><\/div><\/div>\n\n\n\n<div class=\"wp-block-kadence-pane kt-accordion-pane kt-accordion-pane-22 kt-pane_8d7ad3-62\"><div class=\"kt-accordion-header-wrap\"><button class=\"kt-blocks-accordion-header kt-acccordion-button-label-show\"><span class=\"kt-blocks-accordion-title-wrap\"><span class=\"kt-blocks-accordion-title\">Was sind die Nutzungsbeschr\u00e4nkungen f\u00fcr NoBan Stream Musik? <\/span><\/span><span class=\"kt-blocks-accordion-icon-trigger\"><\/span><\/button><\/div><div class=\"kt-accordion-panel kt-accordion-panel-hidden\"><div class=\"kt-accordion-panel-inner\">\n<p>Wir haben nur ein paar Einschr\u00e4nkungen. Wir haben das Recht, Einspruch zu erheben, und wir werden keine Inhalte dulden, die wir f\u00fcr inakzeptabel halten. <\/p>\n\n\n\n<p>Dazu geh\u00f6ren unter anderem:<\/p>\n\n\n\n<ul class=\"wp-block-list\"><li>Die Verwendung von Musik in Videos mit Hassreden<\/li><li>Illegales oder sexuell motiviertes (pornografisches) Material<\/li><\/ul>\n<\/div><\/div><\/div>\n\n\n\n<div class=\"wp-block-kadence-pane kt-accordion-pane kt-accordion-pane-12 kt-pane_0f4b4a-66\"><div class=\"kt-accordion-header-wrap\"><button class=\"kt-blocks-accordion-header kt-acccordion-button-label-show\"><span class=\"kt-blocks-accordion-title-wrap\"><span class=\"kt-blocks-accordion-title\">Bekomme ich eine Urheberrechtsklage oder einen Streik, wenn ich einen NoBan Stream-Track in meinem Video verwende?<\/span><\/span><span class=\"kt-blocks-accordion-icon-trigger\"><\/span><\/button><\/div><div class=\"kt-accordion-panel kt-accordion-panel-hidden\"><div class=\"kt-accordion-panel-inner\">\n<p><strong>Nein, das wirst du nicht.<\/strong> <\/p>\n\n\n\n<p>Wenn dies jemals mit NoBan Stream Musik passiert ist und du Hilfe brauchst, bitte <a href=\"https:\/\/noban.stream\/de\/faq\/twitch-stream-muted\/\">kontaktiere uns<\/a> mit dem Namen des Liedes, das dieses Ereignis ausgel\u00f6st hat, damit wir uns bei dir melden k\u00f6nnen.<\/p>\n<\/div><\/div><\/div>\n\n\n\n<div class=\"wp-block-kadence-pane kt-accordion-pane kt-accordion-pane-13 kt-pane_a5822a-3f\"><div class=\"kt-accordion-header-wrap\"><button class=\"kt-blocks-accordion-header kt-acccordion-button-label-show\"><span class=\"kt-blocks-accordion-title-wrap\"><span class=\"kt-blocks-accordion-title\">Mein Twitch-Stream wurde stummgeschaltet. Was nun?<\/span><\/span><span class=\"kt-blocks-accordion-icon-trigger\"><\/span><\/button><\/div><div class=\"kt-accordion-panel kt-accordion-panel-hidden\"><div class=\"kt-accordion-panel-inner\">\n<p>Wir verstehen, dass du ver\u00e4rgert bist, weil deine Inhalte k\u00fcrzlich stummgeschaltet wurden. Aber leider gibt es kein internes Copyright-ID-System f\u00fcr Twitch-Kan\u00e4le, um zu \u00fcberpr\u00fcfen, ob ein Lied von jemand anderem erstellt wurde.<\/p>\n\n\n\n<p>Wenn dein Stream stummgeschaltet wird, bedeutet das, dass in der Sendung auf die eine oder andere Weise ein urheberrechtlich gesch\u00fctzter Inhalt abgespielt wurde. Wenn dies jemals mit NoBan Stream Musik passiert ist und du Hilfe brauchst, bitte <a href=\"https:\/\/noban.stream\/de\/faq\/twitch-stream-muted\/\" data-type=\"page\" data-id=\"1101\">kontaktiere uns<\/a> mit dem Namen des Liedes, das dieses Ereignis ausgel\u00f6st hat, damit wir uns bei dir melden k\u00f6nnen.<\/p>\n<\/div><\/div><\/div>\n\n\n\n<div class=\"wp-block-kadence-pane kt-accordion-pane kt-accordion-pane-24 kt-pane_f498de-5d\"><div class=\"kt-accordion-header-wrap\"><button class=\"kt-blocks-accordion-header kt-acccordion-button-label-show\"><span class=\"kt-blocks-accordion-title-wrap\"><span class=\"kt-blocks-accordion-title\">Ich habe eine Beschwerde\/Streik erhalten. Was nun?<\/span><\/span><span class=\"kt-blocks-accordion-icon-trigger\"><\/span><\/button><\/div><div class=\"kt-accordion-panel kt-accordion-panel-hidden\"><div class=\"kt-accordion-panel-inner\">\n<p>Ungerechtfertigte Anspr\u00fcche und Fehler k\u00f6nnen vorkommen und sind meist technischer Natur. Wenn der Claim\/Strike auf deinem Kanal mit NoBan Stream Musik zu tun hat, bitte <a href=\"https:\/\/noban.stream\/de\/faq\/claim-support\/\" data-type=\"page\" data-id=\"1121\">kontaktiere uns mit dem folgenden Supportformular<\/a>.<\/p>\n<\/div><\/div><\/div>\n\n\n\n<div class=\"wp-block-kadence-pane kt-accordion-pane kt-accordion-pane-16 kt-pane_145d9f-aa\"><div class=\"kt-accordion-header-wrap\"><button class=\"kt-blocks-accordion-header kt-acccordion-button-label-show\"><span class=\"kt-blocks-accordion-title-wrap\"><span class=\"kt-blocks-accordion-title\">Ich habe eine Anfrage f\u00fcr mehr Musik! Wie kann ich meine Ideen teilen?<\/span><\/span><span class=\"kt-blocks-accordion-icon-trigger\"><\/span><\/button><\/div><div class=\"kt-accordion-panel kt-accordion-panel-hidden\"><div class=\"kt-accordion-panel-inner\">\n<p>Wir w\u00fcrden uns freuen, wenn du uns mitteilst, welche Art von Musik du gerne im NoBan Stream sehen w\u00fcrdest.<\/p>\n\n\n\n<p>Lass es uns wissen mit unserem <a href=\"https:\/\/noban.stream\/de\/bitte-um-mehr-musik\/\" data-type=\"page\" data-id=\"1076\"><a href=\"https:\/\/noban.stream\/de\/faq\/bitte-um-mehr-musik\/\" data-type=\"page\" data-id=\"1076\" class=\"rank-math-link\">Antragsformular<\/a><\/a> die Art von Musik, die dich in Schwung bringt und was du in deinen Sendungen teilen m\u00f6chtest.<\/p>\n<\/div><\/div><\/div>\n\n\n\n<div class=\"wp-block-kadence-pane kt-accordion-pane kt-accordion-pane-19 kt-pane_a45f57-5a\"><div class=\"kt-accordion-header-wrap\"><button class=\"kt-blocks-accordion-header kt-acccordion-button-label-show\"><span class=\"kt-blocks-accordion-title-wrap\"><span class=\"kt-blocks-accordion-title\">Wie kann ich NoBan Stream kontaktieren?<\/span><\/span><span class=\"kt-blocks-accordion-icon-trigger\"><\/span><\/button><\/div><div class=\"kt-accordion-panel kt-accordion-panel-hidden\"><div class=\"kt-accordion-panel-inner\">\n<p>Das ist eine einfache Frage! <a href=\"https:\/\/noban.stream\/de\/kontakt-uns\/\" data-type=\"page\" data-id=\"697\" class=\"rank-math-link\">F\u00fclle einfach unser Kontaktformular aus<\/a>.<\/p>\n<\/div><\/div><\/div>\n<\/div><\/div><\/div>","protected":false},"excerpt":{"rendered":"<p>Allgemeine Fragen zu NoBan.Stream<\/p>","protected":false},"author":1,"featured_media":0,"parent":0,"menu_order":0,"comment_status":"closed","ping_status":"closed","template":"","meta":{"_seopress_robots_primary_cat":"","_seopress_titles_title":"","_seopress_titles_desc":"","_seopress_robots_index":"","_kad_blocks_custom_css":"","_kad_blocks_head_custom_js":"","_kad_blocks_body_custom_js":"","_kad_blocks_footer_custom_js":"","_kad_post_transparent":"","_kad_post_title":"","_kad_post_layout":"","_kad_post_sidebar_id":"","_kad_post_content_style":"","_kad_post_vertical_padding":"","_kad_post_feature":"","_kad_post_feature_position":"","_kad_post_header":false,"_kad_post_footer":false,"_kad_post_classname":"","footnotes":""},"class_list":["post-1067","page","type-page","status-publish","hentry"],"taxonomy_info":[],"featured_image_src_large":false,"author_info":{"display_name":"Julien","author_link":"https:\/\/noban.stream\/de\/author\/nbsadminpro\/"},"comment_info":0,"_links":{"self":[{"href":"https:\/\/noban.stream\/de\/wp-json\/wp\/v2\/pages\/1067","targetHints":{"allow":["GET"]}}],"collection":[{"href":"https:\/\/noban.stream\/de\/wp-json\/wp\/v2\/pages"}],"about":[{"href":"https:\/\/noban.stream\/de\/wp-json\/wp\/v2\/types\/page"}],"author":[{"embeddable":true,"href":"https:\/\/noban.stream\/de\/wp-json\/wp\/v2\/users\/1"}],"replies":[{"embeddable":true,"href":"https:\/\/noban.stream\/de\/wp-json\/wp\/v2\/comments?post=1067"}],"version-history":[{"count":0,"href":"https:\/\/noban.stream\/de\/wp-json\/wp\/v2\/pages\/1067\/revisions"}],"wp:attachment":[{"href":"https:\/\/noban.stream\/de\/wp-json\/wp\/v2\/media?parent=1067"}],"curies":[{"name":"wp","href":"https:\/\/api.w.org\/{rel}","templated":true}]}}