{"id":1067,"date":"2021-05-02T08:28:50","date_gmt":"2021-05-02T08:28:50","guid":{"rendered":"https:\/\/noban.stream\/?page_id=1067"},"modified":"2021-06-01T12:38:25","modified_gmt":"2021-06-01T10:38:25","slug":"faq","status":"publish","type":"page","link":"https:\/\/noban.stream\/es\/faq\/","title":{"rendered":"Preguntas frecuentes y pol\u00edtica de uso"},"content":{"rendered":"<p>Preguntas generales sobre NoBan.Stream<\/p>\n\n\n<style>.kt-accordion-id_1998d6-bc .kt-accordion-inner-wrap{column-gap:var(--global-kb-gap-md, 2rem);row-gap:10px;}.kt-accordion-id_1998d6-bc .kt-accordion-panel-inner{border-top-width:0px;border-right-width:0px;border-bottom-width:0px;border-left-width:0px;border-top-left-radius:0px;border-top-right-radius:0px;border-bottom-right-radius:7px;border-bottom-left-radius:7px;background:var(--global-palette9, #ffffff);padding-top:var(--global-kb-spacing-sm, 1.5rem);padding-right:var(--global-kb-spacing-sm, 1.5rem);padding-bottom:var(--global-kb-spacing-sm, 1.5rem);padding-left:var(--global-kb-spacing-sm, 1.5rem);}.kt-accordion-id_1998d6-bc > .kt-accordion-inner-wrap > .wp-block-kadence-pane > .kt-accordion-header-wrap > .kt-blocks-accordion-header{border-top-width:0px;border-right-width:0px;border-bottom-width:0px;border-left-width:0px;border-top-left-radius:7px;border-top-right-radius:7px;border-bottom-right-radius:7px;border-bottom-left-radius:7px;background:var(--global-palette1, #3182CE);font-size:18px;line-height:24px;font-weight:bold;color:var(--global-palette9, #ffffff);padding-top:14px;padding-right:16px;padding-bottom:14px;padding-left:16px;}.kt-accordion-id_1998d6-bc:not( .kt-accodion-icon-style-basiccircle ):not( .kt-accodion-icon-style-xclosecircle ):not( .kt-accodion-icon-style-arrowcircle )  > .kt-accordion-inner-wrap > .wp-block-kadence-pane > .kt-accordion-header-wrap .kt-blocks-accordion-icon-trigger:after, .kt-accordion-id_1998d6-bc:not( .kt-accodion-icon-style-basiccircle ):not( .kt-accodion-icon-style-xclosecircle ):not( .kt-accodion-icon-style-arrowcircle )  > .kt-accordion-inner-wrap > .wp-block-kadence-pane > .kt-accordion-header-wrap .kt-blocks-accordion-icon-trigger:before{background:var(--global-palette9, #ffffff);}.kt-accordion-id_1998d6-bc:not( .kt-accodion-icon-style-basic ):not( .kt-accodion-icon-style-xclose ):not( .kt-accodion-icon-style-arrow ) .kt-blocks-accordion-icon-trigger{background:var(--global-palette9, #ffffff);}.kt-accordion-id_1998d6-bc:not( .kt-accodion-icon-style-basic ):not( .kt-accodion-icon-style-xclose ):not( .kt-accodion-icon-style-arrow ) .kt-blocks-accordion-icon-trigger:after, .kt-accordion-id_1998d6-bc:not( .kt-accodion-icon-style-basic ):not( .kt-accodion-icon-style-xclose ):not( .kt-accodion-icon-style-arrow ) .kt-blocks-accordion-icon-trigger:before{background:var(--global-palette1, #3182CE);}.kt-accordion-id_1998d6-bc > .kt-accordion-inner-wrap > .wp-block-kadence-pane > .kt-accordion-header-wrap > .kt-blocks-accordion-header:hover, \n\t\t\t\tbody:not(.hide-focus-outline) .kt-accordion-id_1998d6-bc .kt-blocks-accordion-header:focus-visible{color:var(--global-palette3, #1A202C);background:var(--global-palette7, #EDF2F7);}.kt-accordion-id_1998d6-bc:not( .kt-accodion-icon-style-basiccircle ):not( .kt-accodion-icon-style-xclosecircle ):not( .kt-accodion-icon-style-arrowcircle ) .kt-accordion-header-wrap .kt-blocks-accordion-header:hover .kt-blocks-accordion-icon-trigger:after, .kt-accordion-id_1998d6-bc:not( .kt-accodion-icon-style-basiccircle ):not( .kt-accodion-icon-style-xclosecircle ):not( .kt-accodion-icon-style-arrowcircle ) .kt-accordion-header-wrap .kt-blocks-accordion-header:hover .kt-blocks-accordion-icon-trigger:before, body:not(.hide-focus-outline) .kt-accordion-id_1998d6-bc:not( .kt-accodion-icon-style-basiccircle ):not( .kt-accodion-icon-style-xclosecircle ):not( .kt-accodion-icon-style-arrowcircle ) .kt-blocks-accordion--visible .kt-blocks-accordion-icon-trigger:after, body:not(.hide-focus-outline) .kt-accordion-id_1998d6-bc:not( .kt-accodion-icon-style-basiccircle ):not( .kt-accodion-icon-style-xclosecircle ):not( .kt-accodion-icon-style-arrowcircle ) .kt-blocks-accordion-header:focus-visible .kt-blocks-accordion-icon-trigger:before{background:var(--global-palette3, #1A202C);}.kt-accordion-id_1998d6-bc:not( .kt-accodion-icon-style-basic ):not( .kt-accodion-icon-style-xclose ):not( .kt-accodion-icon-style-arrow ) .kt-accordion-header-wrap .kt-blocks-accordion-header:hover .kt-blocks-accordion-icon-trigger, body:not(.hide-focus-outline) .kt-accordion-id_1998d6-bc:not( .kt-accodion-icon-style-basic ):not( .kt-accodion-icon-style-xclose ):not( .kt-accodion-icon-style-arrow ) .kt-accordion-header-wrap .kt-blocks-accordion-header:focus-visible .kt-blocks-accordion-icon-trigger{background:var(--global-palette3, #1A202C);}.kt-accordion-id_1998d6-bc:not( .kt-accodion-icon-style-basic ):not( .kt-accodion-icon-style-xclose ):not( .kt-accodion-icon-style-arrow ) .kt-accordion-header-wrap .kt-blocks-accordion-header:hover .kt-blocks-accordion-icon-trigger:after, .kt-accordion-id_1998d6-bc:not( .kt-accodion-icon-style-basic ):not( .kt-accodion-icon-style-xclose ):not( .kt-accodion-icon-style-arrow ) .kt-accordion-header-wrap .kt-blocks-accordion-header:hover .kt-blocks-accordion-icon-trigger:before, body:not(.hide-focus-outline) .kt-accordion-id_1998d6-bc:not( .kt-accodion-icon-style-basic ):not( .kt-accodion-icon-style-xclose ):not( .kt-accodion-icon-style-arrow ) .kt-accordion-header-wrap .kt-blocks-accordion-header:focus-visible .kt-blocks-accordion-icon-trigger:after, body:not(.hide-focus-outline) .kt-accordion-id_1998d6-bc:not( .kt-accodion-icon-style-basic ):not( .kt-accodion-icon-style-xclose ):not( .kt-accodion-icon-style-arrow ) .kt-accordion-header-wrap .kt-blocks-accordion-header:focus-visible .kt-blocks-accordion-icon-trigger:before{background:var(--global-palette7, #EDF2F7);}.kt-accordion-id_1998d6-bc .kt-accordion-header-wrap .kt-blocks-accordion-header:focus-visible,\n\t\t\t\t.kt-accordion-id_1998d6-bc > .kt-accordion-inner-wrap > .wp-block-kadence-pane > .kt-accordion-header-wrap > .kt-blocks-accordion-header.kt-accordion-panel-active{color:var(--global-palette3, #1A202C);background:var(--global-palette7, #EDF2F7);}.kt-accordion-id_1998d6-bc:not( .kt-accodion-icon-style-basiccircle ):not( .kt-accodion-icon-style-xclosecircle ):not( .kt-accodion-icon-style-arrowcircle )  > .kt-accordion-inner-wrap > .wp-block-kadence-pane > .kt-accordion-header-wrap > .kt-blocks-accordion-header.kt-accordion-panel-active .kt-blocks-accordion-icon-trigger:after, .kt-accordion-id_1998d6-bc:not( .kt-accodion-icon-style-basiccircle ):not( .kt-accodion-icon-style-xclosecircle ):not( .kt-accodion-icon-style-arrowcircle )  > .kt-accordion-inner-wrap > .wp-block-kadence-pane > .kt-accordion-header-wrap > .kt-blocks-accordion-header.kt-accordion-panel-active .kt-blocks-accordion-icon-trigger:before{background:var(--global-palette3, #1A202C);}.kt-accordion-id_1998d6-bc:not( .kt-accodion-icon-style-basic ):not( .kt-accodion-icon-style-xclose ):not( .kt-accodion-icon-style-arrow ) .kt-blocks-accordion-header.kt-accordion-panel-active .kt-blocks-accordion-icon-trigger{background:var(--global-palette3, #1A202C);}.kt-accordion-id_1998d6-bc:not( .kt-accodion-icon-style-basic ):not( .kt-accodion-icon-style-xclose ):not( .kt-accodion-icon-style-arrow ) .kt-blocks-accordion-header.kt-accordion-panel-active .kt-blocks-accordion-icon-trigger:after, .kt-accordion-id_1998d6-bc:not( .kt-accodion-icon-style-basic ):not( .kt-accodion-icon-style-xclose ):not( .kt-accodion-icon-style-arrow ) .kt-blocks-accordion-header.kt-accordion-panel-active .kt-blocks-accordion-icon-trigger:before{background:var(--global-palette7, #EDF2F7);}@media all and (max-width: 767px){.kt-accordion-id_1998d6-bc .kt-accordion-inner-wrap{display:block;}.kt-accordion-id_1998d6-bc .kt-accordion-inner-wrap .kt-accordion-pane:not(:first-child){margin-top:10px;}}<\/style>\n<div class=\"wp-block-kadence-accordion alignnone hp-acc\"><div class=\"kt-accordion-wrap kt-accordion-wrap kt-accordion-id_1998d6-bc kt-accordion-has-24-panes kt-active-pane-0 kt-accordion-block kt-pane-header-alignment-left kt-accodion-icon-style-arrow kt-accodion-icon-side-right\" style=\"max-width:none\"><div class=\"kt-accordion-inner-wrap\" data-allow-multiple-open=\"true\" data-start-open=\"none\">\n<div class=\"wp-block-kadence-pane kt-accordion-pane kt-accordion-pane-17 kt-pane_b4201d-cf\"><div class=\"kt-accordion-header-wrap\"><button class=\"kt-blocks-accordion-header kt-acccordion-button-label-show\"><span class=\"kt-blocks-accordion-title-wrap\"><span class=\"kt-blocks-accordion-title\">\u00bfQu\u00e9 es NoBan Stream?<\/span><\/span><span class=\"kt-blocks-accordion-icon-trigger\"><\/span><\/button><\/div><div class=\"kt-accordion-panel kt-accordion-panel-hidden\"><div class=\"kt-accordion-panel-inner\">\n<p><strong>Respuesta corta: Tu mejor amigo de contenidos<\/strong><\/p>\n\n\n\n<p>Respuesta larga: NoBan Stream es un servicio de streaming de m\u00fasica que ofrece&nbsp;<strong>canciones libres de derechos para streamers<\/strong>&nbsp;\u00a1y creadores de contenidos por igual! Con m\u00e1s <a href=\"https:\/\/noban.stream\/es\/artistas\/\" data-type=\"page\" data-id=\"829\" class=\"rank-math-link\">artistas<\/a> uni\u00e9ndote cada d\u00eda, tendr\u00e1s una selecci\u00f3n cada vez mayor de m\u00fasica al alcance de tu mano sin miedo a ser golpeado por una huelga DMCA. <\/p>\n\n\n\n<p>No requiere suscripci\u00f3n &amp; <a href=\"https:\/\/noban.stream\/es\/plataformas-de-streaming\/\" data-type=\"page\" data-id=\"1999\" class=\"rank-math-link\">disponible en las principales plataformas de streaming<\/a>!<\/p>\n<\/div><\/div><\/div>\n\n\n\n<div class=\"wp-block-kadence-pane kt-accordion-pane kt-accordion-pane-1 kt-pane_c013c7-39\"><div class=\"kt-accordion-header-wrap\"><button class=\"kt-blocks-accordion-header kt-acccordion-button-label-show\"><span class=\"kt-blocks-accordion-title-wrap\"><span class=\"kt-blocks-accordion-title\">\u00bfEs gratuita la m\u00fasica de NoBan Stream?<\/span><\/span><span class=\"kt-blocks-accordion-icon-trigger\"><\/span><\/button><\/div><div class=\"kt-accordion-panel kt-accordion-panel-hidden\"><div class=\"kt-accordion-panel-inner\">\n<p class=\"has-theme-palette-3-color has-text-color\"><strong>S\u00ed, \u00a1la m\u00fasica de NoBan Stream est\u00e1 libre de derechos! <\/strong>Puedes empezar a jugar en tu <a href=\"https:\/\/noban.stream\/es\/plataformas-de-streaming\/\" data-type=\"page\" data-id=\"1999\" class=\"rank-math-link\">servicio de streaming favorito<\/a> ahora mismo <strong>sin tener que suscribirte y registrarte<\/strong> para nada en absoluto.<\/p>\n<\/div><\/div><\/div>\n\n\n\n<div class=\"wp-block-kadence-pane kt-accordion-pane kt-accordion-pane-15 kt-pane_1e6733-98\"><div class=\"kt-accordion-header-wrap\"><button class=\"kt-blocks-accordion-header kt-acccordion-button-label-show\"><span class=\"kt-blocks-accordion-title-wrap\"><span class=\"kt-blocks-accordion-title\">\u00bfD\u00f3nde puedo encontrar m\u00fasica de NoBan Stream?<\/span><\/span><span class=\"kt-blocks-accordion-icon-trigger\"><\/span><\/button><\/div><div class=\"kt-accordion-panel kt-accordion-panel-hidden\"><div class=\"kt-accordion-panel-inner\">\n<p>Puedes encontrar m\u00fasica de NoBan Stream en las principales plataformas de streaming, como <a href=\"https:\/\/open.spotify.com\/album\/7o9AvbLg5c04G6g9G7YNNm\" class=\"rank-math-link\">Spotify<\/a>, <a href=\"https:\/\/music.apple.com\/be\/artist\/noban-stream\/1568492735\" class=\"rank-math-link\">Apple Music<\/a>y <a href=\"https:\/\/music.amazon.com\/artists\/B095HYWQR4\/noban-stream\" class=\"rank-math-link\">M\u00fasica de Amazon<\/a>. <a href=\"https:\/\/noban.stream\/es\/plataformas-de-streaming\/\" data-type=\"page\" data-id=\"1999\" class=\"rank-math-link\">Todas las plataformas de streaming est\u00e1n referenciadas aqu\u00ed<\/a>.<\/p>\n\n\n\n<p>Siempre estamos trabajando con nuestro distribuidor para llevar nuestra m\u00fasica a tantas plataformas de streaming como sea posible.<\/p>\n<\/div><\/div><\/div>\n\n\n\n<div class=\"wp-block-kadence-pane kt-accordion-pane kt-accordion-pane-21 kt-pane_f4c8a5-da\"><div class=\"kt-accordion-header-wrap\"><button class=\"kt-blocks-accordion-header kt-acccordion-button-label-show\"><span class=\"kt-blocks-accordion-title-wrap\"><span class=\"kt-blocks-accordion-title\">\u00bfPuedo utilizar NoBan Stream en Instagram?<\/span><\/span><span class=\"kt-blocks-accordion-icon-trigger\"><\/span><\/button><\/div><div class=\"kt-accordion-panel kt-accordion-panel-hidden\"><div class=\"kt-accordion-panel-inner\">\n<p><strong>Respuesta breve: S\u00ed<\/strong>&nbsp;<\/p>\n\n\n\n<p>Respuesta larga: Hay varias formas de a\u00f1adir m\u00fasica a tus historias. S\u00f3lo tienes que seleccionar la pegatina en la barra de herramientas y luego seleccionar la pegatina de m\u00fasica. <\/p>\n\n\n\n<p>Todo el cat\u00e1logo de NoBan Stream est\u00e1 disponible en Instagram.<\/p>\n<\/div><\/div><\/div>\n\n\n\n<div class=\"wp-block-kadence-pane kt-accordion-pane kt-accordion-pane-9 kt-pane_62f0c3-61\"><div class=\"kt-accordion-header-wrap\"><button class=\"kt-blocks-accordion-header kt-acccordion-button-label-show\"><span class=\"kt-blocks-accordion-title-wrap\"><span class=\"kt-blocks-accordion-title\">\u00bfPuedo utilizar m\u00fasica de NoBan Stream en mis v\u00eddeos de Twitch o YouTube?<\/span><\/span><span class=\"kt-blocks-accordion-icon-trigger\"><\/span><\/button><\/div><div class=\"kt-accordion-panel kt-accordion-panel-hidden\"><div class=\"kt-accordion-panel-inner\">\n<p><strong>Respuesta breve: S\u00ed<\/strong>&nbsp;<\/p>\n\n\n\n<p><strong>Respuesta larga: \u00a1Sigue siendo s\u00ed!<\/strong> <br>Si quieres darnos cr\u00e9dito, \u00a1hazlo, por favor! Nos vendr\u00e1 bien todo el apoyo que puedas prestarnos. <br>S\u00f3lo tienes que copiar y pegar lo siguiente en la descripci\u00f3n de tu v\u00eddeo o secuencia, o dar un saludo cuando sea posible :<\/p>\n\n\n\n<p>M\u00fasica libre de derechos proporcionada por <a href=\"https:\/\/noban.stream\/es\/\" class=\"rank-math-link\">https:\/\/noban.stream<\/a> <br><br>El boca a boca es una herramienta poderosa en los tiempos que corren. Para dar a conocer nuestra plataforma, \u00a1nos encantar\u00eda que nos compartieras con tus espectadores, seguidores y amigos! <\/p>\n<\/div><\/div><\/div>\n\n\n\n<div class=\"wp-block-kadence-pane kt-accordion-pane kt-accordion-pane-11 kt-pane_385884-47\"><div class=\"kt-accordion-header-wrap\"><button class=\"kt-blocks-accordion-header kt-acccordion-button-label-show\"><span class=\"kt-blocks-accordion-title-wrap\"><span class=\"kt-blocks-accordion-title\">\u00bfTengo que acreditar la(s) canci\u00f3n(es) que utilizo?<\/span><\/span><span class=\"kt-blocks-accordion-icon-trigger\"><\/span><\/button><\/div><div class=\"kt-accordion-panel kt-accordion-panel-hidden\"><div class=\"kt-accordion-panel-inner\">\n<p><strong>Respuestas cortas: No<\/strong><\/p>\n\n\n\n<p><strong>Respuesta larga: Sigue siendo no.<\/strong> <br>Sin embargo, agradecer\u00edamos que se nos reconociera. Nos vendr\u00eda bien todo el apoyo posible.<br>Copia y pega lo siguiente en la descripci\u00f3n de tu v\u00eddeo o secuencia, y sabremos que procede de un espectador: <br><br>M\u00fasica libre de derechos proporcionada por <a href=\"https:\/\/noban.stream\/es\/\">https:\/\/noban.stream<\/a><\/p>\n<\/div><\/div><\/div>\n\n\n\n<div class=\"wp-block-kadence-pane kt-accordion-pane kt-accordion-pane-14 kt-pane_8d33d3-21\"><div class=\"kt-accordion-header-wrap\"><button class=\"kt-blocks-accordion-header kt-acccordion-button-label-show\"><span class=\"kt-blocks-accordion-title-wrap\"><span class=\"kt-blocks-accordion-title\">\u00bfPuedo crear mi propia lista de reproducci\u00f3n?<\/span><\/span><span class=\"kt-blocks-accordion-icon-trigger\"><\/span><\/button><\/div><div class=\"kt-accordion-panel kt-accordion-panel-hidden\"><div class=\"kt-accordion-panel-inner\">\n<p><strong>Respuesta breve: S\u00ed<\/strong><\/p>\n\n\n\n<p>\u00a1Qu\u00e9 mejor manera de interactuar con tus espectadores que crear tu propia lista de reproducci\u00f3n con m\u00fasica nuestra y de otros!<\/p>\n\n\n\n<p>S\u00f3lo recuerda: Si est\u00e1s creando tu propia lista de reproducci\u00f3n y mezcla <a href=\"https:\/\/noban.stream\/es\/listas-de-reproduccion\/\" data-type=\"page\" data-id=\"1367\" class=\"rank-math-link\">NoBan Transmitir m\u00fasica sin derechos<\/a> con otros productores y compositores, aseg\u00farate de que los dem\u00e1s tambi\u00e9n est\u00e9n libres de derechos. <\/p>\n\n\n\n<p>Si mezclas con m\u00fasica protegida por derechos de autor, a\u00fan podr\u00edas tener problemas y recibir un aviso DMCA.<\/p>\n<\/div><\/div><\/div>\n\n\n\n<div class=\"wp-block-kadence-pane kt-accordion-pane kt-accordion-pane-10 kt-pane_1d2a03-9f\"><div class=\"kt-accordion-header-wrap\"><button class=\"kt-blocks-accordion-header kt-acccordion-button-label-show\"><span class=\"kt-blocks-accordion-title-wrap\"><span class=\"kt-blocks-accordion-title\">\u00bfPuedo monetizar mi v\u00eddeo si he utilizado m\u00fasica de NoBan Stream?<\/span><\/span><span class=\"kt-blocks-accordion-icon-trigger\"><\/span><\/button><\/div><div class=\"kt-accordion-panel kt-accordion-panel-hidden\"><div class=\"kt-accordion-panel-inner\">\n<p><strong>S\u00ed<\/strong>pero aseg\u00farate de seguir las directrices de nuestra pol\u00edtica de uso.<\/p>\n<\/div><\/div><\/div>\n\n\n\n<div class=\"wp-block-kadence-pane kt-accordion-pane kt-accordion-pane-23 kt-pane_328f53-ba\"><div class=\"kt-accordion-header-wrap\"><button class=\"kt-blocks-accordion-header kt-acccordion-button-label-show\"><span class=\"kt-blocks-accordion-title-wrap\"><span class=\"kt-blocks-accordion-title\">\u00bfPuedo utilizar m\u00fasica de NoBan Stream para crear mi propia canci\u00f3n\/lanzamiento?<\/span><\/span><span class=\"kt-blocks-accordion-icon-trigger\"><\/span><\/button><\/div><div class=\"kt-accordion-panel kt-accordion-panel-hidden\"><div class=\"kt-accordion-panel-inner\">\n<p><strong>Respuesta breve: No<\/strong><\/p>\n\n\n\n<p>Respuesta larga: La m\u00fasica es nuestra. Eso es un hecho. No queremos que descargues nuestras canciones y las subas a plataformas de streaming y reclames su propiedad. Eso ser\u00eda malo para nuestro trabajo y nuestros artistas.<\/p>\n\n\n\n<p>Sin embargo, te damos permiso para utilizar nuestra m\u00fasica libremente para tus necesidades de contenido. Puedes acortarla, ponerla en bucle o fundirla en otro audio para tu flujo y contenido. <\/p>\n\n\n\n<p>\u00a1Incluso puedes hacer una versi\u00f3n si te apetece! (\u00a1Nos ENCANTAN las versiones!) Si lo haces, av\u00edsanos en las redes sociales para que podamos disfrutar de tu m\u00fasica.<\/p>\n<\/div><\/div><\/div>\n\n\n\n<div class=\"wp-block-kadence-pane kt-accordion-pane kt-accordion-pane-22 kt-pane_8d7ad3-62\"><div class=\"kt-accordion-header-wrap\"><button class=\"kt-blocks-accordion-header kt-acccordion-button-label-show\"><span class=\"kt-blocks-accordion-title-wrap\"><span class=\"kt-blocks-accordion-title\">\u00bfCu\u00e1les son las restricciones de uso de la m\u00fasica de NoBan Stream? <\/span><\/span><span class=\"kt-blocks-accordion-icon-trigger\"><\/span><\/button><\/div><div class=\"kt-accordion-panel kt-accordion-panel-hidden\"><div class=\"kt-accordion-panel-inner\">\n<p>S\u00f3lo tenemos un par de restricciones. Tenemos derecho a oponernos y no toleraremos ning\u00fan contenido que consideremos inaceptable. <\/p>\n\n\n\n<p>Esto incluye, pero no se limita a:<\/p>\n\n\n\n<ul class=\"wp-block-list\"><li>El uso de la m\u00fasica en los v\u00eddeos de incitaci\u00f3n al odio<\/li><li>Material ilegal o de tem\u00e1tica sexual (pornogr\u00e1fico)<\/li><\/ul>\n<\/div><\/div><\/div>\n\n\n\n<div class=\"wp-block-kadence-pane kt-accordion-pane kt-accordion-pane-12 kt-pane_0f4b4a-66\"><div class=\"kt-accordion-header-wrap\"><button class=\"kt-blocks-accordion-header kt-acccordion-button-label-show\"><span class=\"kt-blocks-accordion-title-wrap\"><span class=\"kt-blocks-accordion-title\">\u00bfRecibir\u00e9 una reclamaci\u00f3n de derechos de autor o una huelga si utilizo una pista de NoBan Stream en mi v\u00eddeo?<\/span><\/span><span class=\"kt-blocks-accordion-icon-trigger\"><\/span><\/button><\/div><div class=\"kt-accordion-panel kt-accordion-panel-hidden\"><div class=\"kt-accordion-panel-inner\">\n<p><strong>No, no lo har\u00e1s.<\/strong> <\/p>\n\n\n\n<p>Si alguna vez te ha ocurrido esto con la m\u00fasica de NoBan Stream y necesitas ayuda, por favor <a href=\"https:\/\/noban.stream\/es\/faq\/twitch-stream-muted\/\">contacta con nosotros<\/a> con el nombre de la canci\u00f3n que activ\u00f3 este evento para que podamos ponernos en contacto contigo.<\/p>\n<\/div><\/div><\/div>\n\n\n\n<div class=\"wp-block-kadence-pane kt-accordion-pane kt-accordion-pane-13 kt-pane_a5822a-3f\"><div class=\"kt-accordion-header-wrap\"><button class=\"kt-blocks-accordion-header kt-acccordion-button-label-show\"><span class=\"kt-blocks-accordion-title-wrap\"><span class=\"kt-blocks-accordion-title\">Mi transmisi\u00f3n de Twitch se silenci\u00f3. \u00bfY ahora qu\u00e9?<\/span><\/span><span class=\"kt-blocks-accordion-icon-trigger\"><\/span><\/button><\/div><div class=\"kt-accordion-panel kt-accordion-panel-hidden\"><div class=\"kt-accordion-panel-inner\">\n<p>Entendemos que est\u00e9s enfadado por el reciente silenciamiento de tu contenido. Pero, por desgracia, no existe un sistema interno de identificaci\u00f3n de derechos de autor para los canales de Twitch que permita verificar si una canci\u00f3n ha sido creada por otra persona.<\/p>\n\n\n\n<p>Si tu transmisi\u00f3n se silencia, significa que algo en la transmisi\u00f3n marcado como contenido protegido por derechos de autor se estaba reproduciendo de una forma u otra. Si alguna vez te ha ocurrido esto con la m\u00fasica de NoBan Stream y necesitas ayuda, por favor <a href=\"https:\/\/noban.stream\/es\/faq\/twitch-stream-muted\/\" data-type=\"page\" data-id=\"1101\">contacta con nosotros<\/a> con el nombre de la canci\u00f3n que activ\u00f3 este evento para que podamos ponernos en contacto contigo.<\/p>\n<\/div><\/div><\/div>\n\n\n\n<div class=\"wp-block-kadence-pane kt-accordion-pane kt-accordion-pane-24 kt-pane_f498de-5d\"><div class=\"kt-accordion-header-wrap\"><button class=\"kt-blocks-accordion-header kt-acccordion-button-label-show\"><span class=\"kt-blocks-accordion-title-wrap\"><span class=\"kt-blocks-accordion-title\">He recibido una queja\/denuncia. \u00bfY ahora qu\u00e9?<\/span><\/span><span class=\"kt-blocks-accordion-icon-trigger\"><\/span><\/button><\/div><div class=\"kt-accordion-panel kt-accordion-panel-hidden\"><div class=\"kt-accordion-panel-inner\">\n<p>Las reclamaciones err\u00f3neas y los errores pueden ocurrir, y suelen ser tecnicismos. Si la reclamaci\u00f3n\/huelga en tu canal est\u00e1 relacionada con la m\u00fasica de NoBan Stream, por favor <a href=\"https:\/\/noban.stream\/es\/faq\/reclamacion-apoyo\/\" data-type=\"page\" data-id=\"1121\">ponte en contacto con nosotros a trav\u00e9s del siguiente formulario de asistencia<\/a>.<\/p>\n<\/div><\/div><\/div>\n\n\n\n<div class=\"wp-block-kadence-pane kt-accordion-pane kt-accordion-pane-16 kt-pane_145d9f-aa\"><div class=\"kt-accordion-header-wrap\"><button class=\"kt-blocks-accordion-header kt-acccordion-button-label-show\"><span class=\"kt-blocks-accordion-title-wrap\"><span class=\"kt-blocks-accordion-title\">\u00a1Tengo una petici\u00f3n de m\u00e1s m\u00fasica! \u00bfC\u00f3mo comparto mis ideas?<\/span><\/span><span class=\"kt-blocks-accordion-icon-trigger\"><\/span><\/button><\/div><div class=\"kt-accordion-panel kt-accordion-panel-hidden\"><div class=\"kt-accordion-panel-inner\">\n<p>Nos encantar\u00eda saber qu\u00e9 tipo de m\u00fasica te gustar\u00eda que se a\u00f1adiera a NoBan Stream.<\/p>\n\n\n\n<p>H\u00e1znoslo saber con nuestro <a href=\"https:\/\/noban.stream\/es\/solicitud-de-mas-musica\/\" data-type=\"page\" data-id=\"1076\"><a href=\"https:\/\/noban.stream\/es\/faq\/solicitud-de-mas-musica\/\" data-type=\"page\" data-id=\"1076\" class=\"rank-math-link\">formulario de solicitud<\/a><\/a> el tipo de m\u00fasica para ponerte en marcha y lo que te gustar\u00eda compartir en tus emisiones.<\/p>\n<\/div><\/div><\/div>\n\n\n\n<div class=\"wp-block-kadence-pane kt-accordion-pane kt-accordion-pane-19 kt-pane_a45f57-5a\"><div class=\"kt-accordion-header-wrap\"><button class=\"kt-blocks-accordion-header kt-acccordion-button-label-show\"><span class=\"kt-blocks-accordion-title-wrap\"><span class=\"kt-blocks-accordion-title\">\u00bfC\u00f3mo puedo ponerme en contacto con NoBan Stream?<\/span><\/span><span class=\"kt-blocks-accordion-icon-trigger\"><\/span><\/button><\/div><div class=\"kt-accordion-panel kt-accordion-panel-hidden\"><div class=\"kt-accordion-panel-inner\">\n<p>Es una pregunta f\u00e1cil. <a href=\"https:\/\/noban.stream\/es\/contacta-con-nosotros\/\" data-type=\"page\" data-id=\"697\" class=\"rank-math-link\">S\u00f3lo tienes que rellenar nuestro formulario de contacto<\/a>.<\/p>\n<\/div><\/div><\/div>\n<\/div><\/div><\/div>","protected":false},"excerpt":{"rendered":"<p>Preguntas generales sobre NoBan.Stream<\/p>","protected":false},"author":1,"featured_media":0,"parent":0,"menu_order":0,"comment_status":"closed","ping_status":"closed","template":"","meta":{"_seopress_robots_primary_cat":"","_seopress_titles_title":"","_seopress_titles_desc":"","_seopress_robots_index":"","_kad_blocks_custom_css":"","_kad_blocks_head_custom_js":"","_kad_blocks_body_custom_js":"","_kad_blocks_footer_custom_js":"","_kad_post_transparent":"","_kad_post_title":"","_kad_post_layout":"","_kad_post_sidebar_id":"","_kad_post_content_style":"","_kad_post_vertical_padding":"","_kad_post_feature":"","_kad_post_feature_position":"","_kad_post_header":false,"_kad_post_footer":false,"_kad_post_classname":"","footnotes":""},"class_list":["post-1067","page","type-page","status-publish","hentry"],"taxonomy_info":[],"featured_image_src_large":false,"author_info":{"display_name":"Julien","author_link":"https:\/\/noban.stream\/es\/author\/nbsadminpro\/"},"comment_info":0,"_links":{"self":[{"href":"https:\/\/noban.stream\/es\/wp-json\/wp\/v2\/pages\/1067","targetHints":{"allow":["GET"]}}],"collection":[{"href":"https:\/\/noban.stream\/es\/wp-json\/wp\/v2\/pages"}],"about":[{"href":"https:\/\/noban.stream\/es\/wp-json\/wp\/v2\/types\/page"}],"author":[{"embeddable":true,"href":"https:\/\/noban.stream\/es\/wp-json\/wp\/v2\/users\/1"}],"replies":[{"embeddable":true,"href":"https:\/\/noban.stream\/es\/wp-json\/wp\/v2\/comments?post=1067"}],"version-history":[{"count":0,"href":"https:\/\/noban.stream\/es\/wp-json\/wp\/v2\/pages\/1067\/revisions"}],"wp:attachment":[{"href":"https:\/\/noban.stream\/es\/wp-json\/wp\/v2\/media?parent=1067"}],"curies":[{"name":"wp","href":"https:\/\/api.w.org\/{rel}","templated":true}]}}