{"id":1067,"date":"2021-05-02T08:28:50","date_gmt":"2021-05-02T08:28:50","guid":{"rendered":"https:\/\/noban.stream\/?page_id=1067"},"modified":"2021-06-01T12:38:25","modified_gmt":"2021-06-01T10:38:25","slug":"faq","status":"publish","type":"page","link":"https:\/\/noban.stream\/fr\/faq\/","title":{"rendered":"FAQ et politique d'utilisation"},"content":{"rendered":"<p>Questions g\u00e9n\u00e9rales sur NoBan.Stream<\/p>\n\n\n<style>.kt-accordion-id_1998d6-bc .kt-accordion-inner-wrap{column-gap:var(--global-kb-gap-md, 2rem);row-gap:10px;}.kt-accordion-id_1998d6-bc .kt-accordion-panel-inner{border-top-width:0px;border-right-width:0px;border-bottom-width:0px;border-left-width:0px;border-top-left-radius:0px;border-top-right-radius:0px;border-bottom-right-radius:7px;border-bottom-left-radius:7px;background:var(--global-palette9, #ffffff);padding-top:var(--global-kb-spacing-sm, 1.5rem);padding-right:var(--global-kb-spacing-sm, 1.5rem);padding-bottom:var(--global-kb-spacing-sm, 1.5rem);padding-left:var(--global-kb-spacing-sm, 1.5rem);}.kt-accordion-id_1998d6-bc > .kt-accordion-inner-wrap > .wp-block-kadence-pane > .kt-accordion-header-wrap > .kt-blocks-accordion-header{border-top-width:0px;border-right-width:0px;border-bottom-width:0px;border-left-width:0px;border-top-left-radius:7px;border-top-right-radius:7px;border-bottom-right-radius:7px;border-bottom-left-radius:7px;background:var(--global-palette1, #3182CE);font-size:18px;line-height:24px;font-weight:bold;color:var(--global-palette9, #ffffff);padding-top:14px;padding-right:16px;padding-bottom:14px;padding-left:16px;}.kt-accordion-id_1998d6-bc:not( .kt-accodion-icon-style-basiccircle ):not( .kt-accodion-icon-style-xclosecircle ):not( .kt-accodion-icon-style-arrowcircle )  > .kt-accordion-inner-wrap > .wp-block-kadence-pane > .kt-accordion-header-wrap .kt-blocks-accordion-icon-trigger:after, .kt-accordion-id_1998d6-bc:not( .kt-accodion-icon-style-basiccircle ):not( .kt-accodion-icon-style-xclosecircle ):not( .kt-accodion-icon-style-arrowcircle )  > .kt-accordion-inner-wrap > .wp-block-kadence-pane > .kt-accordion-header-wrap .kt-blocks-accordion-icon-trigger:before{background:var(--global-palette9, #ffffff);}.kt-accordion-id_1998d6-bc:not( .kt-accodion-icon-style-basic ):not( .kt-accodion-icon-style-xclose ):not( .kt-accodion-icon-style-arrow ) .kt-blocks-accordion-icon-trigger{background:var(--global-palette9, #ffffff);}.kt-accordion-id_1998d6-bc:not( .kt-accodion-icon-style-basic ):not( .kt-accodion-icon-style-xclose ):not( .kt-accodion-icon-style-arrow ) .kt-blocks-accordion-icon-trigger:after, .kt-accordion-id_1998d6-bc:not( .kt-accodion-icon-style-basic ):not( .kt-accodion-icon-style-xclose ):not( .kt-accodion-icon-style-arrow ) .kt-blocks-accordion-icon-trigger:before{background:var(--global-palette1, #3182CE);}.kt-accordion-id_1998d6-bc > .kt-accordion-inner-wrap > .wp-block-kadence-pane > .kt-accordion-header-wrap > .kt-blocks-accordion-header:hover, \n\t\t\t\tbody:not(.hide-focus-outline) .kt-accordion-id_1998d6-bc .kt-blocks-accordion-header:focus-visible{color:var(--global-palette3, #1A202C);background:var(--global-palette7, #EDF2F7);}.kt-accordion-id_1998d6-bc:not( .kt-accodion-icon-style-basiccircle ):not( .kt-accodion-icon-style-xclosecircle ):not( .kt-accodion-icon-style-arrowcircle ) .kt-accordion-header-wrap .kt-blocks-accordion-header:hover .kt-blocks-accordion-icon-trigger:after, .kt-accordion-id_1998d6-bc:not( .kt-accodion-icon-style-basiccircle ):not( .kt-accodion-icon-style-xclosecircle ):not( .kt-accodion-icon-style-arrowcircle ) .kt-accordion-header-wrap .kt-blocks-accordion-header:hover .kt-blocks-accordion-icon-trigger:before, body:not(.hide-focus-outline) .kt-accordion-id_1998d6-bc:not( .kt-accodion-icon-style-basiccircle ):not( .kt-accodion-icon-style-xclosecircle ):not( .kt-accodion-icon-style-arrowcircle ) .kt-blocks-accordion--visible .kt-blocks-accordion-icon-trigger:after, body:not(.hide-focus-outline) .kt-accordion-id_1998d6-bc:not( .kt-accodion-icon-style-basiccircle ):not( .kt-accodion-icon-style-xclosecircle ):not( .kt-accodion-icon-style-arrowcircle ) .kt-blocks-accordion-header:focus-visible .kt-blocks-accordion-icon-trigger:before{background:var(--global-palette3, #1A202C);}.kt-accordion-id_1998d6-bc:not( .kt-accodion-icon-style-basic ):not( .kt-accodion-icon-style-xclose ):not( .kt-accodion-icon-style-arrow ) .kt-accordion-header-wrap .kt-blocks-accordion-header:hover .kt-blocks-accordion-icon-trigger, body:not(.hide-focus-outline) .kt-accordion-id_1998d6-bc:not( .kt-accodion-icon-style-basic ):not( .kt-accodion-icon-style-xclose ):not( .kt-accodion-icon-style-arrow ) .kt-accordion-header-wrap .kt-blocks-accordion-header:focus-visible .kt-blocks-accordion-icon-trigger{background:var(--global-palette3, #1A202C);}.kt-accordion-id_1998d6-bc:not( .kt-accodion-icon-style-basic ):not( .kt-accodion-icon-style-xclose ):not( .kt-accodion-icon-style-arrow ) .kt-accordion-header-wrap .kt-blocks-accordion-header:hover .kt-blocks-accordion-icon-trigger:after, .kt-accordion-id_1998d6-bc:not( .kt-accodion-icon-style-basic ):not( .kt-accodion-icon-style-xclose ):not( .kt-accodion-icon-style-arrow ) .kt-accordion-header-wrap .kt-blocks-accordion-header:hover .kt-blocks-accordion-icon-trigger:before, body:not(.hide-focus-outline) .kt-accordion-id_1998d6-bc:not( .kt-accodion-icon-style-basic ):not( .kt-accodion-icon-style-xclose ):not( .kt-accodion-icon-style-arrow ) .kt-accordion-header-wrap .kt-blocks-accordion-header:focus-visible .kt-blocks-accordion-icon-trigger:after, body:not(.hide-focus-outline) .kt-accordion-id_1998d6-bc:not( .kt-accodion-icon-style-basic ):not( .kt-accodion-icon-style-xclose ):not( .kt-accodion-icon-style-arrow ) .kt-accordion-header-wrap .kt-blocks-accordion-header:focus-visible .kt-blocks-accordion-icon-trigger:before{background:var(--global-palette7, #EDF2F7);}.kt-accordion-id_1998d6-bc .kt-accordion-header-wrap .kt-blocks-accordion-header:focus-visible,\n\t\t\t\t.kt-accordion-id_1998d6-bc > .kt-accordion-inner-wrap > .wp-block-kadence-pane > .kt-accordion-header-wrap > .kt-blocks-accordion-header.kt-accordion-panel-active{color:var(--global-palette3, #1A202C);background:var(--global-palette7, #EDF2F7);}.kt-accordion-id_1998d6-bc:not( .kt-accodion-icon-style-basiccircle ):not( .kt-accodion-icon-style-xclosecircle ):not( .kt-accodion-icon-style-arrowcircle )  > .kt-accordion-inner-wrap > .wp-block-kadence-pane > .kt-accordion-header-wrap > .kt-blocks-accordion-header.kt-accordion-panel-active .kt-blocks-accordion-icon-trigger:after, .kt-accordion-id_1998d6-bc:not( .kt-accodion-icon-style-basiccircle ):not( .kt-accodion-icon-style-xclosecircle ):not( .kt-accodion-icon-style-arrowcircle )  > .kt-accordion-inner-wrap > .wp-block-kadence-pane > .kt-accordion-header-wrap > .kt-blocks-accordion-header.kt-accordion-panel-active .kt-blocks-accordion-icon-trigger:before{background:var(--global-palette3, #1A202C);}.kt-accordion-id_1998d6-bc:not( .kt-accodion-icon-style-basic ):not( .kt-accodion-icon-style-xclose ):not( .kt-accodion-icon-style-arrow ) .kt-blocks-accordion-header.kt-accordion-panel-active .kt-blocks-accordion-icon-trigger{background:var(--global-palette3, #1A202C);}.kt-accordion-id_1998d6-bc:not( .kt-accodion-icon-style-basic ):not( .kt-accodion-icon-style-xclose ):not( .kt-accodion-icon-style-arrow ) .kt-blocks-accordion-header.kt-accordion-panel-active .kt-blocks-accordion-icon-trigger:after, .kt-accordion-id_1998d6-bc:not( .kt-accodion-icon-style-basic ):not( .kt-accodion-icon-style-xclose ):not( .kt-accodion-icon-style-arrow ) .kt-blocks-accordion-header.kt-accordion-panel-active .kt-blocks-accordion-icon-trigger:before{background:var(--global-palette7, #EDF2F7);}@media all and (max-width: 767px){.kt-accordion-id_1998d6-bc .kt-accordion-inner-wrap{display:block;}.kt-accordion-id_1998d6-bc .kt-accordion-inner-wrap .kt-accordion-pane:not(:first-child){margin-top:10px;}}<\/style>\n<div class=\"wp-block-kadence-accordion alignnone hp-acc\"><div class=\"kt-accordion-wrap kt-accordion-wrap kt-accordion-id_1998d6-bc kt-accordion-has-24-panes kt-active-pane-0 kt-accordion-block kt-pane-header-alignment-left kt-accodion-icon-style-arrow kt-accodion-icon-side-right\" style=\"max-width:none\"><div class=\"kt-accordion-inner-wrap\" data-allow-multiple-open=\"true\" data-start-open=\"none\">\n<div class=\"wp-block-kadence-pane kt-accordion-pane kt-accordion-pane-17 kt-pane_b4201d-cf\"><div class=\"kt-accordion-header-wrap\"><button class=\"kt-blocks-accordion-header kt-acccordion-button-label-show\"><span class=\"kt-blocks-accordion-title-wrap\"><span class=\"kt-blocks-accordion-title\">Qu'est-ce que NoBan Stream ?<\/span><\/span><span class=\"kt-blocks-accordion-icon-trigger\"><\/span><\/button><\/div><div class=\"kt-accordion-panel kt-accordion-panel-hidden\"><div class=\"kt-accordion-panel-inner\">\n<p><strong>R\u00e9ponse courte : Ton meilleur ami en mati\u00e8re de contenu<\/strong><\/p>\n\n\n\n<p>R\u00e9ponse longue : NoBan Stream est un service de streaming musical qui propose .&nbsp;<strong>chansons libres de droits pour les streamers<\/strong>&nbsp;et les cr\u00e9ateurs de contenu ! Avec plus de <a href=\"https:\/\/noban.stream\/fr\/artistes\/\" data-type=\"page\" data-id=\"829\" class=\"rank-math-link\">artistes<\/a> En te joignant chaque jour, tu auras une s\u00e9lection de musique toujours plus grande \u00e0 port\u00e9e de main sans craindre d'\u00eatre frapp\u00e9 par une attaque DMCA. <\/p>\n\n\n\n<p>Pas d'abonnement n\u00e9cessaire &amp; <a href=\"https:\/\/noban.stream\/fr\/plateformes-de-diffusion-en-continu\/\" data-type=\"page\" data-id=\"1999\" class=\"rank-math-link\">disponible sur toutes les principales plateformes de streaming<\/a>!<\/p>\n<\/div><\/div><\/div>\n\n\n\n<div class=\"wp-block-kadence-pane kt-accordion-pane kt-accordion-pane-1 kt-pane_c013c7-39\"><div class=\"kt-accordion-header-wrap\"><button class=\"kt-blocks-accordion-header kt-acccordion-button-label-show\"><span class=\"kt-blocks-accordion-title-wrap\"><span class=\"kt-blocks-accordion-title\">La musique de NoBan Stream est-elle gratuite ?<\/span><\/span><span class=\"kt-blocks-accordion-icon-trigger\"><\/span><\/button><\/div><div class=\"kt-accordion-panel kt-accordion-panel-hidden\"><div class=\"kt-accordion-panel-inner\">\n<p class=\"has-theme-palette-3-color has-text-color\"><strong>Oui, la musique NoBan Stream est libre de droits ! <\/strong>Tu peux commencer \u00e0 y jouer sur ton <a href=\"https:\/\/noban.stream\/fr\/plateformes-de-diffusion-en-continu\/\" data-type=\"page\" data-id=\"1999\" class=\"rank-math-link\">service de streaming pr\u00e9f\u00e9r\u00e9<\/a> tout de suite <strong>sans avoir \u00e0 s'abonner et \u00e0 s'inscrire<\/strong> pour quoi que ce soit.<\/p>\n<\/div><\/div><\/div>\n\n\n\n<div class=\"wp-block-kadence-pane kt-accordion-pane kt-accordion-pane-15 kt-pane_1e6733-98\"><div class=\"kt-accordion-header-wrap\"><button class=\"kt-blocks-accordion-header kt-acccordion-button-label-show\"><span class=\"kt-blocks-accordion-title-wrap\"><span class=\"kt-blocks-accordion-title\">O\u00f9 puis-je trouver de la musique NoBan Stream ?<\/span><\/span><span class=\"kt-blocks-accordion-icon-trigger\"><\/span><\/button><\/div><div class=\"kt-accordion-panel kt-accordion-panel-hidden\"><div class=\"kt-accordion-panel-inner\">\n<p>Tu peux trouver la musique de NoBan Stream sur toutes les principales plateformes de streaming, telles que <a href=\"https:\/\/open.spotify.com\/album\/7o9AvbLg5c04G6g9G7YNNm\" class=\"rank-math-link\">Spotify<\/a>, <a href=\"https:\/\/music.apple.com\/be\/artist\/noban-stream\/1568492735\" class=\"rank-math-link\">Apple Music<\/a>et <a href=\"https:\/\/music.amazon.com\/artists\/B095HYWQR4\/noban-stream\" class=\"rank-math-link\">Amazon Music<\/a>. <a href=\"https:\/\/noban.stream\/fr\/plateformes-de-diffusion-en-continu\/\" data-type=\"page\" data-id=\"1999\" class=\"rank-math-link\">Toutes les plateformes de streaming sont r\u00e9f\u00e9renc\u00e9es ici<\/a>.<\/p>\n\n\n\n<p>Nous travaillons toujours avec notre distributeur pour que notre musique soit diffus\u00e9e sur le plus grand nombre de plateformes de streaming possible.<\/p>\n<\/div><\/div><\/div>\n\n\n\n<div class=\"wp-block-kadence-pane kt-accordion-pane kt-accordion-pane-21 kt-pane_f4c8a5-da\"><div class=\"kt-accordion-header-wrap\"><button class=\"kt-blocks-accordion-header kt-acccordion-button-label-show\"><span class=\"kt-blocks-accordion-title-wrap\"><span class=\"kt-blocks-accordion-title\">Puis-je utiliser NoBan Stream sur Instagram ?<\/span><\/span><span class=\"kt-blocks-accordion-icon-trigger\"><\/span><\/button><\/div><div class=\"kt-accordion-panel kt-accordion-panel-hidden\"><div class=\"kt-accordion-panel-inner\">\n<p><strong>R\u00e9ponse courte : Oui<\/strong>&nbsp;<\/p>\n\n\n\n<p>R\u00e9ponse longue : Il y a plusieurs fa\u00e7ons d'ajouter de la musique \u00e0 tes histoires. Il suffit de s\u00e9lectionner l'autocollant dans la barre d'outils, puis l'autocollant de musique. <\/p>\n\n\n\n<p>Tout le catalogue de NoBan Stream est disponible sur Instagram.<\/p>\n<\/div><\/div><\/div>\n\n\n\n<div class=\"wp-block-kadence-pane kt-accordion-pane kt-accordion-pane-9 kt-pane_62f0c3-61\"><div class=\"kt-accordion-header-wrap\"><button class=\"kt-blocks-accordion-header kt-acccordion-button-label-show\"><span class=\"kt-blocks-accordion-title-wrap\"><span class=\"kt-blocks-accordion-title\">Puis-je utiliser la musique du flux NoBan dans mes vid\u00e9os sur Twitch ou YouTube ?<\/span><\/span><span class=\"kt-blocks-accordion-icon-trigger\"><\/span><\/button><\/div><div class=\"kt-accordion-panel kt-accordion-panel-hidden\"><div class=\"kt-accordion-panel-inner\">\n<p><strong>R\u00e9ponse courte : Oui<\/strong>&nbsp;<\/p>\n\n\n\n<p><strong>R\u00e9ponse longue : Toujours oui !<\/strong> <br>Si tu souhaites nous cr\u00e9diter, n'h\u00e9site pas \u00e0 le faire ! Nous avons besoin de tout le soutien que tu peux nous apporter. <br>Copie-colle simplement les \u00e9l\u00e9ments suivants dans la description de ta vid\u00e9o ou de ton flux, ou donne un coup de chapeau lorsque c'est possible :<\/p>\n\n\n\n<p>Musique libre de droits fournie par <a href=\"https:\/\/noban.stream\/fr\/\" class=\"rank-math-link\">https:\/\/noban.stream<\/a> <br><br>Le bouche \u00e0 oreille est un outil puissant \u00e0 notre \u00e9poque. Pour faire conna\u00eetre notre plateforme, nous serions ravis que tu nous partages avec tes t\u00e9l\u00e9spectateurs, tes followers et tes amis ! <\/p>\n<\/div><\/div><\/div>\n\n\n\n<div class=\"wp-block-kadence-pane kt-accordion-pane kt-accordion-pane-11 kt-pane_385884-47\"><div class=\"kt-accordion-header-wrap\"><button class=\"kt-blocks-accordion-header kt-acccordion-button-label-show\"><span class=\"kt-blocks-accordion-title-wrap\"><span class=\"kt-blocks-accordion-title\">Dois-je cr\u00e9diter la ou les chansons que j'utilise ?<\/span><\/span><span class=\"kt-blocks-accordion-icon-trigger\"><\/span><\/button><\/div><div class=\"kt-accordion-panel kt-accordion-panel-hidden\"><div class=\"kt-accordion-panel-inner\">\n<p><strong>R\u00e9ponses courtes : Non<\/strong><\/p>\n\n\n\n<p><strong>R\u00e9ponse longue : Toujours pas.<\/strong> <br>Cependant, nous appr\u00e9cierions un peu de cr\u00e9dit. Nous avons besoin de tout le soutien possible.<br>Copie-colle ce qui suit dans la description de ta vid\u00e9o ou de ton flux, et nous saurons que cela vient d'un spectateur : <br><br>Musique libre de droits fournie par <a href=\"https:\/\/noban.stream\/fr\/\">https:\/\/noban.stream<\/a><\/p>\n<\/div><\/div><\/div>\n\n\n\n<div class=\"wp-block-kadence-pane kt-accordion-pane kt-accordion-pane-14 kt-pane_8d33d3-21\"><div class=\"kt-accordion-header-wrap\"><button class=\"kt-blocks-accordion-header kt-acccordion-button-label-show\"><span class=\"kt-blocks-accordion-title-wrap\"><span class=\"kt-blocks-accordion-title\">Puis-je cr\u00e9er ma propre liste de lecture ?<\/span><\/span><span class=\"kt-blocks-accordion-icon-trigger\"><\/span><\/button><\/div><div class=\"kt-accordion-panel kt-accordion-panel-hidden\"><div class=\"kt-accordion-panel-inner\">\n<p><strong>R\u00e9ponse courte : Oui<\/strong><\/p>\n\n\n\n<p>Quelle meilleure fa\u00e7on de communiquer avec tes t\u00e9l\u00e9spectateurs que de cr\u00e9er ta propre liste de lecture avec de la musique de chez nous et d'autres !<\/p>\n\n\n\n<p>N'oublie pas : si tu cr\u00e9es ta propre liste de lecture et ton propre m\u00e9lange. <a href=\"https:\/\/noban.stream\/fr\/listes-de-lecture\/\" data-type=\"page\" data-id=\"1367\" class=\"rank-math-link\">NoBan Stream de musique libre de droits<\/a> avec d'autres producteurs et auteurs de chansons, assure-toi que les autres sont \u00e9galement libres de droits. <\/p>\n\n\n\n<p>Si tu m\u00e9langes avec de la musique prot\u00e9g\u00e9e par des droits d'auteur, tu peux quand m\u00eame avoir des probl\u00e8mes et recevoir une notification DMCA.<\/p>\n<\/div><\/div><\/div>\n\n\n\n<div class=\"wp-block-kadence-pane kt-accordion-pane kt-accordion-pane-10 kt-pane_1d2a03-9f\"><div class=\"kt-accordion-header-wrap\"><button class=\"kt-blocks-accordion-header kt-acccordion-button-label-show\"><span class=\"kt-blocks-accordion-title-wrap\"><span class=\"kt-blocks-accordion-title\">Puis-je mon\u00e9tiser ma vid\u00e9o si j'ai utilis\u00e9 la musique NoBan Stream ?<\/span><\/span><span class=\"kt-blocks-accordion-icon-trigger\"><\/span><\/button><\/div><div class=\"kt-accordion-panel kt-accordion-panel-hidden\"><div class=\"kt-accordion-panel-inner\">\n<p><strong>Oui<\/strong>Mais assure-toi de suivre les directives de notre politique d'utilisation.<\/p>\n<\/div><\/div><\/div>\n\n\n\n<div class=\"wp-block-kadence-pane kt-accordion-pane kt-accordion-pane-23 kt-pane_328f53-ba\"><div class=\"kt-accordion-header-wrap\"><button class=\"kt-blocks-accordion-header kt-acccordion-button-label-show\"><span class=\"kt-blocks-accordion-title-wrap\"><span class=\"kt-blocks-accordion-title\">Puis-je utiliser la musique de NoBan Stream pour cr\u00e9er ma propre chanson ou ma propre publication ?<\/span><\/span><span class=\"kt-blocks-accordion-icon-trigger\"><\/span><\/button><\/div><div class=\"kt-accordion-panel kt-accordion-panel-hidden\"><div class=\"kt-accordion-panel-inner\">\n<p><strong>R\u00e9ponse courte : Non<\/strong><\/p>\n\n\n\n<p>R\u00e9ponse longue : La musique est la n\u00f4tre. C'est une \u00e9vidence. Nous ne voulons pas que tu t\u00e9l\u00e9charges nos chansons et que tu les t\u00e9l\u00e9charges sur des plateformes de streaming et que tu en revendiques la propri\u00e9t\u00e9. Ce serait mauvais pour notre travail et nos artistes.<\/p>\n\n\n\n<p>Nous te donnons cependant la permission d'utiliser librement notre musique pour tes besoins de contenu. Tu peux raccourcir, mettre en boucle ou fondre dans d'autres sons pour ton flux et ton contenu. <\/p>\n\n\n\n<p>Tu peux m\u00eame faire une reprise si tu en as envie ! (Nous ADORONS les reprises !) Si tu le fais, donne-nous un shoutout sur les m\u00e9dias sociaux pour que nous puissions fanboyer sur ta musique.<\/p>\n<\/div><\/div><\/div>\n\n\n\n<div class=\"wp-block-kadence-pane kt-accordion-pane kt-accordion-pane-22 kt-pane_8d7ad3-62\"><div class=\"kt-accordion-header-wrap\"><button class=\"kt-blocks-accordion-header kt-acccordion-button-label-show\"><span class=\"kt-blocks-accordion-title-wrap\"><span class=\"kt-blocks-accordion-title\">Quelles sont les restrictions d'utilisation concernant la musique NoBan Stream ? <\/span><\/span><span class=\"kt-blocks-accordion-icon-trigger\"><\/span><\/button><\/div><div class=\"kt-accordion-panel kt-accordion-panel-hidden\"><div class=\"kt-accordion-panel-inner\">\n<p>Nous n'avons que quelques restrictions. Nous avons le droit de nous opposer, et nous ne supporterons aucun contenu que nous jugeons inacceptable. <\/p>\n\n\n\n<p>Cela inclut, mais n'est pas limit\u00e9 \u00e0 :<\/p>\n\n\n\n<ul class=\"wp-block-list\"><li>L'utilisation de la musique dans les vid\u00e9os de discours haineux<\/li><li>Mat\u00e9riel ill\u00e9gal ou \u00e0 th\u00e8me sexuel (pornographique)<\/li><\/ul>\n<\/div><\/div><\/div>\n\n\n\n<div class=\"wp-block-kadence-pane kt-accordion-pane kt-accordion-pane-12 kt-pane_0f4b4a-66\"><div class=\"kt-accordion-header-wrap\"><button class=\"kt-blocks-accordion-header kt-acccordion-button-label-show\"><span class=\"kt-blocks-accordion-title-wrap\"><span class=\"kt-blocks-accordion-title\">Vais-je faire l'objet d'une r\u00e9clamation ou d'une gr\u00e8ve des droits d'auteur si j'utilise une piste NoBan Stream dans ma vid\u00e9o ?<\/span><\/span><span class=\"kt-blocks-accordion-icon-trigger\"><\/span><\/button><\/div><div class=\"kt-accordion-panel kt-accordion-panel-hidden\"><div class=\"kt-accordion-panel-inner\">\n<p><strong>Non, tu ne le feras pas.<\/strong> <\/p>\n\n\n\n<p>Si cela s'est d\u00e9j\u00e0 produit avec NoBan Stream music et que tu as besoin d'aide, merci de bien vouloir <a href=\"https:\/\/noban.stream\/fr\/faq\/twitch-stream-muted\/\">nous contacter<\/a> avec le nom de la chanson qui a d\u00e9clench\u00e9 cet \u00e9v\u00e9nement pour que nous puissions te recontacter.<\/p>\n<\/div><\/div><\/div>\n\n\n\n<div class=\"wp-block-kadence-pane kt-accordion-pane kt-accordion-pane-13 kt-pane_a5822a-3f\"><div class=\"kt-accordion-header-wrap\"><button class=\"kt-blocks-accordion-header kt-acccordion-button-label-show\"><span class=\"kt-blocks-accordion-title-wrap\"><span class=\"kt-blocks-accordion-title\">Mon flux Twitch a \u00e9t\u00e9 coup\u00e9. Qu'est-ce qui se passe maintenant ?<\/span><\/span><span class=\"kt-blocks-accordion-icon-trigger\"><\/span><\/button><\/div><div class=\"kt-accordion-panel kt-accordion-panel-hidden\"><div class=\"kt-accordion-panel-inner\">\n<p>Nous comprenons que tu sois en col\u00e8re \u00e0 cause de la r\u00e9cente mise en sourdine de ton contenu. Mais, malheureusement, il n'existe pas de syst\u00e8me interne d'identification des droits d'auteur pour les cha\u00eenes Twitch permettant de v\u00e9rifier si une chanson a \u00e9t\u00e9 cr\u00e9\u00e9e par quelqu'un d'autre.<\/p>\n\n\n\n<p>Si ton flux est mis en sourdine, cela signifie qu'un \u00e9l\u00e9ment de l'\u00e9mission signal\u00e9 comme \u00e9tant un contenu prot\u00e9g\u00e9 par des droits d'auteur a \u00e9t\u00e9 diffus\u00e9 d'une mani\u00e8re ou d'une autre. Si cela s'est d\u00e9j\u00e0 produit avec la musique de NoBan Stream et que tu as besoin d'aide, n'h\u00e9site pas \u00e0 <a href=\"https:\/\/noban.stream\/fr\/faq\/twitch-stream-muted\/\" data-type=\"page\" data-id=\"1101\">nous contacter<\/a> avec le nom de la chanson qui a d\u00e9clench\u00e9 cet \u00e9v\u00e9nement pour que nous puissions te recontacter.<\/p>\n<\/div><\/div><\/div>\n\n\n\n<div class=\"wp-block-kadence-pane kt-accordion-pane kt-accordion-pane-24 kt-pane_f498de-5d\"><div class=\"kt-accordion-header-wrap\"><button class=\"kt-blocks-accordion-header kt-acccordion-button-label-show\"><span class=\"kt-blocks-accordion-title-wrap\"><span class=\"kt-blocks-accordion-title\">J'ai re\u00e7u une plainte\/gr\u00e8ve. Qu'est-ce que tu fais maintenant ?<\/span><\/span><span class=\"kt-blocks-accordion-icon-trigger\"><\/span><\/button><\/div><div class=\"kt-accordion-panel kt-accordion-panel-hidden\"><div class=\"kt-accordion-panel-inner\">\n<p>Les r\u00e9clamations injustifi\u00e9es et les erreurs peuvent se produire, et il s'agit g\u00e9n\u00e9ralement de d\u00e9tails techniques. Si la r\u00e9clamation\/strike sur ta cha\u00eene est li\u00e9e \u00e0 la musique NoBan Stream, merci de bien vouloir <a href=\"https:\/\/noban.stream\/fr\/faq\/soutien-a-la-revendication\/\" data-type=\"page\" data-id=\"1121\">contacte-nous avec le formulaire de support suivant<\/a>.<\/p>\n<\/div><\/div><\/div>\n\n\n\n<div class=\"wp-block-kadence-pane kt-accordion-pane kt-accordion-pane-16 kt-pane_145d9f-aa\"><div class=\"kt-accordion-header-wrap\"><button class=\"kt-blocks-accordion-header kt-acccordion-button-label-show\"><span class=\"kt-blocks-accordion-title-wrap\"><span class=\"kt-blocks-accordion-title\">J'ai une demande pour plus de musique ! Comment puis-je partager mes id\u00e9es ?<\/span><\/span><span class=\"kt-blocks-accordion-icon-trigger\"><\/span><\/button><\/div><div class=\"kt-accordion-panel kt-accordion-panel-hidden\"><div class=\"kt-accordion-panel-inner\">\n<p>Nous aimerions savoir quel type de musique tu aimerais voir ajout\u00e9 \u00e0 NoBan Stream.<\/p>\n\n\n\n<p>Fais-nous part de tes commentaires gr\u00e2ce \u00e0 notre <a href=\"https:\/\/noban.stream\/fr\/demande-plus-de-musique\/\" data-type=\"page\" data-id=\"1076\"><a href=\"https:\/\/noban.stream\/fr\/faq\/demande-plus-de-musique\/\" data-type=\"page\" data-id=\"1076\" class=\"rank-math-link\">formulaire de demande<\/a><\/a> le type de musique qui te fera avancer et ce que tu aimerais partager dans tes \u00e9missions.<\/p>\n<\/div><\/div><\/div>\n\n\n\n<div class=\"wp-block-kadence-pane kt-accordion-pane kt-accordion-pane-19 kt-pane_a45f57-5a\"><div class=\"kt-accordion-header-wrap\"><button class=\"kt-blocks-accordion-header kt-acccordion-button-label-show\"><span class=\"kt-blocks-accordion-title-wrap\"><span class=\"kt-blocks-accordion-title\">Comment puis-je contacter NoBan Stream ?<\/span><\/span><span class=\"kt-blocks-accordion-icon-trigger\"><\/span><\/button><\/div><div class=\"kt-accordion-panel kt-accordion-panel-hidden\"><div class=\"kt-accordion-panel-inner\">\n<p>C'est une question facile ! <a href=\"https:\/\/noban.stream\/fr\/nous-contacter\/\" data-type=\"page\" data-id=\"697\" class=\"rank-math-link\">Remplis notre formulaire de contact<\/a>.<\/p>\n<\/div><\/div><\/div>\n<\/div><\/div><\/div>","protected":false},"excerpt":{"rendered":"<p>Questions g\u00e9n\u00e9rales sur NoBan.Stream<\/p>","protected":false},"author":1,"featured_media":0,"parent":0,"menu_order":0,"comment_status":"closed","ping_status":"closed","template":"","meta":{"_seopress_robots_primary_cat":"","_seopress_titles_title":"","_seopress_titles_desc":"","_seopress_robots_index":"","_kad_blocks_custom_css":"","_kad_blocks_head_custom_js":"","_kad_blocks_body_custom_js":"","_kad_blocks_footer_custom_js":"","_kad_post_transparent":"","_kad_post_title":"","_kad_post_layout":"","_kad_post_sidebar_id":"","_kad_post_content_style":"","_kad_post_vertical_padding":"","_kad_post_feature":"","_kad_post_feature_position":"","_kad_post_header":false,"_kad_post_footer":false,"_kad_post_classname":"","footnotes":""},"class_list":["post-1067","page","type-page","status-publish","hentry"],"taxonomy_info":[],"featured_image_src_large":false,"author_info":{"display_name":"Julien","author_link":"https:\/\/noban.stream\/fr\/author\/nbsadminpro\/"},"comment_info":0,"_links":{"self":[{"href":"https:\/\/noban.stream\/fr\/wp-json\/wp\/v2\/pages\/1067","targetHints":{"allow":["GET"]}}],"collection":[{"href":"https:\/\/noban.stream\/fr\/wp-json\/wp\/v2\/pages"}],"about":[{"href":"https:\/\/noban.stream\/fr\/wp-json\/wp\/v2\/types\/page"}],"author":[{"embeddable":true,"href":"https:\/\/noban.stream\/fr\/wp-json\/wp\/v2\/users\/1"}],"replies":[{"embeddable":true,"href":"https:\/\/noban.stream\/fr\/wp-json\/wp\/v2\/comments?post=1067"}],"version-history":[{"count":0,"href":"https:\/\/noban.stream\/fr\/wp-json\/wp\/v2\/pages\/1067\/revisions"}],"wp:attachment":[{"href":"https:\/\/noban.stream\/fr\/wp-json\/wp\/v2\/media?parent=1067"}],"curies":[{"name":"wp","href":"https:\/\/api.w.org\/{rel}","templated":true}]}}