{"id":1076,"date":"2021-05-02T08:45:39","date_gmt":"2021-05-02T08:45:39","guid":{"rendered":"https:\/\/noban.stream\/?page_id=1076"},"modified":"2021-05-02T08:47:56","modified_gmt":"2021-05-02T08:47:56","slug":"request-for-more-music","status":"publish","type":"page","link":"https:\/\/noban.stream\/fr\/faq\/demande-plus-de-musique\/","title":{"rendered":"Demande plus de musique"},"content":{"rendered":"<style>.wp-block-kadence-advancedheading.kt-adv-heading_0a225e-05, .wp-block-kadence-advancedheading.kt-adv-heading_0a225e-05[data-kb-block=\"kb-adv-heading_0a225e-05\"]{font-style:normal;}.wp-block-kadence-advancedheading.kt-adv-heading_0a225e-05 mark.kt-highlight, .wp-block-kadence-advancedheading.kt-adv-heading_0a225e-05[data-kb-block=\"kb-adv-heading_0a225e-05\"] mark.kt-highlight{font-style:normal;color:#f76a0c;-webkit-box-decoration-break:clone;box-decoration-break:clone;padding-top:0px;padding-right:0px;padding-bottom:0px;padding-left:0px;}.wp-block-kadence-advancedheading.kt-adv-heading_0a225e-05 img.kb-inline-image, .wp-block-kadence-advancedheading.kt-adv-heading_0a225e-05[data-kb-block=\"kb-adv-heading_0a225e-05\"] img.kb-inline-image{width:150px;vertical-align:baseline;}<\/style>\n<h2 class=\"kt-adv-heading_0a225e-05 wp-block-kadence-advancedheading\" data-kb-block=\"kb-adv-heading_0a225e-05\">Nous aimerions savoir quel type de musique tu aimerais voir ajout\u00e9 \u00e0 NoBan Stream. <\/h2>\n\n\n<style>.wp-block-kadence-advancedheading.kt-adv-heading_58f60b-bc, .wp-block-kadence-advancedheading.kt-adv-heading_58f60b-bc[data-kb-block=\"kb-adv-heading_58f60b-bc\"]{margin-bottom:30px;font-style:normal;}.wp-block-kadence-advancedheading.kt-adv-heading_58f60b-bc mark.kt-highlight, .wp-block-kadence-advancedheading.kt-adv-heading_58f60b-bc[data-kb-block=\"kb-adv-heading_58f60b-bc\"] mark.kt-highlight{font-style:normal;color:#f76a0c;-webkit-box-decoration-break:clone;box-decoration-break:clone;padding-top:0px;padding-right:0px;padding-bottom:0px;padding-left:0px;}.wp-block-kadence-advancedheading.kt-adv-heading_58f60b-bc img.kb-inline-image, .wp-block-kadence-advancedheading.kt-adv-heading_58f60b-bc[data-kb-block=\"kb-adv-heading_58f60b-bc\"] img.kb-inline-image{width:150px;vertical-align:baseline;}<\/style>\n<p class=\"kt-adv-heading_58f60b-bc wp-block-kadence-advancedheading\" data-kb-block=\"kb-adv-heading_58f60b-bc\">Fais-nous savoir \u00e0 l'aide du formulaire ci-dessous quel type de musique te fait vibrer et ce que tu aimerais partager dans tes \u00e9missions.<\/p>\n\n\n<div class='fluentform ff-default fluentform_wrapper_3 ffs_default_wrap'><form data-form_id=\"3\" id=\"fluentform_3\" class=\"frm-fluent-form fluent_form_3 ff-el-form-top ff_form_instance_3_1 ff-form-loading ff_has_v3_recptcha ffs_default\" data-form_instance=\"ff_form_instance_3_1\" method=\"POST\" data-recptcha_key=\"6Lf8stApAAAAALBQ31CPWvP6bDZuxnljpbUtXMLa\" action=\"\" ><fieldset  style=\"border: none!important;margin: 0!important;padding: 0!important;background-color: transparent!important;box-shadow: none!important;outline: none!important; min-inline-size: 100%;\">\n                    <legend class=\"ff_screen_reader_title\" style=\"display: block; margin: 0!important;padding: 0!important;height: 0!important;text-indent: -999999px;width: 0!important;overflow:hidden;\">Formulaire de demande de genre musical<\/legend>        <div\n                style=\"display: none!important; position: absolute!important; transform: translateX(1000%)!important;\"\n                class=\"ff-el-group ff-hpsf-container\"\n        >\n            <div class=\"ff-el-input--label asterisk-right\">\n                <label for=\"ff_3_item_sf\" aria-label=\"Notify\">\n                    Notify                <\/label>\n            <\/div>\n            <div class=\"ff-el-input--content\">\n                <input type=\"text\"\n                       name=\"item_3__fluent_sf\"\n                       class=\"ff-el-form-control\"\n                       id=\"ff_3_item_sf\"\n                \/>\n            <\/div>\n        <\/div>\n        <input type='hidden' name='__fluent_form_embded_post_id' value='1076' \/><input type=\"hidden\" id=\"_fluentform_3_fluentformnonce\" name=\"_fluentform_3_fluentformnonce\" value=\"b7c098ce47\" \/><input type=\"hidden\" name=\"_wp_http_referer\" value=\"\/fr\/wp-json\/wp\/v2\/pages\/1076\" \/><div data-type=\"name-element\" data-name=\"names\" class=\"ff-field_container ff-name-field-wrapper\" ><div class='ff-t-container'><div class='ff-t-cell'><div class='ff-el-group'><div class=\"ff-el-input--label ff-el-is-required asterisk-right\"><label for='ff_3_names_first_name_' id='label_ff_3_names_first_name_' >Pr\u00e9nom<\/label><\/div><div class='ff-el-input--content'><input type=\"text\" name=\"names[first_name]\" id=\"ff_3_names_first_name_\" class=\"ff-el-form-control\" aria-invalid=\"false\" aria-required=\"true\"><\/div><\/div><\/div><div class='ff-t-cell'><div class='ff-el-group'><div class=\"ff-el-input--label ff-el-is-required asterisk-right\"><label for='ff_3_names_last_name_' id='label_ff_3_names_last_name_' >Nom de famille<\/label><\/div><div class='ff-el-input--content'><input type=\"text\" name=\"names[last_name]\" id=\"ff_3_names_last_name_\" class=\"ff-el-form-control\" aria-invalid=\"false\" aria-required=\"true\"><\/div><\/div><\/div><\/div><\/div><div class='ff-el-group'><div class=\"ff-el-input--label ff-el-is-required asterisk-right\"><label for='ff_3_email' id='label_ff_3_email' aria-label=\"Courriel\">Courriel<\/label><\/div><div class='ff-el-input--content'><input type=\"email\" name=\"email\" id=\"ff_3_email\" class=\"ff-el-form-control\" data-name=\"email\"  aria-invalid=\"false\" aria-required=\"true\"><\/div><\/div><div class='ff-el-group'><div class=\"ff-el-input--label ff-el-is-required asterisk-right\"><label for='ff_3_description' id='label_ff_3_description' aria-label=\"\u00c9cris ta suggestion de genre musical ci-dessous\">\u00c9cris ta suggestion de genre musical ci-dessous<\/label><\/div><div class='ff-el-input--content'><textarea aria-required=\"true\" aria-labelledby=\"label_ff_3_description\" name=\"description\" id=\"ff_3_description\" class=\"ff-el-form-control\" rows=\"4\" cols=\"2\" data-name=\"description\" ><\/textarea><\/div><\/div><div class='ff-el-group    ff-el-input--content'><div class='ff-el-form-check ff-el-tc'><label aria-label='Terms and Conditions: I agree that I have read the Privacy Policy Contains 1 link. Use tab navigation to review.' class='ff-el-form-check-label ff_tc_label' for=\"terms-n-condition_3dd1dc8ff3fee29c51e5f16cc791ad3d\"><span class='ff_tc_checkbox'><input type=\"checkbox\" name=\"terms-n-condition\" class=\"ff-el-form-check-input\" data-name=\"terms-n-condition\" id=\"terms-n-condition_3dd1dc8ff3fee29c51e5f16cc791ad3d\"  value='on' aria-invalid='false' aria-required=\"true\"><\/span> <div class='ff_t_c'><p>Je reconnais avoir lu le <a href=\"https:\/\/noban.stream\/fr\/politique-de-confidentialite\/\">Politique de confidentialit\u00e9<\/a><\/p><\/div><\/label><\/div><\/div><div class='ff-el-group    ff-el-input--content'><div class='ff-el-form-check ff-el-tc'><label aria-label='Je consens \u00e0 ce que les informations donn\u00e9es soient stock\u00e9es par NoBan.Stream afin qu&#039;ils puissent r\u00e9pondre \u00e0 ma demande.' class='ff-el-form-check-label ff_tc_label' for=\"gdpr-agreement_527b81ea05a6b31dbc486b6456683024\"><span class='ff_tc_checkbox'><input type=\"checkbox\" name=\"gdpr-agreement\" class=\"ff-el-form-check-input ff_gdpr_field\" data-name=\"gdpr-agreement\" id=\"gdpr-agreement_527b81ea05a6b31dbc486b6456683024\"  value='on' aria-invalid='false' aria-required=\"true\"><\/span> <div class='ff_t_c'>Je consens \u00e0 ce que les informations donn\u00e9es soient stock\u00e9es par NoBan.Stream afin qu'ils puissent r\u00e9pondre \u00e0 ma demande.<\/div><\/label><\/div><\/div><div class='ff-el-group ff-text-left ff_submit_btn_wrapper'><button type=\"submit\" class=\"ff-btn ff-btn-submit ff-btn-md ff_btn_style\"  aria-label=\"Soumettre ton opinion\">Soumettre ton opinion<\/button><\/div>\t\t<div id=\"cf-turnstile-fluent-2378229560\"\r\n\t\tclass=\"cf-turnstile\" \t\tdata-sitekey=\"0x4AAAAAAA0jc1rF5MGmp9Ge\"\r\n\t\tdata-theme=\"light\"\r\n\t\tdata-language=\"auto\"\r\n\t\tdata-size=\"normal\"\r\n\t\tdata-retry=\"auto\" data-retry-interval=\"1000\"\r\n\t\tdata-refresh-expired=\"auto\"\r\n\t\tdata-action=\"fluent-form-3\"\r\n\t\t\t\tdata-appearance=\"always\"><\/div>\r\n\t\t\t<script>document.addEventListener(\"DOMContentLoaded\", function() { setTimeout(function(){ var e=document.getElementById(\"cf-turnstile-fluent-2378229560\"); e&&!e.innerHTML.trim()&&(turnstile.remove(\"#cf-turnstile-fluent-2378229560\"), turnstile.render(\"#cf-turnstile-fluent-2378229560\", {sitekey:\"0x4AAAAAAA0jc1rF5MGmp9Ge\"})); }, 100); });<\/script>\r\n\t\t\t<br class=\"cf-turnstile-br cf-turnstile-br-fluent-2378229560\">\r\n\t\t\t\t<style>#cf-turnstile-fluent-2378229560 { margin-left: -15px; }<\/style>\r\n\t\t<\/fieldset><input type=\"hidden\" name=\"trp-form-language\" value=\"fr\"\/><\/form><div id='fluentform_3_errors' class='ff-errors-in-stack ff_form_instance_3_1 ff-form-loading_errors ff_form_instance_3_1_errors'><\/div><\/div>            <script type=\"text\/javascript\">\n                window.fluent_form_ff_form_instance_3_1 = {\"id\":\"3\",\"ajaxUrl\":\"https:\\\/\\\/noban.stream\\\/wp-admin\\\/admin-ajax.php\",\"settings\":{\"layout\":{\"labelPlacement\":\"top\",\"helpMessagePlacement\":\"with_label\",\"errorMessagePlacement\":\"inline\",\"cssClassName\":\"\",\"asteriskPlacement\":\"asterisk-right\"},\"restrictions\":{\"denyEmptySubmission\":{\"enabled\":false}}},\"form_instance\":\"ff_form_instance_3_1\",\"form_id_selector\":\"fluentform_3\",\"rules\":{\"names[first_name]\":{\"required\":{\"value\":true,\"message\":\"First Name is required\"}},\"names[middle_name]\":{\"required\":{\"value\":false,\"message\":\"This field is required\"}},\"names[last_name]\":{\"required\":{\"value\":true,\"message\":\"Last Name is required\"}},\"email\":{\"required\":{\"value\":true,\"message\":\"Email is required\"},\"email\":{\"value\":true,\"message\":\"This field must contain a valid email\"}},\"description\":{\"required\":{\"value\":true,\"message\":\"Requested music genre is required\"}},\"terms-n-condition\":{\"required\":{\"value\":true,\"message\":\"Privacy Policy has to be read\"}},\"gdpr-agreement\":{\"required\":{\"value\":true,\"message\":\"Consent to share data is required\"}}},\"debounce_time\":300};\n                            <\/script>","protected":false},"excerpt":{"rendered":"<p>We&#8217;d love to hear what kind of music you&#8217;d like to see added to NoBan.Stream. Let us know with the form below what type of music get you going and what you&#8217;d like to share in your broadcasts.<\/p>","protected":false},"author":1,"featured_media":0,"parent":1067,"menu_order":0,"comment_status":"closed","ping_status":"closed","template":"","meta":{"_seopress_robots_primary_cat":"","_seopress_titles_title":"","_seopress_titles_desc":"","_seopress_robots_index":"","_kad_blocks_custom_css":"","_kad_blocks_head_custom_js":"","_kad_blocks_body_custom_js":"","_kad_blocks_footer_custom_js":"","_kad_post_transparent":"","_kad_post_title":"","_kad_post_layout":"","_kad_post_sidebar_id":"","_kad_post_content_style":"","_kad_post_vertical_padding":"","_kad_post_feature":"","_kad_post_feature_position":"","_kad_post_header":false,"_kad_post_footer":false,"_kad_post_classname":"","footnotes":""},"class_list":["post-1076","page","type-page","status-publish","hentry"],"taxonomy_info":[],"featured_image_src_large":false,"author_info":{"display_name":"Julien","author_link":"https:\/\/noban.stream\/fr\/author\/nbsadminpro\/"},"comment_info":0,"_links":{"self":[{"href":"https:\/\/noban.stream\/fr\/wp-json\/wp\/v2\/pages\/1076","targetHints":{"allow":["GET"]}}],"collection":[{"href":"https:\/\/noban.stream\/fr\/wp-json\/wp\/v2\/pages"}],"about":[{"href":"https:\/\/noban.stream\/fr\/wp-json\/wp\/v2\/types\/page"}],"author":[{"embeddable":true,"href":"https:\/\/noban.stream\/fr\/wp-json\/wp\/v2\/users\/1"}],"replies":[{"embeddable":true,"href":"https:\/\/noban.stream\/fr\/wp-json\/wp\/v2\/comments?post=1076"}],"version-history":[{"count":0,"href":"https:\/\/noban.stream\/fr\/wp-json\/wp\/v2\/pages\/1076\/revisions"}],"up":[{"embeddable":true,"href":"https:\/\/noban.stream\/fr\/wp-json\/wp\/v2\/pages\/1067"}],"wp:attachment":[{"href":"https:\/\/noban.stream\/fr\/wp-json\/wp\/v2\/media?parent=1076"}],"curies":[{"name":"wp","href":"https:\/\/api.w.org\/{rel}","templated":true}]}}