{"id":1067,"date":"2021-05-02T08:28:50","date_gmt":"2021-05-02T08:28:50","guid":{"rendered":"https:\/\/noban.stream\/?page_id=1067"},"modified":"2021-06-01T12:38:25","modified_gmt":"2021-06-01T10:38:25","slug":"faq","status":"publish","type":"page","link":"https:\/\/noban.stream\/pl\/faq\/","title":{"rendered":"Najcz\u0119\u015bciej zadawane pytania i zasady u\u017cytkowania"},"content":{"rendered":"<p>Og\u00f3lne pytania dotycz\u0105ce NoBan.Stream<\/p>\n\n\n<style>.kt-accordion-id_1998d6-bc .kt-accordion-inner-wrap{column-gap:var(--global-kb-gap-md, 2rem);row-gap:10px;}.kt-accordion-id_1998d6-bc .kt-accordion-panel-inner{border-top-width:0px;border-right-width:0px;border-bottom-width:0px;border-left-width:0px;border-top-left-radius:0px;border-top-right-radius:0px;border-bottom-right-radius:7px;border-bottom-left-radius:7px;background:var(--global-palette9, #ffffff);padding-top:var(--global-kb-spacing-sm, 1.5rem);padding-right:var(--global-kb-spacing-sm, 1.5rem);padding-bottom:var(--global-kb-spacing-sm, 1.5rem);padding-left:var(--global-kb-spacing-sm, 1.5rem);}.kt-accordion-id_1998d6-bc > .kt-accordion-inner-wrap > .wp-block-kadence-pane > .kt-accordion-header-wrap > .kt-blocks-accordion-header{border-top-width:0px;border-right-width:0px;border-bottom-width:0px;border-left-width:0px;border-top-left-radius:7px;border-top-right-radius:7px;border-bottom-right-radius:7px;border-bottom-left-radius:7px;background:var(--global-palette1, #3182CE);font-size:18px;line-height:24px;font-weight:bold;color:var(--global-palette9, #ffffff);padding-top:14px;padding-right:16px;padding-bottom:14px;padding-left:16px;}.kt-accordion-id_1998d6-bc:not( .kt-accodion-icon-style-basiccircle ):not( .kt-accodion-icon-style-xclosecircle ):not( .kt-accodion-icon-style-arrowcircle )  > .kt-accordion-inner-wrap > .wp-block-kadence-pane > .kt-accordion-header-wrap .kt-blocks-accordion-icon-trigger:after, .kt-accordion-id_1998d6-bc:not( .kt-accodion-icon-style-basiccircle ):not( .kt-accodion-icon-style-xclosecircle ):not( .kt-accodion-icon-style-arrowcircle )  > .kt-accordion-inner-wrap > .wp-block-kadence-pane > .kt-accordion-header-wrap .kt-blocks-accordion-icon-trigger:before{background:var(--global-palette9, #ffffff);}.kt-accordion-id_1998d6-bc:not( .kt-accodion-icon-style-basic ):not( .kt-accodion-icon-style-xclose ):not( .kt-accodion-icon-style-arrow ) .kt-blocks-accordion-icon-trigger{background:var(--global-palette9, #ffffff);}.kt-accordion-id_1998d6-bc:not( .kt-accodion-icon-style-basic ):not( .kt-accodion-icon-style-xclose ):not( .kt-accodion-icon-style-arrow ) .kt-blocks-accordion-icon-trigger:after, .kt-accordion-id_1998d6-bc:not( .kt-accodion-icon-style-basic ):not( .kt-accodion-icon-style-xclose ):not( .kt-accodion-icon-style-arrow ) .kt-blocks-accordion-icon-trigger:before{background:var(--global-palette1, #3182CE);}.kt-accordion-id_1998d6-bc > .kt-accordion-inner-wrap > .wp-block-kadence-pane > .kt-accordion-header-wrap > .kt-blocks-accordion-header:hover, \n\t\t\t\tbody:not(.hide-focus-outline) .kt-accordion-id_1998d6-bc .kt-blocks-accordion-header:focus-visible{color:var(--global-palette3, #1A202C);background:var(--global-palette7, #EDF2F7);}.kt-accordion-id_1998d6-bc:not( .kt-accodion-icon-style-basiccircle ):not( .kt-accodion-icon-style-xclosecircle ):not( .kt-accodion-icon-style-arrowcircle ) .kt-accordion-header-wrap .kt-blocks-accordion-header:hover .kt-blocks-accordion-icon-trigger:after, .kt-accordion-id_1998d6-bc:not( .kt-accodion-icon-style-basiccircle ):not( .kt-accodion-icon-style-xclosecircle ):not( .kt-accodion-icon-style-arrowcircle ) .kt-accordion-header-wrap .kt-blocks-accordion-header:hover .kt-blocks-accordion-icon-trigger:before, body:not(.hide-focus-outline) .kt-accordion-id_1998d6-bc:not( .kt-accodion-icon-style-basiccircle ):not( .kt-accodion-icon-style-xclosecircle ):not( .kt-accodion-icon-style-arrowcircle ) .kt-blocks-accordion--visible .kt-blocks-accordion-icon-trigger:after, body:not(.hide-focus-outline) .kt-accordion-id_1998d6-bc:not( .kt-accodion-icon-style-basiccircle ):not( .kt-accodion-icon-style-xclosecircle ):not( .kt-accodion-icon-style-arrowcircle ) .kt-blocks-accordion-header:focus-visible .kt-blocks-accordion-icon-trigger:before{background:var(--global-palette3, #1A202C);}.kt-accordion-id_1998d6-bc:not( .kt-accodion-icon-style-basic ):not( .kt-accodion-icon-style-xclose ):not( .kt-accodion-icon-style-arrow ) .kt-accordion-header-wrap .kt-blocks-accordion-header:hover .kt-blocks-accordion-icon-trigger, body:not(.hide-focus-outline) .kt-accordion-id_1998d6-bc:not( .kt-accodion-icon-style-basic ):not( .kt-accodion-icon-style-xclose ):not( .kt-accodion-icon-style-arrow ) .kt-accordion-header-wrap .kt-blocks-accordion-header:focus-visible .kt-blocks-accordion-icon-trigger{background:var(--global-palette3, #1A202C);}.kt-accordion-id_1998d6-bc:not( .kt-accodion-icon-style-basic ):not( .kt-accodion-icon-style-xclose ):not( .kt-accodion-icon-style-arrow ) .kt-accordion-header-wrap .kt-blocks-accordion-header:hover .kt-blocks-accordion-icon-trigger:after, .kt-accordion-id_1998d6-bc:not( .kt-accodion-icon-style-basic ):not( .kt-accodion-icon-style-xclose ):not( .kt-accodion-icon-style-arrow ) .kt-accordion-header-wrap .kt-blocks-accordion-header:hover .kt-blocks-accordion-icon-trigger:before, body:not(.hide-focus-outline) .kt-accordion-id_1998d6-bc:not( .kt-accodion-icon-style-basic ):not( .kt-accodion-icon-style-xclose ):not( .kt-accodion-icon-style-arrow ) .kt-accordion-header-wrap .kt-blocks-accordion-header:focus-visible .kt-blocks-accordion-icon-trigger:after, body:not(.hide-focus-outline) .kt-accordion-id_1998d6-bc:not( .kt-accodion-icon-style-basic ):not( .kt-accodion-icon-style-xclose ):not( .kt-accodion-icon-style-arrow ) .kt-accordion-header-wrap .kt-blocks-accordion-header:focus-visible .kt-blocks-accordion-icon-trigger:before{background:var(--global-palette7, #EDF2F7);}.kt-accordion-id_1998d6-bc .kt-accordion-header-wrap .kt-blocks-accordion-header:focus-visible,\n\t\t\t\t.kt-accordion-id_1998d6-bc > .kt-accordion-inner-wrap > .wp-block-kadence-pane > .kt-accordion-header-wrap > .kt-blocks-accordion-header.kt-accordion-panel-active{color:var(--global-palette3, #1A202C);background:var(--global-palette7, #EDF2F7);}.kt-accordion-id_1998d6-bc:not( .kt-accodion-icon-style-basiccircle ):not( .kt-accodion-icon-style-xclosecircle ):not( .kt-accodion-icon-style-arrowcircle )  > .kt-accordion-inner-wrap > .wp-block-kadence-pane > .kt-accordion-header-wrap > .kt-blocks-accordion-header.kt-accordion-panel-active .kt-blocks-accordion-icon-trigger:after, .kt-accordion-id_1998d6-bc:not( .kt-accodion-icon-style-basiccircle ):not( .kt-accodion-icon-style-xclosecircle ):not( .kt-accodion-icon-style-arrowcircle )  > .kt-accordion-inner-wrap > .wp-block-kadence-pane > .kt-accordion-header-wrap > .kt-blocks-accordion-header.kt-accordion-panel-active .kt-blocks-accordion-icon-trigger:before{background:var(--global-palette3, #1A202C);}.kt-accordion-id_1998d6-bc:not( .kt-accodion-icon-style-basic ):not( .kt-accodion-icon-style-xclose ):not( .kt-accodion-icon-style-arrow ) .kt-blocks-accordion-header.kt-accordion-panel-active .kt-blocks-accordion-icon-trigger{background:var(--global-palette3, #1A202C);}.kt-accordion-id_1998d6-bc:not( .kt-accodion-icon-style-basic ):not( .kt-accodion-icon-style-xclose ):not( .kt-accodion-icon-style-arrow ) .kt-blocks-accordion-header.kt-accordion-panel-active .kt-blocks-accordion-icon-trigger:after, .kt-accordion-id_1998d6-bc:not( .kt-accodion-icon-style-basic ):not( .kt-accodion-icon-style-xclose ):not( .kt-accodion-icon-style-arrow ) .kt-blocks-accordion-header.kt-accordion-panel-active .kt-blocks-accordion-icon-trigger:before{background:var(--global-palette7, #EDF2F7);}@media all and (max-width: 767px){.kt-accordion-id_1998d6-bc .kt-accordion-inner-wrap{display:block;}.kt-accordion-id_1998d6-bc .kt-accordion-inner-wrap .kt-accordion-pane:not(:first-child){margin-top:10px;}}<\/style>\n<div class=\"wp-block-kadence-accordion alignnone hp-acc\"><div class=\"kt-accordion-wrap kt-accordion-wrap kt-accordion-id_1998d6-bc kt-accordion-has-24-panes kt-active-pane-0 kt-accordion-block kt-pane-header-alignment-left kt-accodion-icon-style-arrow kt-accodion-icon-side-right\" style=\"max-width:none\"><div class=\"kt-accordion-inner-wrap\" data-allow-multiple-open=\"true\" data-start-open=\"none\">\n<div class=\"wp-block-kadence-pane kt-accordion-pane kt-accordion-pane-17 kt-pane_b4201d-cf\"><div class=\"kt-accordion-header-wrap\"><button class=\"kt-blocks-accordion-header kt-acccordion-button-label-show\"><span class=\"kt-blocks-accordion-title-wrap\"><span class=\"kt-blocks-accordion-title\">Czym jest NoBan Stream?<\/span><\/span><span class=\"kt-blocks-accordion-icon-trigger\"><\/span><\/button><\/div><div class=\"kt-accordion-panel kt-accordion-panel-hidden\"><div class=\"kt-accordion-panel-inner\">\n<p><strong>Kr\u00f3tka odpowied\u017a: Twoja tre\u015b\u0107 najlepszym przyjacielem<\/strong><\/p>\n\n\n\n<p>D\u0142uga odpowied\u017a: NoBan Stream to us\u0142uga strumieniowego przesy\u0142ania muzyki, kt\u00f3ra oferuje&nbsp;<strong>piosenki bez tantiem dla streamer\u00f3w<\/strong>&nbsp;i tw\u00f3rc\u00f3w tre\u015bci! Z wi\u0119ksz\u0105 ilo\u015bci\u0105 <a href=\"https:\/\/noban.stream\/pl\/artysci\/\" data-type=\"page\" data-id=\"829\" class=\"rank-math-link\">arty\u015bci<\/a> Do\u0142\u0105czaj\u0105c ka\u017cdego dnia, b\u0119dziesz mie\u0107 stale rosn\u0105cy wyb\u00f3r muzyki na wyci\u0105gni\u0119cie r\u0119ki bez obawy, \u017ce zostaniesz uderzony przez DMCA. <\/p>\n\n\n\n<p>Nie jest wymagana subskrypcja &amp; <a href=\"https:\/\/noban.stream\/pl\/platformy-streamingowe\/\" data-type=\"page\" data-id=\"1999\" class=\"rank-math-link\">dost\u0119pny na wszystkich g\u0142\u00f3wnych platformach streamingowych<\/a>!<\/p>\n<\/div><\/div><\/div>\n\n\n\n<div class=\"wp-block-kadence-pane kt-accordion-pane kt-accordion-pane-1 kt-pane_c013c7-39\"><div class=\"kt-accordion-header-wrap\"><button class=\"kt-blocks-accordion-header kt-acccordion-button-label-show\"><span class=\"kt-blocks-accordion-title-wrap\"><span class=\"kt-blocks-accordion-title\">Czy muzyka NoBan Stream jest darmowa?<\/span><\/span><span class=\"kt-blocks-accordion-icon-trigger\"><\/span><\/button><\/div><div class=\"kt-accordion-panel kt-accordion-panel-hidden\"><div class=\"kt-accordion-panel-inner\">\n<p class=\"has-theme-palette-3-color has-text-color\"><strong>Tak, muzyka NoBan Stream jest wolna od praw autorskich! <\/strong>Mo\u017cesz zacz\u0105\u0107 gra\u0107 na swoim <a href=\"https:\/\/noban.stream\/pl\/platformy-streamingowe\/\" data-type=\"page\" data-id=\"1999\" class=\"rank-math-link\">ulubiony serwis streamingowy<\/a> teraz <strong>bez konieczno\u015bci subskrypcji i rejestracji<\/strong> za cokolwiek.<\/p>\n<\/div><\/div><\/div>\n\n\n\n<div class=\"wp-block-kadence-pane kt-accordion-pane kt-accordion-pane-15 kt-pane_1e6733-98\"><div class=\"kt-accordion-header-wrap\"><button class=\"kt-blocks-accordion-header kt-acccordion-button-label-show\"><span class=\"kt-blocks-accordion-title-wrap\"><span class=\"kt-blocks-accordion-title\">Gdzie mog\u0119 znale\u017a\u0107 muzyk\u0119 NoBan Stream?<\/span><\/span><span class=\"kt-blocks-accordion-icon-trigger\"><\/span><\/button><\/div><div class=\"kt-accordion-panel kt-accordion-panel-hidden\"><div class=\"kt-accordion-panel-inner\">\n<p>Mo\u017cesz znale\u017a\u0107 muzyk\u0119 NoBan Stream na wszystkich g\u0142\u00f3wnych platformach streamingowych, takich jak <a href=\"https:\/\/open.spotify.com\/album\/7o9AvbLg5c04G6g9G7YNNm\" class=\"rank-math-link\">Spotify<\/a>, <a href=\"https:\/\/music.apple.com\/be\/artist\/noban-stream\/1568492735\" class=\"rank-math-link\">Apple Music<\/a>oraz <a href=\"https:\/\/music.amazon.com\/artists\/B095HYWQR4\/noban-stream\" class=\"rank-math-link\">Amazon Music<\/a>. <a href=\"https:\/\/noban.stream\/pl\/platformy-streamingowe\/\" data-type=\"page\" data-id=\"1999\" class=\"rank-math-link\">Wszystkie platformy streamingowe s\u0105 wymienione tutaj<\/a>.<\/p>\n\n\n\n<p>Zawsze wsp\u00f3\u0142pracujemy z naszym dystrybutorem, aby wprowadzi\u0107 nasz\u0105 muzyk\u0119 na jak najwi\u0119cej platform streamingowych.<\/p>\n<\/div><\/div><\/div>\n\n\n\n<div class=\"wp-block-kadence-pane kt-accordion-pane kt-accordion-pane-21 kt-pane_f4c8a5-da\"><div class=\"kt-accordion-header-wrap\"><button class=\"kt-blocks-accordion-header kt-acccordion-button-label-show\"><span class=\"kt-blocks-accordion-title-wrap\"><span class=\"kt-blocks-accordion-title\">Czy mog\u0119 u\u017cywa\u0107 NoBan Stream na Instagramie?<\/span><\/span><span class=\"kt-blocks-accordion-icon-trigger\"><\/span><\/button><\/div><div class=\"kt-accordion-panel kt-accordion-panel-hidden\"><div class=\"kt-accordion-panel-inner\">\n<p><strong>Kr\u00f3tka odpowied\u017a: Tak<\/strong>&nbsp;<\/p>\n\n\n\n<p>D\u0142uga odpowied\u017a: Istnieje kilka sposob\u00f3w dodawania muzyki do historii. Po prostu wybierz naklejk\u0119 na pasku narz\u0119dzi, a nast\u0119pnie wybierz naklejk\u0119 z muzyk\u0105. <\/p>\n\n\n\n<p>Ca\u0142y katalog NoBan Stream jest dost\u0119pny na Instagramie.<\/p>\n<\/div><\/div><\/div>\n\n\n\n<div class=\"wp-block-kadence-pane kt-accordion-pane kt-accordion-pane-9 kt-pane_62f0c3-61\"><div class=\"kt-accordion-header-wrap\"><button class=\"kt-blocks-accordion-header kt-acccordion-button-label-show\"><span class=\"kt-blocks-accordion-title-wrap\"><span class=\"kt-blocks-accordion-title\">Czy mog\u0119 u\u017cywa\u0107 muzyki NoBan Stream w moich filmach na Twitchu lub YouTube?<\/span><\/span><span class=\"kt-blocks-accordion-icon-trigger\"><\/span><\/button><\/div><div class=\"kt-accordion-panel kt-accordion-panel-hidden\"><div class=\"kt-accordion-panel-inner\">\n<p><strong>Kr\u00f3tka odpowied\u017a: Tak<\/strong>&nbsp;<\/p>\n\n\n\n<p><strong>D\u0142uga odpowied\u017a: Wci\u0105\u017c tak!<\/strong> <br>Je\u015bli chcesz nas wspom\u00f3c, zr\u00f3b to! Przyda nam si\u0119 ka\u017cde wsparcie, jakiego mo\u017cesz nam udzieli\u0107. <br>Po prostu skopiuj i wklej poni\u017csze informacje w opisie swojego wideo lub streamu, lub daj krzyk, je\u015bli to mo\u017cliwe:<\/p>\n\n\n\n<p>Muzyka bez praw autorskich dostarczona przez <a href=\"https:\/\/noban.stream\/pl\/\" class=\"rank-math-link\">https:\/\/noban.stream<\/a> <br><br>Poczta pantoflowa to pot\u0119\u017cne narz\u0119dzie w dzisiejszych czasach. Aby rozpowszechni\u0107 informacje o naszej platformie, chcieliby\u015bmy, aby\u015b podzieli\u0142 si\u0119 nami ze swoimi widzami, obserwatorami i przyjaci\u00f3\u0142mi! <\/p>\n<\/div><\/div><\/div>\n\n\n\n<div class=\"wp-block-kadence-pane kt-accordion-pane kt-accordion-pane-11 kt-pane_385884-47\"><div class=\"kt-accordion-header-wrap\"><button class=\"kt-blocks-accordion-header kt-acccordion-button-label-show\"><span class=\"kt-blocks-accordion-title-wrap\"><span class=\"kt-blocks-accordion-title\">Czy musz\u0119 podawa\u0107 utwory, kt\u00f3rych u\u017cywam?<\/span><\/span><span class=\"kt-blocks-accordion-icon-trigger\"><\/span><\/button><\/div><div class=\"kt-accordion-panel kt-accordion-panel-hidden\"><div class=\"kt-accordion-panel-inner\">\n<p><strong>Kr\u00f3tkie odpowiedzi: Nie<\/strong><\/p>\n\n\n\n<p><strong>D\u0142uga odpowied\u017a: Nadal nie.<\/strong> <br>B\u0119dziemy jednak wdzi\u0119czni za uznanie. Przyda nam si\u0119 ka\u017cde mo\u017cliwe wsparcie.<br>Skopiuj i wklej poni\u017cszy tekst w opisie swojego filmu lub streamu, a b\u0119dziemy wiedzie\u0107, \u017ce pochodzi on od widza: <br><br>Muzyka bez praw autorskich dostarczona przez <a href=\"https:\/\/noban.stream\/pl\/\">https:\/\/noban.stream<\/a><\/p>\n<\/div><\/div><\/div>\n\n\n\n<div class=\"wp-block-kadence-pane kt-accordion-pane kt-accordion-pane-14 kt-pane_8d33d3-21\"><div class=\"kt-accordion-header-wrap\"><button class=\"kt-blocks-accordion-header kt-acccordion-button-label-show\"><span class=\"kt-blocks-accordion-title-wrap\"><span class=\"kt-blocks-accordion-title\">Czy mog\u0119 utworzy\u0107 w\u0142asn\u0105 list\u0119 odtwarzania?<\/span><\/span><span class=\"kt-blocks-accordion-icon-trigger\"><\/span><\/button><\/div><div class=\"kt-accordion-panel kt-accordion-panel-hidden\"><div class=\"kt-accordion-panel-inner\">\n<p><strong>Kr\u00f3tka odpowied\u017a: Tak<\/strong><\/p>\n\n\n\n<p>Czy jest lepszy spos\u00f3b na zaanga\u017cowanie widz\u00f3w ni\u017c stworzenie w\u0142asnej playlisty z muzyk\u0105 od nas i innych!<\/p>\n\n\n\n<p>Pami\u0119taj tylko: je\u015bli tworzysz w\u0142asn\u0105 playlist\u0119 i miks <a href=\"https:\/\/noban.stream\/pl\/playlisty\/\" data-type=\"page\" data-id=\"1367\" class=\"rank-math-link\">NoBan Streamuj muzyk\u0119 bez praw autorskich<\/a> z innymi producentami i autorami piosenek, upewnij si\u0119, \u017ce inni s\u0105 r\u00f3wnie\u017c wolni od tantiem. <\/p>\n\n\n\n<p>Je\u015bli miksujesz muzyk\u0119 chronion\u0105 prawem autorskim, nadal mo\u017cesz mie\u0107 k\u0142opoty i otrzyma\u0107 powiadomienie DMCA.<\/p>\n<\/div><\/div><\/div>\n\n\n\n<div class=\"wp-block-kadence-pane kt-accordion-pane kt-accordion-pane-10 kt-pane_1d2a03-9f\"><div class=\"kt-accordion-header-wrap\"><button class=\"kt-blocks-accordion-header kt-acccordion-button-label-show\"><span class=\"kt-blocks-accordion-title-wrap\"><span class=\"kt-blocks-accordion-title\">Czy mog\u0119 zarabia\u0107 na moim wideo, je\u015bli korzystam z muzyki NoBan Stream?<\/span><\/span><span class=\"kt-blocks-accordion-icon-trigger\"><\/span><\/button><\/div><div class=\"kt-accordion-panel kt-accordion-panel-hidden\"><div class=\"kt-accordion-panel-inner\">\n<p><strong>Tak<\/strong>, ale upewnij si\u0119, \u017ce post\u0119pujesz zgodnie z wytycznymi zawartymi w naszej polityce u\u017cytkowania.<\/p>\n<\/div><\/div><\/div>\n\n\n\n<div class=\"wp-block-kadence-pane kt-accordion-pane kt-accordion-pane-23 kt-pane_328f53-ba\"><div class=\"kt-accordion-header-wrap\"><button class=\"kt-blocks-accordion-header kt-acccordion-button-label-show\"><span class=\"kt-blocks-accordion-title-wrap\"><span class=\"kt-blocks-accordion-title\">Czy mog\u0119 u\u017cy\u0107 muzyki z NoBan Stream do stworzenia w\u0142asnego utworu\/wydania?<\/span><\/span><span class=\"kt-blocks-accordion-icon-trigger\"><\/span><\/button><\/div><div class=\"kt-accordion-panel kt-accordion-panel-hidden\"><div class=\"kt-accordion-panel-inner\">\n<p><strong>Kr\u00f3tka odpowied\u017a: Nie<\/strong><\/p>\n\n\n\n<p>D\u0142uga odpowied\u017a: Muzyka jest nasza. To oczywiste. Nie chcemy, aby\u015b pobiera\u0142 nasze utwory i przesy\u0142a\u0142 je na platformy streamingowe i ro\u015bci\u0142 sobie prawo w\u0142asno\u015bci. To by\u0142oby z\u0142e dla naszej pracy i artyst\u00f3w.<\/p>\n\n\n\n<p>Udzielamy jednak zgody na swobodne korzystanie z naszej muzyki na potrzeby Twoich tre\u015bci. Mo\u017cesz skraca\u0107, zap\u0119tla\u0107 lub \u0142\u0105czy\u0107 z innym d\u017awi\u0119kiem na potrzeby swojego strumienia i tre\u015bci. <\/p>\n\n\n\n<p>Mo\u017cesz nawet stworzy\u0107 cover, je\u015bli masz na to ochot\u0119! (Uwielbiamy covery!) Je\u015bli to zrobisz, daj nam zna\u0107 w mediach spo\u0142eczno\u015bciowych, aby\u015bmy mogli pochwali\u0107 si\u0119 twoj\u0105 muzyk\u0105.<\/p>\n<\/div><\/div><\/div>\n\n\n\n<div class=\"wp-block-kadence-pane kt-accordion-pane kt-accordion-pane-22 kt-pane_8d7ad3-62\"><div class=\"kt-accordion-header-wrap\"><button class=\"kt-blocks-accordion-header kt-acccordion-button-label-show\"><span class=\"kt-blocks-accordion-title-wrap\"><span class=\"kt-blocks-accordion-title\">Jakie s\u0105 ograniczenia dotycz\u0105ce korzystania z muzyki NoBan Stream? <\/span><\/span><span class=\"kt-blocks-accordion-icon-trigger\"><\/span><\/button><\/div><div class=\"kt-accordion-panel kt-accordion-panel-hidden\"><div class=\"kt-accordion-panel-inner\">\n<p>Mamy tylko kilka ogranicze\u0144. Mamy prawo do sprzeciwu i nie b\u0119dziemy akceptowa\u0107 \u017cadnych tre\u015bci, kt\u00f3re uznamy za niedopuszczalne. <\/p>\n\n\n\n<p>Obejmuje to mi\u0119dzy innymi:<\/p>\n\n\n\n<ul class=\"wp-block-list\"><li>Wykorzystanie muzyki w filmach nawo\u0142uj\u0105cych do nienawi\u015bci<\/li><li>Materia\u0142y nielegalne lub o tematyce seksualnej (pornograficzne)<\/li><\/ul>\n<\/div><\/div><\/div>\n\n\n\n<div class=\"wp-block-kadence-pane kt-accordion-pane kt-accordion-pane-12 kt-pane_0f4b4a-66\"><div class=\"kt-accordion-header-wrap\"><button class=\"kt-blocks-accordion-header kt-acccordion-button-label-show\"><span class=\"kt-blocks-accordion-title-wrap\"><span class=\"kt-blocks-accordion-title\">Czy otrzymam pozew o naruszenie praw autorskich, je\u015bli u\u017cyj\u0119 utworu NoBan Stream w moim filmie?<\/span><\/span><span class=\"kt-blocks-accordion-icon-trigger\"><\/span><\/button><\/div><div class=\"kt-accordion-panel kt-accordion-panel-hidden\"><div class=\"kt-accordion-panel-inner\">\n<p><strong>Nie, nie zrobisz tego.<\/strong> <\/p>\n\n\n\n<p>Je\u015bli kiedykolwiek zdarzy\u0142o ci si\u0119 to z muzyk\u0105 NoBan Stream i potrzebujesz pomocy, prosz\u0119 <a href=\"https:\/\/noban.stream\/pl\/faq\/twitch-stream-muted\/\">skontaktuj si\u0119 z nami<\/a> z nazw\u0105 utworu, kt\u00f3ry wywo\u0142a\u0142 to zdarzenie, aby\u015bmy mogli si\u0119 z Tob\u0105 skontaktowa\u0107.<\/p>\n<\/div><\/div><\/div>\n\n\n\n<div class=\"wp-block-kadence-pane kt-accordion-pane kt-accordion-pane-13 kt-pane_a5822a-3f\"><div class=\"kt-accordion-header-wrap\"><button class=\"kt-blocks-accordion-header kt-acccordion-button-label-show\"><span class=\"kt-blocks-accordion-title-wrap\"><span class=\"kt-blocks-accordion-title\">M\u00f3j stream na Twitchu zosta\u0142 wyciszony. Co teraz?<\/span><\/span><span class=\"kt-blocks-accordion-icon-trigger\"><\/span><\/button><\/div><div class=\"kt-accordion-panel kt-accordion-panel-hidden\"><div class=\"kt-accordion-panel-inner\">\n<p>Rozumiemy, \u017ce jeste\u015b z\u0142y z powodu niedawnego wyciszenia twojej zawarto\u015bci. Niestety, na kana\u0142ach Twitcha nie ma wewn\u0119trznego systemu identyfikacji praw autorskich, kt\u00f3ry weryfikowa\u0142by, czy utw\u00f3r zosta\u0142 stworzony przez kogo\u015b innego.<\/p>\n\n\n\n<p>Je\u015bli Tw\u00f3j strumie\u0144 zostanie wyciszony, oznacza to, \u017ce w transmisji odtwarzane by\u0142y tre\u015bci oznaczone jako chronione prawem autorskim. Je\u015bli kiedykolwiek zdarzy\u0142o si\u0119 to z muzyk\u0105 NoBan Stream i potrzebujesz pomocy, prosz\u0119 <a href=\"https:\/\/noban.stream\/pl\/faq\/twitch-stream-muted\/\" data-type=\"page\" data-id=\"1101\">skontaktuj si\u0119 z nami<\/a> z nazw\u0105 utworu, kt\u00f3ry wywo\u0142a\u0142 to zdarzenie, aby\u015bmy mogli si\u0119 z Tob\u0105 skontaktowa\u0107.<\/p>\n<\/div><\/div><\/div>\n\n\n\n<div class=\"wp-block-kadence-pane kt-accordion-pane kt-accordion-pane-24 kt-pane_f498de-5d\"><div class=\"kt-accordion-header-wrap\"><button class=\"kt-blocks-accordion-header kt-acccordion-button-label-show\"><span class=\"kt-blocks-accordion-title-wrap\"><span class=\"kt-blocks-accordion-title\">Otrzyma\u0142em reklamacj\u0119\/strike. Co teraz?<\/span><\/span><span class=\"kt-blocks-accordion-icon-trigger\"><\/span><\/button><\/div><div class=\"kt-accordion-panel kt-accordion-panel-hidden\"><div class=\"kt-accordion-panel-inner\">\n<p>Nies\u0142uszne roszczenia i b\u0142\u0119dy mog\u0105 si\u0119 zdarzy\u0107 i zazwyczaj s\u0105 to kwestie techniczne. Je\u015bli roszczenie\/strike na Twoim kanale jest zwi\u0105zane z muzyk\u0105 NoBan Stream, prosimy o <a href=\"https:\/\/noban.stream\/pl\/faq\/roszczenie-wsparcie\/\" data-type=\"page\" data-id=\"1121\">Skontaktuj si\u0119 z nami za pomoc\u0105 poni\u017cszego formularza<\/a>.<\/p>\n<\/div><\/div><\/div>\n\n\n\n<div class=\"wp-block-kadence-pane kt-accordion-pane kt-accordion-pane-16 kt-pane_145d9f-aa\"><div class=\"kt-accordion-header-wrap\"><button class=\"kt-blocks-accordion-header kt-acccordion-button-label-show\"><span class=\"kt-blocks-accordion-title-wrap\"><span class=\"kt-blocks-accordion-title\">Mam pro\u015bb\u0119 o wi\u0119cej muzyki! Jak mog\u0119 podzieli\u0107 si\u0119 moimi pomys\u0142ami?<\/span><\/span><span class=\"kt-blocks-accordion-icon-trigger\"><\/span><\/button><\/div><div class=\"kt-accordion-panel kt-accordion-panel-hidden\"><div class=\"kt-accordion-panel-inner\">\n<p>Ch\u0119tnie dowiemy si\u0119, jak\u0105 muzyk\u0119 chcieliby\u015bcie doda\u0107 do NoBan Stream.<\/p>\n\n\n\n<p>Daj nam zna\u0107 za pomoc\u0105 naszego <a href=\"https:\/\/noban.stream\/pl\/prosba-o-wiecej-muzyki\/\" data-type=\"page\" data-id=\"1076\"><a href=\"https:\/\/noban.stream\/pl\/faq\/prosba-o-wiecej-muzyki\/\" data-type=\"page\" data-id=\"1076\" class=\"rank-math-link\">formularz wniosku<\/a><\/a> rodzaj muzyki, kt\u00f3ra ci\u0119 pobudza i co chcesz udost\u0119pnia\u0107 w swoich transmisjach.<\/p>\n<\/div><\/div><\/div>\n\n\n\n<div class=\"wp-block-kadence-pane kt-accordion-pane kt-accordion-pane-19 kt-pane_a45f57-5a\"><div class=\"kt-accordion-header-wrap\"><button class=\"kt-blocks-accordion-header kt-acccordion-button-label-show\"><span class=\"kt-blocks-accordion-title-wrap\"><span class=\"kt-blocks-accordion-title\">Jak mog\u0119 skontaktowa\u0107 si\u0119 z NoBan Stream?<\/span><\/span><span class=\"kt-blocks-accordion-icon-trigger\"><\/span><\/button><\/div><div class=\"kt-accordion-panel kt-accordion-panel-hidden\"><div class=\"kt-accordion-panel-inner\">\n<p>To \u0142atwe pytanie! <a href=\"https:\/\/noban.stream\/pl\/kontakt-us\/\" data-type=\"page\" data-id=\"697\" class=\"rank-math-link\">Po prostu wype\u0142nij nasz formularz kontaktowy<\/a>.<\/p>\n<\/div><\/div><\/div>\n<\/div><\/div><\/div>","protected":false},"excerpt":{"rendered":"<p>Og\u00f3lne pytania dotycz\u0105ce NoBan.Stream<\/p>","protected":false},"author":1,"featured_media":0,"parent":0,"menu_order":0,"comment_status":"closed","ping_status":"closed","template":"","meta":{"_seopress_robots_primary_cat":"","_seopress_titles_title":"","_seopress_titles_desc":"","_seopress_robots_index":"","_kad_blocks_custom_css":"","_kad_blocks_head_custom_js":"","_kad_blocks_body_custom_js":"","_kad_blocks_footer_custom_js":"","_kad_post_transparent":"","_kad_post_title":"","_kad_post_layout":"","_kad_post_sidebar_id":"","_kad_post_content_style":"","_kad_post_vertical_padding":"","_kad_post_feature":"","_kad_post_feature_position":"","_kad_post_header":false,"_kad_post_footer":false,"_kad_post_classname":"","footnotes":""},"class_list":["post-1067","page","type-page","status-publish","hentry"],"taxonomy_info":[],"featured_image_src_large":false,"author_info":{"display_name":"Julien","author_link":"https:\/\/noban.stream\/pl\/author\/nbsadminpro\/"},"comment_info":0,"_links":{"self":[{"href":"https:\/\/noban.stream\/pl\/wp-json\/wp\/v2\/pages\/1067","targetHints":{"allow":["GET"]}}],"collection":[{"href":"https:\/\/noban.stream\/pl\/wp-json\/wp\/v2\/pages"}],"about":[{"href":"https:\/\/noban.stream\/pl\/wp-json\/wp\/v2\/types\/page"}],"author":[{"embeddable":true,"href":"https:\/\/noban.stream\/pl\/wp-json\/wp\/v2\/users\/1"}],"replies":[{"embeddable":true,"href":"https:\/\/noban.stream\/pl\/wp-json\/wp\/v2\/comments?post=1067"}],"version-history":[{"count":0,"href":"https:\/\/noban.stream\/pl\/wp-json\/wp\/v2\/pages\/1067\/revisions"}],"wp:attachment":[{"href":"https:\/\/noban.stream\/pl\/wp-json\/wp\/v2\/media?parent=1067"}],"curies":[{"name":"wp","href":"https:\/\/api.w.org\/{rel}","templated":true}]}}