{"id":2585,"date":"2021-06-02T18:23:59","date_gmt":"2021-06-02T16:23:59","guid":{"rendered":"https:\/\/noban.stream\/?page_id=2585"},"modified":"2021-06-02T18:28:55","modified_gmt":"2021-06-02T16:28:55","slug":"newsroom","status":"publish","type":"page","link":"https:\/\/noban.stream\/pl\/newsroom\/","title":{"rendered":"Newsroom"},"content":{"rendered":"<p>Trafi\u0142e\u015b do biura prasowego NoBan Stream. <\/p>\n\n\n\n<p>Je\u015bli chcesz skontaktowa\u0107 si\u0119 z NoBan Stream w sprawie umieszczenia nas w gazetach, na stronach internetowych i w czasopismach, skontaktuj si\u0119 z naszym przedstawicielem prasowym wymienionym poni\u017cej <\/p>\n\n\n\n<p>E-mail: <a href=\"mailto:press@noban.stream\" class=\"rank-math-link\">press@noban.stream<\/a><\/p>\n\n\n<style>.wp-block-kadence-advancedheading.kt-adv-heading_01b195-d9, .wp-block-kadence-advancedheading.kt-adv-heading_01b195-d9[data-kb-block=\"kb-adv-heading_01b195-d9\"]{font-style:normal;}.wp-block-kadence-advancedheading.kt-adv-heading_01b195-d9 mark.kt-highlight, .wp-block-kadence-advancedheading.kt-adv-heading_01b195-d9[data-kb-block=\"kb-adv-heading_01b195-d9\"] mark.kt-highlight{font-style:normal;color:#f76a0c;-webkit-box-decoration-break:clone;box-decoration-break:clone;padding-top:0px;padding-right:0px;padding-bottom:0px;padding-left:0px;}.wp-block-kadence-advancedheading.kt-adv-heading_01b195-d9 img.kb-inline-image, .wp-block-kadence-advancedheading.kt-adv-heading_01b195-d9[data-kb-block=\"kb-adv-heading_01b195-d9\"] img.kb-inline-image{width:150px;vertical-align:baseline;}<\/style>\n<h2 class=\"kt-adv-heading_01b195-d9 wp-block-kadence-advancedheading\" data-kb-block=\"kb-adv-heading_01b195-d9\">Opublikowana informacja prasowa<\/h2>\n\n\n\n<ul class=\"wp-block-list\"><li><a href=\"https:\/\/noban.stream\/wp-content\/uploads\/2021\/06\/Press-Release_-NoBan-Stream-Launch-2nd-of-June-2021.pdf\" target=\"_blank\" rel=\"noreferrer noopener\" class=\"rank-math-link\">2 czerwca 2021 roku: NoBan Stream startuje z muzyk\u0105 royalty-free 100%<\/a><\/li><\/ul>\n\n\n\n<p>Je\u015bli nie jeste\u015b cz\u0142onkiem prasy i potrzebujesz pomocy, prosimy o <a href=\"https:\/\/noban.stream\/pl\/kontakt-us\/\" data-type=\"page\" data-id=\"697\" class=\"rank-math-link\">Kontakt z nami<\/a>.<\/p>","protected":false},"excerpt":{"rendered":"<p>You have arrived at the media newsroom for NoBan Stream. If you are looking to reach out about NoBan Stream in regards to getting us featured on newspapers, websites and magazines please contact our press contact listed below E-mail: press@noban.stream Published Press Release 2nd of June 2021: NoBan Stream launches with 100% royalty-free music If&#8230;<\/p>","protected":false},"author":1,"featured_media":0,"parent":0,"menu_order":0,"comment_status":"closed","ping_status":"closed","template":"","meta":{"_seopress_robots_primary_cat":"","_seopress_titles_title":"","_seopress_titles_desc":"","_seopress_robots_index":"","_kad_blocks_custom_css":"","_kad_blocks_head_custom_js":"","_kad_blocks_body_custom_js":"","_kad_blocks_footer_custom_js":"","_kad_post_transparent":"","_kad_post_title":"","_kad_post_layout":"","_kad_post_sidebar_id":"","_kad_post_content_style":"","_kad_post_vertical_padding":"","_kad_post_feature":"","_kad_post_feature_position":"","_kad_post_header":false,"_kad_post_footer":false,"_kad_post_classname":"","footnotes":""},"class_list":["post-2585","page","type-page","status-publish","hentry"],"taxonomy_info":[],"featured_image_src_large":false,"author_info":{"display_name":"Julien","author_link":"https:\/\/noban.stream\/pl\/author\/nbsadminpro\/"},"comment_info":0,"_links":{"self":[{"href":"https:\/\/noban.stream\/pl\/wp-json\/wp\/v2\/pages\/2585","targetHints":{"allow":["GET"]}}],"collection":[{"href":"https:\/\/noban.stream\/pl\/wp-json\/wp\/v2\/pages"}],"about":[{"href":"https:\/\/noban.stream\/pl\/wp-json\/wp\/v2\/types\/page"}],"author":[{"embeddable":true,"href":"https:\/\/noban.stream\/pl\/wp-json\/wp\/v2\/users\/1"}],"replies":[{"embeddable":true,"href":"https:\/\/noban.stream\/pl\/wp-json\/wp\/v2\/comments?post=2585"}],"version-history":[{"count":0,"href":"https:\/\/noban.stream\/pl\/wp-json\/wp\/v2\/pages\/2585\/revisions"}],"wp:attachment":[{"href":"https:\/\/noban.stream\/pl\/wp-json\/wp\/v2\/media?parent=2585"}],"curies":[{"name":"wp","href":"https:\/\/api.w.org\/{rel}","templated":true}]}}