{"id":1067,"date":"2021-05-02T08:28:50","date_gmt":"2021-05-02T08:28:50","guid":{"rendered":"https:\/\/noban.stream\/?page_id=1067"},"modified":"2021-06-01T12:38:25","modified_gmt":"2021-06-01T10:38:25","slug":"faq","status":"publish","type":"page","link":"https:\/\/noban.stream\/pt\/faq\/","title":{"rendered":"Perguntas frequentes e pol\u00edtica de utiliza\u00e7\u00e3o"},"content":{"rendered":"<p>Perguntas gerais sobre NoBan.Stream<\/p>\n\n\n<style>.kt-accordion-id_1998d6-bc .kt-accordion-inner-wrap{column-gap:var(--global-kb-gap-md, 2rem);row-gap:10px;}.kt-accordion-id_1998d6-bc .kt-accordion-panel-inner{border-top-width:0px;border-right-width:0px;border-bottom-width:0px;border-left-width:0px;border-top-left-radius:0px;border-top-right-radius:0px;border-bottom-right-radius:7px;border-bottom-left-radius:7px;background:var(--global-palette9, #ffffff);padding-top:var(--global-kb-spacing-sm, 1.5rem);padding-right:var(--global-kb-spacing-sm, 1.5rem);padding-bottom:var(--global-kb-spacing-sm, 1.5rem);padding-left:var(--global-kb-spacing-sm, 1.5rem);}.kt-accordion-id_1998d6-bc > .kt-accordion-inner-wrap > .wp-block-kadence-pane > .kt-accordion-header-wrap > .kt-blocks-accordion-header{border-top-width:0px;border-right-width:0px;border-bottom-width:0px;border-left-width:0px;border-top-left-radius:7px;border-top-right-radius:7px;border-bottom-right-radius:7px;border-bottom-left-radius:7px;background:var(--global-palette1, #3182CE);font-size:18px;line-height:24px;font-weight:bold;color:var(--global-palette9, #ffffff);padding-top:14px;padding-right:16px;padding-bottom:14px;padding-left:16px;}.kt-accordion-id_1998d6-bc:not( .kt-accodion-icon-style-basiccircle ):not( .kt-accodion-icon-style-xclosecircle ):not( .kt-accodion-icon-style-arrowcircle )  > .kt-accordion-inner-wrap > .wp-block-kadence-pane > .kt-accordion-header-wrap .kt-blocks-accordion-icon-trigger:after, .kt-accordion-id_1998d6-bc:not( .kt-accodion-icon-style-basiccircle ):not( .kt-accodion-icon-style-xclosecircle ):not( .kt-accodion-icon-style-arrowcircle )  > .kt-accordion-inner-wrap > .wp-block-kadence-pane > .kt-accordion-header-wrap .kt-blocks-accordion-icon-trigger:before{background:var(--global-palette9, #ffffff);}.kt-accordion-id_1998d6-bc:not( .kt-accodion-icon-style-basic ):not( .kt-accodion-icon-style-xclose ):not( .kt-accodion-icon-style-arrow ) .kt-blocks-accordion-icon-trigger{background:var(--global-palette9, #ffffff);}.kt-accordion-id_1998d6-bc:not( .kt-accodion-icon-style-basic ):not( .kt-accodion-icon-style-xclose ):not( .kt-accodion-icon-style-arrow ) .kt-blocks-accordion-icon-trigger:after, .kt-accordion-id_1998d6-bc:not( .kt-accodion-icon-style-basic ):not( .kt-accodion-icon-style-xclose ):not( .kt-accodion-icon-style-arrow ) .kt-blocks-accordion-icon-trigger:before{background:var(--global-palette1, #3182CE);}.kt-accordion-id_1998d6-bc > .kt-accordion-inner-wrap > .wp-block-kadence-pane > .kt-accordion-header-wrap > .kt-blocks-accordion-header:hover, \n\t\t\t\tbody:not(.hide-focus-outline) .kt-accordion-id_1998d6-bc .kt-blocks-accordion-header:focus-visible{color:var(--global-palette3, #1A202C);background:var(--global-palette7, #EDF2F7);}.kt-accordion-id_1998d6-bc:not( .kt-accodion-icon-style-basiccircle ):not( .kt-accodion-icon-style-xclosecircle ):not( .kt-accodion-icon-style-arrowcircle ) .kt-accordion-header-wrap .kt-blocks-accordion-header:hover .kt-blocks-accordion-icon-trigger:after, .kt-accordion-id_1998d6-bc:not( .kt-accodion-icon-style-basiccircle ):not( .kt-accodion-icon-style-xclosecircle ):not( .kt-accodion-icon-style-arrowcircle ) .kt-accordion-header-wrap .kt-blocks-accordion-header:hover .kt-blocks-accordion-icon-trigger:before, body:not(.hide-focus-outline) .kt-accordion-id_1998d6-bc:not( .kt-accodion-icon-style-basiccircle ):not( .kt-accodion-icon-style-xclosecircle ):not( .kt-accodion-icon-style-arrowcircle ) .kt-blocks-accordion--visible .kt-blocks-accordion-icon-trigger:after, body:not(.hide-focus-outline) .kt-accordion-id_1998d6-bc:not( .kt-accodion-icon-style-basiccircle ):not( .kt-accodion-icon-style-xclosecircle ):not( .kt-accodion-icon-style-arrowcircle ) .kt-blocks-accordion-header:focus-visible .kt-blocks-accordion-icon-trigger:before{background:var(--global-palette3, #1A202C);}.kt-accordion-id_1998d6-bc:not( .kt-accodion-icon-style-basic ):not( .kt-accodion-icon-style-xclose ):not( .kt-accodion-icon-style-arrow ) .kt-accordion-header-wrap .kt-blocks-accordion-header:hover .kt-blocks-accordion-icon-trigger, body:not(.hide-focus-outline) .kt-accordion-id_1998d6-bc:not( .kt-accodion-icon-style-basic ):not( .kt-accodion-icon-style-xclose ):not( .kt-accodion-icon-style-arrow ) .kt-accordion-header-wrap .kt-blocks-accordion-header:focus-visible .kt-blocks-accordion-icon-trigger{background:var(--global-palette3, #1A202C);}.kt-accordion-id_1998d6-bc:not( .kt-accodion-icon-style-basic ):not( .kt-accodion-icon-style-xclose ):not( .kt-accodion-icon-style-arrow ) .kt-accordion-header-wrap .kt-blocks-accordion-header:hover .kt-blocks-accordion-icon-trigger:after, .kt-accordion-id_1998d6-bc:not( .kt-accodion-icon-style-basic ):not( .kt-accodion-icon-style-xclose ):not( .kt-accodion-icon-style-arrow ) .kt-accordion-header-wrap .kt-blocks-accordion-header:hover .kt-blocks-accordion-icon-trigger:before, body:not(.hide-focus-outline) .kt-accordion-id_1998d6-bc:not( .kt-accodion-icon-style-basic ):not( .kt-accodion-icon-style-xclose ):not( .kt-accodion-icon-style-arrow ) .kt-accordion-header-wrap .kt-blocks-accordion-header:focus-visible .kt-blocks-accordion-icon-trigger:after, body:not(.hide-focus-outline) .kt-accordion-id_1998d6-bc:not( .kt-accodion-icon-style-basic ):not( .kt-accodion-icon-style-xclose ):not( .kt-accodion-icon-style-arrow ) .kt-accordion-header-wrap .kt-blocks-accordion-header:focus-visible .kt-blocks-accordion-icon-trigger:before{background:var(--global-palette7, #EDF2F7);}.kt-accordion-id_1998d6-bc .kt-accordion-header-wrap .kt-blocks-accordion-header:focus-visible,\n\t\t\t\t.kt-accordion-id_1998d6-bc > .kt-accordion-inner-wrap > .wp-block-kadence-pane > .kt-accordion-header-wrap > .kt-blocks-accordion-header.kt-accordion-panel-active{color:var(--global-palette3, #1A202C);background:var(--global-palette7, #EDF2F7);}.kt-accordion-id_1998d6-bc:not( .kt-accodion-icon-style-basiccircle ):not( .kt-accodion-icon-style-xclosecircle ):not( .kt-accodion-icon-style-arrowcircle )  > .kt-accordion-inner-wrap > .wp-block-kadence-pane > .kt-accordion-header-wrap > .kt-blocks-accordion-header.kt-accordion-panel-active .kt-blocks-accordion-icon-trigger:after, .kt-accordion-id_1998d6-bc:not( .kt-accodion-icon-style-basiccircle ):not( .kt-accodion-icon-style-xclosecircle ):not( .kt-accodion-icon-style-arrowcircle )  > .kt-accordion-inner-wrap > .wp-block-kadence-pane > .kt-accordion-header-wrap > .kt-blocks-accordion-header.kt-accordion-panel-active .kt-blocks-accordion-icon-trigger:before{background:var(--global-palette3, #1A202C);}.kt-accordion-id_1998d6-bc:not( .kt-accodion-icon-style-basic ):not( .kt-accodion-icon-style-xclose ):not( .kt-accodion-icon-style-arrow ) .kt-blocks-accordion-header.kt-accordion-panel-active .kt-blocks-accordion-icon-trigger{background:var(--global-palette3, #1A202C);}.kt-accordion-id_1998d6-bc:not( .kt-accodion-icon-style-basic ):not( .kt-accodion-icon-style-xclose ):not( .kt-accodion-icon-style-arrow ) .kt-blocks-accordion-header.kt-accordion-panel-active .kt-blocks-accordion-icon-trigger:after, .kt-accordion-id_1998d6-bc:not( .kt-accodion-icon-style-basic ):not( .kt-accodion-icon-style-xclose ):not( .kt-accodion-icon-style-arrow ) .kt-blocks-accordion-header.kt-accordion-panel-active .kt-blocks-accordion-icon-trigger:before{background:var(--global-palette7, #EDF2F7);}@media all and (max-width: 767px){.kt-accordion-id_1998d6-bc .kt-accordion-inner-wrap{display:block;}.kt-accordion-id_1998d6-bc .kt-accordion-inner-wrap .kt-accordion-pane:not(:first-child){margin-top:10px;}}<\/style>\n<div class=\"wp-block-kadence-accordion alignnone hp-acc\"><div class=\"kt-accordion-wrap kt-accordion-wrap kt-accordion-id_1998d6-bc kt-accordion-has-24-panes kt-active-pane-0 kt-accordion-block kt-pane-header-alignment-left kt-accodion-icon-style-arrow kt-accodion-icon-side-right\" style=\"max-width:none\"><div class=\"kt-accordion-inner-wrap\" data-allow-multiple-open=\"true\" data-start-open=\"none\">\n<div class=\"wp-block-kadence-pane kt-accordion-pane kt-accordion-pane-17 kt-pane_b4201d-cf\"><div class=\"kt-accordion-header-wrap\"><button class=\"kt-blocks-accordion-header kt-acccordion-button-label-show\"><span class=\"kt-blocks-accordion-title-wrap\"><span class=\"kt-blocks-accordion-title\">O que \u00e9 o NoBan Stream?<\/span><\/span><span class=\"kt-blocks-accordion-icon-trigger\"><\/span><\/button><\/div><div class=\"kt-accordion-panel kt-accordion-panel-hidden\"><div class=\"kt-accordion-panel-inner\">\n<p><strong>Resposta curta: O teu melhor amigo de conte\u00fados<\/strong><\/p>\n\n\n\n<p>Resposta longa: O NoBan Stream \u00e9 um servi\u00e7o de streaming de m\u00fasica que oferece&nbsp;<strong>can\u00e7\u00f5es sem royalties para serpentinas<\/strong>&nbsp;e criadores de conte\u00fados! Com mais <a href=\"https:\/\/noban.stream\/pt\/artistas\/\" data-type=\"page\" data-id=\"829\" class=\"rank-math-link\">artistas<\/a> Ao aderir todos os dias, ter\u00e1s uma selec\u00e7\u00e3o cada vez maior de m\u00fasica na ponta dos dedos, sem receio de seres atingido por um ataque DMCA. <\/p>\n\n\n\n<p>N\u00e3o precisas de subscri\u00e7\u00e3o &amp; <a href=\"https:\/\/noban.stream\/pt\/plataformas-de-streaming\/\" data-type=\"page\" data-id=\"1999\" class=\"rank-math-link\">dispon\u00edvel em todas as principais plataformas de streaming<\/a>!<\/p>\n<\/div><\/div><\/div>\n\n\n\n<div class=\"wp-block-kadence-pane kt-accordion-pane kt-accordion-pane-1 kt-pane_c013c7-39\"><div class=\"kt-accordion-header-wrap\"><button class=\"kt-blocks-accordion-header kt-acccordion-button-label-show\"><span class=\"kt-blocks-accordion-title-wrap\"><span class=\"kt-blocks-accordion-title\">A m\u00fasica do NoBan Stream \u00e9 gratuita?<\/span><\/span><span class=\"kt-blocks-accordion-icon-trigger\"><\/span><\/button><\/div><div class=\"kt-accordion-panel kt-accordion-panel-hidden\"><div class=\"kt-accordion-panel-inner\">\n<p class=\"has-theme-palette-3-color has-text-color\"><strong>Sim, a m\u00fasica NoBan Stream n\u00e3o tem direitos! <\/strong>Podes come\u00e7ar a jogar no teu <a href=\"https:\/\/noban.stream\/pt\/plataformas-de-streaming\/\" data-type=\"page\" data-id=\"1999\" class=\"rank-math-link\">servi\u00e7o de streaming preferido<\/a> agora mesmo <strong>sem ter de se inscrever e registar<\/strong> para qualquer coisa.<\/p>\n<\/div><\/div><\/div>\n\n\n\n<div class=\"wp-block-kadence-pane kt-accordion-pane kt-accordion-pane-15 kt-pane_1e6733-98\"><div class=\"kt-accordion-header-wrap\"><button class=\"kt-blocks-accordion-header kt-acccordion-button-label-show\"><span class=\"kt-blocks-accordion-title-wrap\"><span class=\"kt-blocks-accordion-title\">Onde posso encontrar a m\u00fasica NoBan Stream?<\/span><\/span><span class=\"kt-blocks-accordion-icon-trigger\"><\/span><\/button><\/div><div class=\"kt-accordion-panel kt-accordion-panel-hidden\"><div class=\"kt-accordion-panel-inner\">\n<p>Podes encontrar a m\u00fasica da NoBan Stream em todas as principais plataformas de streaming, como <a href=\"https:\/\/open.spotify.com\/album\/7o9AvbLg5c04G6g9G7YNNm\" class=\"rank-math-link\">Spotify<\/a>, <a href=\"https:\/\/music.apple.com\/be\/artist\/noban-stream\/1568492735\" class=\"rank-math-link\">M\u00fasica da Ma\u00e7\u00e3<\/a>e <a href=\"https:\/\/music.amazon.com\/artists\/B095HYWQR4\/noban-stream\" class=\"rank-math-link\">M\u00fasica da Amazon<\/a>. <a href=\"https:\/\/noban.stream\/pt\/plataformas-de-streaming\/\" data-type=\"page\" data-id=\"1999\" class=\"rank-math-link\">Todas as plataformas de streaming s\u00e3o referenciadas aqui<\/a>.<\/p>\n\n\n\n<p>Estamos sempre a trabalhar com o nosso distribuidor para colocar a nossa m\u00fasica no maior n\u00famero poss\u00edvel de plataformas de streaming.<\/p>\n<\/div><\/div><\/div>\n\n\n\n<div class=\"wp-block-kadence-pane kt-accordion-pane kt-accordion-pane-21 kt-pane_f4c8a5-da\"><div class=\"kt-accordion-header-wrap\"><button class=\"kt-blocks-accordion-header kt-acccordion-button-label-show\"><span class=\"kt-blocks-accordion-title-wrap\"><span class=\"kt-blocks-accordion-title\">Posso utilizar o NoBan Stream no Instagram?<\/span><\/span><span class=\"kt-blocks-accordion-icon-trigger\"><\/span><\/button><\/div><div class=\"kt-accordion-panel kt-accordion-panel-hidden\"><div class=\"kt-accordion-panel-inner\">\n<p><strong>Resposta curta: Sim<\/strong>&nbsp;<\/p>\n\n\n\n<p>Resposta longa: Existem v\u00e1rias formas de adicionar m\u00fasica \u00e0s tuas hist\u00f3rias. Basta seleccionar o autocolante na barra de ferramentas e, em seguida, seleccionar o autocolante de m\u00fasica. <\/p>\n\n\n\n<p>Podes consultar todo o cat\u00e1logo da NoBan Stream no Instagram.<\/p>\n<\/div><\/div><\/div>\n\n\n\n<div class=\"wp-block-kadence-pane kt-accordion-pane kt-accordion-pane-9 kt-pane_62f0c3-61\"><div class=\"kt-accordion-header-wrap\"><button class=\"kt-blocks-accordion-header kt-acccordion-button-label-show\"><span class=\"kt-blocks-accordion-title-wrap\"><span class=\"kt-blocks-accordion-title\">Posso usar a m\u00fasica do NoBan Stream nos meus v\u00eddeos no Twitch ou no YouTube?<\/span><\/span><span class=\"kt-blocks-accordion-icon-trigger\"><\/span><\/button><\/div><div class=\"kt-accordion-panel kt-accordion-panel-hidden\"><div class=\"kt-accordion-panel-inner\">\n<p><strong>Resposta curta: Sim<\/strong>&nbsp;<\/p>\n\n\n\n<p><strong>Resposta longa: Continua a ser sim!<\/strong> <br>Se quiseres dar-nos cr\u00e9dito, por favor, f\u00e1-lo! Precisamos de todo o apoio que nos possas dar. <br>Basta copiares e colares o seguinte na descri\u00e7\u00e3o do teu v\u00eddeo ou da tua transmiss\u00e3o ou, se poss\u00edvel, fazeres uma refer\u00eancia:<\/p>\n\n\n\n<p>M\u00fasica isenta de direitos fornecida por <a href=\"https:\/\/noban.stream\/pt\/\" class=\"rank-math-link\">https:\/\/noban.stream<\/a> <br><br>O boca a boca \u00e9 uma ferramenta poderosa nos dias de hoje. Para divulgar a nossa plataforma, gostar\u00edamos que nos partilhasses com os teus espectadores, seguidores e amigos! <\/p>\n<\/div><\/div><\/div>\n\n\n\n<div class=\"wp-block-kadence-pane kt-accordion-pane kt-accordion-pane-11 kt-pane_385884-47\"><div class=\"kt-accordion-header-wrap\"><button class=\"kt-blocks-accordion-header kt-acccordion-button-label-show\"><span class=\"kt-blocks-accordion-title-wrap\"><span class=\"kt-blocks-accordion-title\">Preciso de creditar a(s) m\u00fasica(s) que utilizo?<\/span><\/span><span class=\"kt-blocks-accordion-icon-trigger\"><\/span><\/button><\/div><div class=\"kt-accordion-panel kt-accordion-panel-hidden\"><div class=\"kt-accordion-panel-inner\">\n<p><strong>Responde de forma sucinta: N\u00e3o<\/strong><\/p>\n\n\n\n<p><strong>Resposta longa: Continua a ser n\u00e3o.<\/strong> <br>No entanto, gostar\u00edamos de receber algum cr\u00e9dito. Precisamos de todo o apoio poss\u00edvel.<br>Copia e cola o seguinte na descri\u00e7\u00e3o do teu v\u00eddeo ou transmiss\u00e3o, e saberemos que \u00e9 de um espectador: <br><br>M\u00fasica isenta de direitos fornecida por <a href=\"https:\/\/noban.stream\/pt\/\">https:\/\/noban.stream<\/a><\/p>\n<\/div><\/div><\/div>\n\n\n\n<div class=\"wp-block-kadence-pane kt-accordion-pane kt-accordion-pane-14 kt-pane_8d33d3-21\"><div class=\"kt-accordion-header-wrap\"><button class=\"kt-blocks-accordion-header kt-acccordion-button-label-show\"><span class=\"kt-blocks-accordion-title-wrap\"><span class=\"kt-blocks-accordion-title\">Posso criar a minha pr\u00f3pria lista de reprodu\u00e7\u00e3o?<\/span><\/span><span class=\"kt-blocks-accordion-icon-trigger\"><\/span><\/button><\/div><div class=\"kt-accordion-panel kt-accordion-panel-hidden\"><div class=\"kt-accordion-panel-inner\">\n<p><strong>Resposta curta: Sim<\/strong><\/p>\n\n\n\n<p>Que melhor forma de interagir com os teus espectadores do que criar a tua pr\u00f3pria lista de reprodu\u00e7\u00e3o com m\u00fasica nossa e de outros!<\/p>\n\n\n\n<p>Mas lembra-te: se est\u00e1s a criar a tua pr\u00f3pria lista de reprodu\u00e7\u00e3o e mistura <a href=\"https:\/\/noban.stream\/pt\/listas-de-reproducao\/\" data-type=\"page\" data-id=\"1367\" class=\"rank-math-link\">NoBan Reproduzir m\u00fasica sem direitos<\/a> com outros produtores e compositores, certifica-te de que os outros tamb\u00e9m est\u00e3o isentos de direitos de autor. <\/p>\n\n\n\n<p>Se misturares m\u00fasica protegida por direitos de autor, podes ter problemas e receber uma notifica\u00e7\u00e3o DMCA.<\/p>\n<\/div><\/div><\/div>\n\n\n\n<div class=\"wp-block-kadence-pane kt-accordion-pane kt-accordion-pane-10 kt-pane_1d2a03-9f\"><div class=\"kt-accordion-header-wrap\"><button class=\"kt-blocks-accordion-header kt-acccordion-button-label-show\"><span class=\"kt-blocks-accordion-title-wrap\"><span class=\"kt-blocks-accordion-title\">Posso rentabilizar o meu v\u00eddeo se tiver utilizado a m\u00fasica NoBan Stream?<\/span><\/span><span class=\"kt-blocks-accordion-icon-trigger\"><\/span><\/button><\/div><div class=\"kt-accordion-panel kt-accordion-panel-hidden\"><div class=\"kt-accordion-panel-inner\">\n<p><strong>Sim<\/strong>mas certifica-te de que segues as orienta\u00e7\u00f5es da nossa pol\u00edtica de utiliza\u00e7\u00e3o.<\/p>\n<\/div><\/div><\/div>\n\n\n\n<div class=\"wp-block-kadence-pane kt-accordion-pane kt-accordion-pane-23 kt-pane_328f53-ba\"><div class=\"kt-accordion-header-wrap\"><button class=\"kt-blocks-accordion-header kt-acccordion-button-label-show\"><span class=\"kt-blocks-accordion-title-wrap\"><span class=\"kt-blocks-accordion-title\">Posso usar a m\u00fasica do NoBan Stream para criar a minha pr\u00f3pria can\u00e7\u00e3o\/liberta\u00e7\u00e3o?<\/span><\/span><span class=\"kt-blocks-accordion-icon-trigger\"><\/span><\/button><\/div><div class=\"kt-accordion-panel kt-accordion-panel-hidden\"><div class=\"kt-accordion-panel-inner\">\n<p><strong>Resposta curta: N\u00e3o<\/strong><\/p>\n\n\n\n<p>Resposta longa: A m\u00fasica \u00e9 nossa. Tens de ter a certeza disso. N\u00e3o queremos que descarregues as nossas m\u00fasicas e as carregues para plataformas de streaming e reclames a propriedade. Isso seria mau para o nosso trabalho e para os nossos artistas.<\/p>\n\n\n\n<p>No entanto, damos-te permiss\u00e3o para utilizares a nossa m\u00fasica livremente para as tuas necessidades de conte\u00fado. Podes encurtar, fazer um loop ou integrar outro \u00e1udio no teu fluxo e conte\u00fado. <\/p>\n\n\n\n<p>Podes at\u00e9 fazer uma cover se te apetecer! (Adoramos covers!) Se o fizeres, d\u00e1-nos um grito nas redes sociais para que possamos ser f\u00e3s da tua m\u00fasica.<\/p>\n<\/div><\/div><\/div>\n\n\n\n<div class=\"wp-block-kadence-pane kt-accordion-pane kt-accordion-pane-22 kt-pane_8d7ad3-62\"><div class=\"kt-accordion-header-wrap\"><button class=\"kt-blocks-accordion-header kt-acccordion-button-label-show\"><span class=\"kt-blocks-accordion-title-wrap\"><span class=\"kt-blocks-accordion-title\">Quais s\u00e3o as restri\u00e7\u00f5es de utiliza\u00e7\u00e3o da m\u00fasica NoBan Stream? <\/span><\/span><span class=\"kt-blocks-accordion-icon-trigger\"><\/span><\/button><\/div><div class=\"kt-accordion-panel kt-accordion-panel-hidden\"><div class=\"kt-accordion-panel-inner\">\n<p>S\u00f3 temos algumas restri\u00e7\u00f5es. Temos o direito de nos opormos e n\u00e3o toleraremos qualquer conte\u00fado que seja considerado inaceit\u00e1vel para n\u00f3s. <\/p>\n\n\n\n<p>Isto inclui, mas n\u00e3o se limita a:<\/p>\n\n\n\n<ul class=\"wp-block-list\"><li>A utiliza\u00e7\u00e3o de m\u00fasica em v\u00eddeos de discursos de \u00f3dio<\/li><li>Material ilegal ou de tem\u00e1tica sexual (pornogr\u00e1fico)<\/li><\/ul>\n<\/div><\/div><\/div>\n\n\n\n<div class=\"wp-block-kadence-pane kt-accordion-pane kt-accordion-pane-12 kt-pane_0f4b4a-66\"><div class=\"kt-accordion-header-wrap\"><button class=\"kt-blocks-accordion-header kt-acccordion-button-label-show\"><span class=\"kt-blocks-accordion-title-wrap\"><span class=\"kt-blocks-accordion-title\">Receberei uma reclama\u00e7\u00e3o de direitos de autor ou um strike se utilizar uma faixa NoBan Stream no meu v\u00eddeo?<\/span><\/span><span class=\"kt-blocks-accordion-icon-trigger\"><\/span><\/button><\/div><div class=\"kt-accordion-panel kt-accordion-panel-hidden\"><div class=\"kt-accordion-panel-inner\">\n<p><strong>N\u00e3o, n\u00e3o vais.<\/strong> <\/p>\n\n\n\n<p>Se isto alguma vez aconteceu com a m\u00fasica NoBan Stream e precisares de ajuda, por favor <a href=\"https:\/\/noban.stream\/pt\/faq\/twitch-stream-mudo\/\">contacta-nos<\/a> com o nome da m\u00fasica que desencadeou este evento para que possamos entrar em contacto contigo.<\/p>\n<\/div><\/div><\/div>\n\n\n\n<div class=\"wp-block-kadence-pane kt-accordion-pane kt-accordion-pane-13 kt-pane_a5822a-3f\"><div class=\"kt-accordion-header-wrap\"><button class=\"kt-blocks-accordion-header kt-acccordion-button-label-show\"><span class=\"kt-blocks-accordion-title-wrap\"><span class=\"kt-blocks-accordion-title\">A minha transmiss\u00e3o no Twitch foi silenciada. O que queres agora?<\/span><\/span><span class=\"kt-blocks-accordion-icon-trigger\"><\/span><\/button><\/div><div class=\"kt-accordion-panel kt-accordion-panel-hidden\"><div class=\"kt-accordion-panel-inner\">\n<p>Compreendemos que estejas zangado com o recente silenciamento do teu conte\u00fado. Mas, infelizmente, n\u00e3o existe um sistema interno de identifica\u00e7\u00e3o de direitos de autor para os canais do Twitch que permita verificar se uma m\u00fasica foi criada por outra pessoa.<\/p>\n\n\n\n<p>Se a tua transmiss\u00e3o for silenciada, significa que algo na transmiss\u00e3o sinalizado como conte\u00fado protegido por direitos de autor estava a ser reproduzido de uma forma ou de outra. Se isto alguma vez aconteceu com a m\u00fasica NoBan Stream e precisares de ajuda, por favor <a href=\"https:\/\/noban.stream\/pt\/faq\/twitch-stream-mudo\/\" data-type=\"page\" data-id=\"1101\">contacta-nos<\/a> com o nome da m\u00fasica que desencadeou este evento para que possamos entrar em contacto contigo.<\/p>\n<\/div><\/div><\/div>\n\n\n\n<div class=\"wp-block-kadence-pane kt-accordion-pane kt-accordion-pane-24 kt-pane_f498de-5d\"><div class=\"kt-accordion-header-wrap\"><button class=\"kt-blocks-accordion-header kt-acccordion-button-label-show\"><span class=\"kt-blocks-accordion-title-wrap\"><span class=\"kt-blocks-accordion-title\">Recebi uma queixa\/den\u00fancia. E agora?<\/span><\/span><span class=\"kt-blocks-accordion-icon-trigger\"><\/span><\/button><\/div><div class=\"kt-accordion-panel kt-accordion-panel-hidden\"><div class=\"kt-accordion-panel-inner\">\n<p>Podem ocorrer reclama\u00e7\u00f5es e erros injustos, mas normalmente s\u00e3o quest\u00f5es t\u00e9cnicas. Se a reclama\u00e7\u00e3o\/ataque ao teu canal estiver relacionada com a m\u00fasica NoBan Stream, por favor <a href=\"https:\/\/noban.stream\/pt\/faq\/apoio-a-reclamacao\/\" data-type=\"page\" data-id=\"1121\">contacta-nos atrav\u00e9s do seguinte formul\u00e1rio de apoio<\/a>.<\/p>\n<\/div><\/div><\/div>\n\n\n\n<div class=\"wp-block-kadence-pane kt-accordion-pane kt-accordion-pane-16 kt-pane_145d9f-aa\"><div class=\"kt-accordion-header-wrap\"><button class=\"kt-blocks-accordion-header kt-acccordion-button-label-show\"><span class=\"kt-blocks-accordion-title-wrap\"><span class=\"kt-blocks-accordion-title\">Tenho um pedido de mais m\u00fasica! Como \u00e9 que partilho as minhas ideias?<\/span><\/span><span class=\"kt-blocks-accordion-icon-trigger\"><\/span><\/button><\/div><div class=\"kt-accordion-panel kt-accordion-panel-hidden\"><div class=\"kt-accordion-panel-inner\">\n<p>Gostar\u00edamos de saber que tipo de m\u00fasica gostarias de ver adicionada ao NoBan Stream.<\/p>\n\n\n\n<p>Diz-nos com o nosso <a href=\"https:\/\/noban.stream\/pt\/pede-mais-musica\/\" data-type=\"page\" data-id=\"1076\"><a href=\"https:\/\/noban.stream\/pt\/faq\/pede-mais-musica\/\" data-type=\"page\" data-id=\"1076\" class=\"rank-math-link\">formul\u00e1rio de pedido<\/a><\/a> o tipo de m\u00fasica que te anima e o que gostarias de partilhar nas tuas emiss\u00f5es.<\/p>\n<\/div><\/div><\/div>\n\n\n\n<div class=\"wp-block-kadence-pane kt-accordion-pane kt-accordion-pane-19 kt-pane_a45f57-5a\"><div class=\"kt-accordion-header-wrap\"><button class=\"kt-blocks-accordion-header kt-acccordion-button-label-show\"><span class=\"kt-blocks-accordion-title-wrap\"><span class=\"kt-blocks-accordion-title\">Como posso contactar a NoBan Stream?<\/span><\/span><span class=\"kt-blocks-accordion-icon-trigger\"><\/span><\/button><\/div><div class=\"kt-accordion-panel kt-accordion-panel-hidden\"><div class=\"kt-accordion-panel-inner\">\n<p>Essa \u00e9 uma pergunta f\u00e1cil! <a href=\"https:\/\/noban.stream\/pt\/contacta-nos\/\" data-type=\"page\" data-id=\"697\" class=\"rank-math-link\">Preenche o nosso formul\u00e1rio de contacto<\/a>.<\/p>\n<\/div><\/div><\/div>\n<\/div><\/div><\/div>","protected":false},"excerpt":{"rendered":"<p>Perguntas gerais sobre NoBan.Stream<\/p>","protected":false},"author":1,"featured_media":0,"parent":0,"menu_order":0,"comment_status":"closed","ping_status":"closed","template":"","meta":{"_seopress_robots_primary_cat":"","_seopress_titles_title":"","_seopress_titles_desc":"","_seopress_robots_index":"","_kad_blocks_custom_css":"","_kad_blocks_head_custom_js":"","_kad_blocks_body_custom_js":"","_kad_blocks_footer_custom_js":"","_kad_post_transparent":"","_kad_post_title":"","_kad_post_layout":"","_kad_post_sidebar_id":"","_kad_post_content_style":"","_kad_post_vertical_padding":"","_kad_post_feature":"","_kad_post_feature_position":"","_kad_post_header":false,"_kad_post_footer":false,"_kad_post_classname":"","footnotes":""},"class_list":["post-1067","page","type-page","status-publish","hentry"],"taxonomy_info":[],"featured_image_src_large":false,"author_info":{"display_name":"Julien","author_link":"https:\/\/noban.stream\/pt\/author\/nbsadminpro\/"},"comment_info":0,"_links":{"self":[{"href":"https:\/\/noban.stream\/pt\/wp-json\/wp\/v2\/pages\/1067","targetHints":{"allow":["GET"]}}],"collection":[{"href":"https:\/\/noban.stream\/pt\/wp-json\/wp\/v2\/pages"}],"about":[{"href":"https:\/\/noban.stream\/pt\/wp-json\/wp\/v2\/types\/page"}],"author":[{"embeddable":true,"href":"https:\/\/noban.stream\/pt\/wp-json\/wp\/v2\/users\/1"}],"replies":[{"embeddable":true,"href":"https:\/\/noban.stream\/pt\/wp-json\/wp\/v2\/comments?post=1067"}],"version-history":[{"count":0,"href":"https:\/\/noban.stream\/pt\/wp-json\/wp\/v2\/pages\/1067\/revisions"}],"wp:attachment":[{"href":"https:\/\/noban.stream\/pt\/wp-json\/wp\/v2\/media?parent=1067"}],"curies":[{"name":"wp","href":"https:\/\/api.w.org\/{rel}","templated":true}]}}