{"id":1067,"date":"2021-05-02T08:28:50","date_gmt":"2021-05-02T08:28:50","guid":{"rendered":"https:\/\/noban.stream\/?page_id=1067"},"modified":"2021-06-01T12:38:25","modified_gmt":"2021-06-01T10:38:25","slug":"faq","status":"publish","type":"page","link":"https:\/\/noban.stream\/sv\/faq\/","title":{"rendered":"Vanliga fr\u00e5gor och anv\u00e4ndningspolicy"},"content":{"rendered":"<p>Allm\u00e4nna fr\u00e5gor om NoBan.Stream<\/p>\n\n\n<style>.kt-accordion-id_1998d6-bc .kt-accordion-inner-wrap{column-gap:var(--global-kb-gap-md, 2rem);row-gap:10px;}.kt-accordion-id_1998d6-bc .kt-accordion-panel-inner{border-top-width:0px;border-right-width:0px;border-bottom-width:0px;border-left-width:0px;border-top-left-radius:0px;border-top-right-radius:0px;border-bottom-right-radius:7px;border-bottom-left-radius:7px;background:var(--global-palette9, #ffffff);padding-top:var(--global-kb-spacing-sm, 1.5rem);padding-right:var(--global-kb-spacing-sm, 1.5rem);padding-bottom:var(--global-kb-spacing-sm, 1.5rem);padding-left:var(--global-kb-spacing-sm, 1.5rem);}.kt-accordion-id_1998d6-bc > .kt-accordion-inner-wrap > .wp-block-kadence-pane > .kt-accordion-header-wrap > .kt-blocks-accordion-header{border-top-width:0px;border-right-width:0px;border-bottom-width:0px;border-left-width:0px;border-top-left-radius:7px;border-top-right-radius:7px;border-bottom-right-radius:7px;border-bottom-left-radius:7px;background:var(--global-palette1, #3182CE);font-size:18px;line-height:24px;font-weight:bold;color:var(--global-palette9, #ffffff);padding-top:14px;padding-right:16px;padding-bottom:14px;padding-left:16px;}.kt-accordion-id_1998d6-bc:not( .kt-accodion-icon-style-basiccircle ):not( .kt-accodion-icon-style-xclosecircle ):not( .kt-accodion-icon-style-arrowcircle )  > .kt-accordion-inner-wrap > .wp-block-kadence-pane > .kt-accordion-header-wrap .kt-blocks-accordion-icon-trigger:after, .kt-accordion-id_1998d6-bc:not( .kt-accodion-icon-style-basiccircle ):not( .kt-accodion-icon-style-xclosecircle ):not( .kt-accodion-icon-style-arrowcircle )  > .kt-accordion-inner-wrap > .wp-block-kadence-pane > .kt-accordion-header-wrap .kt-blocks-accordion-icon-trigger:before{background:var(--global-palette9, #ffffff);}.kt-accordion-id_1998d6-bc:not( .kt-accodion-icon-style-basic ):not( .kt-accodion-icon-style-xclose ):not( .kt-accodion-icon-style-arrow ) .kt-blocks-accordion-icon-trigger{background:var(--global-palette9, #ffffff);}.kt-accordion-id_1998d6-bc:not( .kt-accodion-icon-style-basic ):not( .kt-accodion-icon-style-xclose ):not( .kt-accodion-icon-style-arrow ) .kt-blocks-accordion-icon-trigger:after, .kt-accordion-id_1998d6-bc:not( .kt-accodion-icon-style-basic ):not( .kt-accodion-icon-style-xclose ):not( .kt-accodion-icon-style-arrow ) .kt-blocks-accordion-icon-trigger:before{background:var(--global-palette1, #3182CE);}.kt-accordion-id_1998d6-bc > .kt-accordion-inner-wrap > .wp-block-kadence-pane > .kt-accordion-header-wrap > .kt-blocks-accordion-header:hover, \n\t\t\t\tbody:not(.hide-focus-outline) .kt-accordion-id_1998d6-bc .kt-blocks-accordion-header:focus-visible{color:var(--global-palette3, #1A202C);background:var(--global-palette7, #EDF2F7);}.kt-accordion-id_1998d6-bc:not( .kt-accodion-icon-style-basiccircle ):not( .kt-accodion-icon-style-xclosecircle ):not( .kt-accodion-icon-style-arrowcircle ) .kt-accordion-header-wrap .kt-blocks-accordion-header:hover .kt-blocks-accordion-icon-trigger:after, .kt-accordion-id_1998d6-bc:not( .kt-accodion-icon-style-basiccircle ):not( .kt-accodion-icon-style-xclosecircle ):not( .kt-accodion-icon-style-arrowcircle ) .kt-accordion-header-wrap .kt-blocks-accordion-header:hover .kt-blocks-accordion-icon-trigger:before, body:not(.hide-focus-outline) .kt-accordion-id_1998d6-bc:not( .kt-accodion-icon-style-basiccircle ):not( .kt-accodion-icon-style-xclosecircle ):not( .kt-accodion-icon-style-arrowcircle ) .kt-blocks-accordion--visible .kt-blocks-accordion-icon-trigger:after, body:not(.hide-focus-outline) .kt-accordion-id_1998d6-bc:not( .kt-accodion-icon-style-basiccircle ):not( .kt-accodion-icon-style-xclosecircle ):not( .kt-accodion-icon-style-arrowcircle ) .kt-blocks-accordion-header:focus-visible .kt-blocks-accordion-icon-trigger:before{background:var(--global-palette3, #1A202C);}.kt-accordion-id_1998d6-bc:not( .kt-accodion-icon-style-basic ):not( .kt-accodion-icon-style-xclose ):not( .kt-accodion-icon-style-arrow ) .kt-accordion-header-wrap .kt-blocks-accordion-header:hover .kt-blocks-accordion-icon-trigger, body:not(.hide-focus-outline) .kt-accordion-id_1998d6-bc:not( .kt-accodion-icon-style-basic ):not( .kt-accodion-icon-style-xclose ):not( .kt-accodion-icon-style-arrow ) .kt-accordion-header-wrap .kt-blocks-accordion-header:focus-visible .kt-blocks-accordion-icon-trigger{background:var(--global-palette3, #1A202C);}.kt-accordion-id_1998d6-bc:not( .kt-accodion-icon-style-basic ):not( .kt-accodion-icon-style-xclose ):not( .kt-accodion-icon-style-arrow ) .kt-accordion-header-wrap .kt-blocks-accordion-header:hover .kt-blocks-accordion-icon-trigger:after, .kt-accordion-id_1998d6-bc:not( .kt-accodion-icon-style-basic ):not( .kt-accodion-icon-style-xclose ):not( .kt-accodion-icon-style-arrow ) .kt-accordion-header-wrap .kt-blocks-accordion-header:hover .kt-blocks-accordion-icon-trigger:before, body:not(.hide-focus-outline) .kt-accordion-id_1998d6-bc:not( .kt-accodion-icon-style-basic ):not( .kt-accodion-icon-style-xclose ):not( .kt-accodion-icon-style-arrow ) .kt-accordion-header-wrap .kt-blocks-accordion-header:focus-visible .kt-blocks-accordion-icon-trigger:after, body:not(.hide-focus-outline) .kt-accordion-id_1998d6-bc:not( .kt-accodion-icon-style-basic ):not( .kt-accodion-icon-style-xclose ):not( .kt-accodion-icon-style-arrow ) .kt-accordion-header-wrap .kt-blocks-accordion-header:focus-visible .kt-blocks-accordion-icon-trigger:before{background:var(--global-palette7, #EDF2F7);}.kt-accordion-id_1998d6-bc .kt-accordion-header-wrap .kt-blocks-accordion-header:focus-visible,\n\t\t\t\t.kt-accordion-id_1998d6-bc > .kt-accordion-inner-wrap > .wp-block-kadence-pane > .kt-accordion-header-wrap > .kt-blocks-accordion-header.kt-accordion-panel-active{color:var(--global-palette3, #1A202C);background:var(--global-palette7, #EDF2F7);}.kt-accordion-id_1998d6-bc:not( .kt-accodion-icon-style-basiccircle ):not( .kt-accodion-icon-style-xclosecircle ):not( .kt-accodion-icon-style-arrowcircle )  > .kt-accordion-inner-wrap > .wp-block-kadence-pane > .kt-accordion-header-wrap > .kt-blocks-accordion-header.kt-accordion-panel-active .kt-blocks-accordion-icon-trigger:after, .kt-accordion-id_1998d6-bc:not( .kt-accodion-icon-style-basiccircle ):not( .kt-accodion-icon-style-xclosecircle ):not( .kt-accodion-icon-style-arrowcircle )  > .kt-accordion-inner-wrap > .wp-block-kadence-pane > .kt-accordion-header-wrap > .kt-blocks-accordion-header.kt-accordion-panel-active .kt-blocks-accordion-icon-trigger:before{background:var(--global-palette3, #1A202C);}.kt-accordion-id_1998d6-bc:not( .kt-accodion-icon-style-basic ):not( .kt-accodion-icon-style-xclose ):not( .kt-accodion-icon-style-arrow ) .kt-blocks-accordion-header.kt-accordion-panel-active .kt-blocks-accordion-icon-trigger{background:var(--global-palette3, #1A202C);}.kt-accordion-id_1998d6-bc:not( .kt-accodion-icon-style-basic ):not( .kt-accodion-icon-style-xclose ):not( .kt-accodion-icon-style-arrow ) .kt-blocks-accordion-header.kt-accordion-panel-active .kt-blocks-accordion-icon-trigger:after, .kt-accordion-id_1998d6-bc:not( .kt-accodion-icon-style-basic ):not( .kt-accodion-icon-style-xclose ):not( .kt-accodion-icon-style-arrow ) .kt-blocks-accordion-header.kt-accordion-panel-active .kt-blocks-accordion-icon-trigger:before{background:var(--global-palette7, #EDF2F7);}@media all and (max-width: 767px){.kt-accordion-id_1998d6-bc .kt-accordion-inner-wrap{display:block;}.kt-accordion-id_1998d6-bc .kt-accordion-inner-wrap .kt-accordion-pane:not(:first-child){margin-top:10px;}}<\/style>\n<div class=\"wp-block-kadence-accordion alignnone hp-acc\"><div class=\"kt-accordion-wrap kt-accordion-wrap kt-accordion-id_1998d6-bc kt-accordion-has-24-panes kt-active-pane-0 kt-accordion-block kt-pane-header-alignment-left kt-accodion-icon-style-arrow kt-accodion-icon-side-right\" style=\"max-width:none\"><div class=\"kt-accordion-inner-wrap\" data-allow-multiple-open=\"true\" data-start-open=\"none\">\n<div class=\"wp-block-kadence-pane kt-accordion-pane kt-accordion-pane-17 kt-pane_b4201d-cf\"><div class=\"kt-accordion-header-wrap\"><button class=\"kt-blocks-accordion-header kt-acccordion-button-label-show\"><span class=\"kt-blocks-accordion-title-wrap\"><span class=\"kt-blocks-accordion-title\">Vad \u00e4r NoBan Stream?<\/span><\/span><span class=\"kt-blocks-accordion-icon-trigger\"><\/span><\/button><\/div><div class=\"kt-accordion-panel kt-accordion-panel-hidden\"><div class=\"kt-accordion-panel-inner\">\n<p><strong>Kort svar: Din b\u00e4sta v\u00e4n f\u00f6r inneh\u00e5ll<\/strong><\/p>\n\n\n\n<p>L\u00e5ngt svar: NoBan Stream \u00e4r en tj\u00e4nst f\u00f6r musikstr\u00f6mning som erbjuder&nbsp;<strong>royaltyfria l\u00e5tar f\u00f6r streamers<\/strong>&nbsp;och inneh\u00e5llsskapare! Med mer <a href=\"https:\/\/noban.stream\/sv\/konstnarer\/\" data-type=\"page\" data-id=\"829\" class=\"rank-math-link\">konstn\u00e4rer<\/a> N\u00e4r du ansluter dig varje dag har du ett st\u00e4ndigt v\u00e4xande utbud av musik till hands utan att beh\u00f6va vara r\u00e4dd f\u00f6r att drabbas av en DMCA-strejk. <\/p>\n\n\n\n<p>Ingen prenumeration kr\u00e4vs &amp; <a href=\"https:\/\/noban.stream\/sv\/streaming-plattformar\/\" data-type=\"page\" data-id=\"1999\" class=\"rank-math-link\">tillg\u00e4nglig p\u00e5 alla st\u00f6rre streamingplattformar<\/a>!<\/p>\n<\/div><\/div><\/div>\n\n\n\n<div class=\"wp-block-kadence-pane kt-accordion-pane kt-accordion-pane-1 kt-pane_c013c7-39\"><div class=\"kt-accordion-header-wrap\"><button class=\"kt-blocks-accordion-header kt-acccordion-button-label-show\"><span class=\"kt-blocks-accordion-title-wrap\"><span class=\"kt-blocks-accordion-title\">\u00c4r NoBan Stream musik gratis?<\/span><\/span><span class=\"kt-blocks-accordion-icon-trigger\"><\/span><\/button><\/div><div class=\"kt-accordion-panel kt-accordion-panel-hidden\"><div class=\"kt-accordion-panel-inner\">\n<p class=\"has-theme-palette-3-color has-text-color\"><strong>Ja, NoBan Stream-musik \u00e4r r\u00e4ttighetsfri! <\/strong>Du kan b\u00f6rja spela den p\u00e5 din <a href=\"https:\/\/noban.stream\/sv\/streaming-plattformar\/\" data-type=\"page\" data-id=\"1999\" class=\"rank-math-link\">favorit streamingtj\u00e4nst<\/a> just nu <strong>utan att beh\u00f6va prenumerera och registrera<\/strong> f\u00f6r n\u00e5gonting alls.<\/p>\n<\/div><\/div><\/div>\n\n\n\n<div class=\"wp-block-kadence-pane kt-accordion-pane kt-accordion-pane-15 kt-pane_1e6733-98\"><div class=\"kt-accordion-header-wrap\"><button class=\"kt-blocks-accordion-header kt-acccordion-button-label-show\"><span class=\"kt-blocks-accordion-title-wrap\"><span class=\"kt-blocks-accordion-title\">Var kan jag hitta NoBan Stream-musik?<\/span><\/span><span class=\"kt-blocks-accordion-icon-trigger\"><\/span><\/button><\/div><div class=\"kt-accordion-panel kt-accordion-panel-hidden\"><div class=\"kt-accordion-panel-inner\">\n<p>Du kan hitta NoBan Stream-musik p\u00e5 alla st\u00f6rre streamingplattformar, som t.ex. <a href=\"https:\/\/open.spotify.com\/album\/7o9AvbLg5c04G6g9G7YNNm\" class=\"rank-math-link\">Spotify<\/a>, <a href=\"https:\/\/music.apple.com\/be\/artist\/noban-stream\/1568492735\" class=\"rank-math-link\">Apple Music<\/a>, och <a href=\"https:\/\/music.amazon.com\/artists\/B095HYWQR4\/noban-stream\" class=\"rank-math-link\">Amazon Music<\/a>. <a href=\"https:\/\/noban.stream\/sv\/streaming-plattformar\/\" data-type=\"page\" data-id=\"1999\" class=\"rank-math-link\">Alla streamingplattformar anges h\u00e4r<\/a>.<\/p>\n\n\n\n<p>Vi arbetar alltid med v\u00e5r distribut\u00f6r f\u00f6r att f\u00e5 ut v\u00e5r musik p\u00e5 s\u00e5 m\u00e5nga streamingplattformar som m\u00f6jligt.<\/p>\n<\/div><\/div><\/div>\n\n\n\n<div class=\"wp-block-kadence-pane kt-accordion-pane kt-accordion-pane-21 kt-pane_f4c8a5-da\"><div class=\"kt-accordion-header-wrap\"><button class=\"kt-blocks-accordion-header kt-acccordion-button-label-show\"><span class=\"kt-blocks-accordion-title-wrap\"><span class=\"kt-blocks-accordion-title\">Kan jag anv\u00e4nda NoBan Stream p\u00e5 Instagram?<\/span><\/span><span class=\"kt-blocks-accordion-icon-trigger\"><\/span><\/button><\/div><div class=\"kt-accordion-panel kt-accordion-panel-hidden\"><div class=\"kt-accordion-panel-inner\">\n<p><strong>Kort svar: Ja<\/strong>&nbsp;<\/p>\n\n\n\n<p>L\u00e5ngt svar: Det finns flera s\u00e4tt att l\u00e4gga till musik till dina ber\u00e4ttelser. V\u00e4lj bara klisterm\u00e4rket i verktygsf\u00e4ltet och v\u00e4lj sedan musikm\u00e4rket. <\/p>\n\n\n\n<p>Hela NoBan Stream-katalogen finns tillg\u00e4nglig p\u00e5 Instagram.<\/p>\n<\/div><\/div><\/div>\n\n\n\n<div class=\"wp-block-kadence-pane kt-accordion-pane kt-accordion-pane-9 kt-pane_62f0c3-61\"><div class=\"kt-accordion-header-wrap\"><button class=\"kt-blocks-accordion-header kt-acccordion-button-label-show\"><span class=\"kt-blocks-accordion-title-wrap\"><span class=\"kt-blocks-accordion-title\">Kan jag anv\u00e4nda NoBan Stream-musik i mina videor p\u00e5 Twitch eller YouTube?<\/span><\/span><span class=\"kt-blocks-accordion-icon-trigger\"><\/span><\/button><\/div><div class=\"kt-accordion-panel kt-accordion-panel-hidden\"><div class=\"kt-accordion-panel-inner\">\n<p><strong>Kort svar: Ja<\/strong>&nbsp;<\/p>\n\n\n\n<p><strong>L\u00e5ngt svar: Fortfarande ja!<\/strong> <br>Om du vill ge oss en kredit, g\u00f6r det g\u00e4rna! Vi kan beh\u00f6va allt st\u00f6d du kan ge oss. <br>Kopiera och klistra in f\u00f6ljande i beskrivningen av din video eller stream, eller ge en h\u00e4lsning n\u00e4r det \u00e4r m\u00f6jligt :<\/p>\n\n\n\n<p>R\u00e4ttighetsfri musik tillhandah\u00e5lls av <a href=\"https:\/\/noban.stream\/sv\/\" class=\"rank-math-link\">https:\/\/noban.stream<\/a> <br><br>Mun till mun \u00e4r ett kraftfullt verktyg i dagens l\u00e4ge. F\u00f6r att f\u00e5 ut ordet om v\u00e5r plattform skulle vi uppskatta om du delade oss med dina tittare, f\u00f6ljare och v\u00e4nner! <\/p>\n<\/div><\/div><\/div>\n\n\n\n<div class=\"wp-block-kadence-pane kt-accordion-pane kt-accordion-pane-11 kt-pane_385884-47\"><div class=\"kt-accordion-header-wrap\"><button class=\"kt-blocks-accordion-header kt-acccordion-button-label-show\"><span class=\"kt-blocks-accordion-title-wrap\"><span class=\"kt-blocks-accordion-title\">M\u00e5ste jag ange vilka l\u00e5tar jag anv\u00e4nder?<\/span><\/span><span class=\"kt-blocks-accordion-icon-trigger\"><\/span><\/button><\/div><div class=\"kt-accordion-panel kt-accordion-panel-hidden\"><div class=\"kt-accordion-panel-inner\">\n<p><strong>Korta svar: Nej<\/strong><\/p>\n\n\n\n<p><strong>L\u00e5ngt svar: Fortfarande nej.<\/strong> <br>Vi skulle dock uppskatta en viss kredit. Vi kan beh\u00f6va allt st\u00f6d.<br>Kopiera och klistra in f\u00f6ljande i beskrivningen av din video eller stream s\u00e5 vet vi att det kommer fr\u00e5n en tittare: <br><br>R\u00e4ttighetsfri musik tillhandah\u00e5lls av <a href=\"https:\/\/noban.stream\/sv\/\">https:\/\/noban.stream<\/a><\/p>\n<\/div><\/div><\/div>\n\n\n\n<div class=\"wp-block-kadence-pane kt-accordion-pane kt-accordion-pane-14 kt-pane_8d33d3-21\"><div class=\"kt-accordion-header-wrap\"><button class=\"kt-blocks-accordion-header kt-acccordion-button-label-show\"><span class=\"kt-blocks-accordion-title-wrap\"><span class=\"kt-blocks-accordion-title\">Kan jag skapa min egen spellista?<\/span><\/span><span class=\"kt-blocks-accordion-icon-trigger\"><\/span><\/button><\/div><div class=\"kt-accordion-panel kt-accordion-panel-hidden\"><div class=\"kt-accordion-panel-inner\">\n<p><strong>Kort svar: Ja<\/strong><\/p>\n\n\n\n<p>Finns det n\u00e5got b\u00e4ttre s\u00e4tt att engagera tittarna \u00e4n att skapa en egen spellista med musik fr\u00e5n oss och andra?<\/p>\n\n\n\n<p>Kom bara ih\u00e5g: Om du skapar din egen spellista och blandning <a href=\"https:\/\/noban.stream\/sv\/spellistor\/\" data-type=\"page\" data-id=\"1367\" class=\"rank-math-link\">NoBan Str\u00f6mma r\u00e4ttighetsfri musik<\/a> med andra producenter och l\u00e5tskrivare, se till att de andra ocks\u00e5 \u00e4r royaltyfria. <\/p>\n\n\n\n<p>Om du blandar med upphovsr\u00e4ttsskyddad musik kan du \u00e4nd\u00e5 f\u00e5 problem och f\u00e5 ett DMCA-meddelande.<\/p>\n<\/div><\/div><\/div>\n\n\n\n<div class=\"wp-block-kadence-pane kt-accordion-pane kt-accordion-pane-10 kt-pane_1d2a03-9f\"><div class=\"kt-accordion-header-wrap\"><button class=\"kt-blocks-accordion-header kt-acccordion-button-label-show\"><span class=\"kt-blocks-accordion-title-wrap\"><span class=\"kt-blocks-accordion-title\">Kan jag tj\u00e4na pengar p\u00e5 min video om jag har anv\u00e4nt NoBan Stream-musik?<\/span><\/span><span class=\"kt-blocks-accordion-icon-trigger\"><\/span><\/button><\/div><div class=\"kt-accordion-panel kt-accordion-panel-hidden\"><div class=\"kt-accordion-panel-inner\">\n<p><strong>Ja<\/strong>men se till att du f\u00f6ljer riktlinjerna i v\u00e5r anv\u00e4ndningspolicy.<\/p>\n<\/div><\/div><\/div>\n\n\n\n<div class=\"wp-block-kadence-pane kt-accordion-pane kt-accordion-pane-23 kt-pane_328f53-ba\"><div class=\"kt-accordion-header-wrap\"><button class=\"kt-blocks-accordion-header kt-acccordion-button-label-show\"><span class=\"kt-blocks-accordion-title-wrap\"><span class=\"kt-blocks-accordion-title\">Kan jag anv\u00e4nda musik fr\u00e5n NoBan Stream f\u00f6r att skapa min egen l\u00e5t\/utg\u00e5va?<\/span><\/span><span class=\"kt-blocks-accordion-icon-trigger\"><\/span><\/button><\/div><div class=\"kt-accordion-panel kt-accordion-panel-hidden\"><div class=\"kt-accordion-panel-inner\">\n<p><strong>Kort svar: Nej<\/strong><\/p>\n\n\n\n<p>L\u00e5ngt svar: Musiken \u00e4r v\u00e5r. Det \u00e4r en sj\u00e4lvklarhet. Vi vill inte att du ska ladda ner v\u00e5ra l\u00e5tar och ladda upp dem till streamingplattformar och h\u00e4vda \u00e4gander\u00e4tten. Det skulle vara d\u00e5ligt f\u00f6r v\u00e5rt arbete och v\u00e5ra artister.<\/p>\n\n\n\n<p>Vi ger dig dock till\u00e5telse att fritt anv\u00e4nda v\u00e5r musik f\u00f6r dina inneh\u00e5llsbehov. Du f\u00e5r f\u00f6rkorta, slinga eller l\u00e4gga in andra ljud i din stream och ditt inneh\u00e5ll. <\/p>\n\n\n\n<p>Du kan till och med g\u00f6ra ett omslag om du k\u00e4nner f\u00f6r det! (Vi \u00c4LSKAR coverl\u00e5tar!) Ge oss ett meddelande p\u00e5 sociala medier om du g\u00f6r det s\u00e5 att vi kan beundra din musik.<\/p>\n<\/div><\/div><\/div>\n\n\n\n<div class=\"wp-block-kadence-pane kt-accordion-pane kt-accordion-pane-22 kt-pane_8d7ad3-62\"><div class=\"kt-accordion-header-wrap\"><button class=\"kt-blocks-accordion-header kt-acccordion-button-label-show\"><span class=\"kt-blocks-accordion-title-wrap\"><span class=\"kt-blocks-accordion-title\">Vilka \u00e4r anv\u00e4ndningsbegr\u00e4nsningarna f\u00f6r NoBan Stream-musik? <\/span><\/span><span class=\"kt-blocks-accordion-icon-trigger\"><\/span><\/button><\/div><div class=\"kt-accordion-panel kt-accordion-panel-hidden\"><div class=\"kt-accordion-panel-inner\">\n<p>Vi har bara n\u00e5gra f\u00e5 begr\u00e4nsningar. Vi har r\u00e4tt att protestera, och vi kommer inte att acceptera n\u00e5got inneh\u00e5ll som vi anser vara oacceptabelt. <\/p>\n\n\n\n<p>Detta inkluderar, men \u00e4r inte begr\u00e4nsat till:<\/p>\n\n\n\n<ul class=\"wp-block-list\"><li>Anv\u00e4ndning av musik i videor om hatretorik<\/li><li>Olagligt eller sexuellt tematiskt (pornografiskt) material<\/li><\/ul>\n<\/div><\/div><\/div>\n\n\n\n<div class=\"wp-block-kadence-pane kt-accordion-pane kt-accordion-pane-12 kt-pane_0f4b4a-66\"><div class=\"kt-accordion-header-wrap\"><button class=\"kt-blocks-accordion-header kt-acccordion-button-label-show\"><span class=\"kt-blocks-accordion-title-wrap\"><span class=\"kt-blocks-accordion-title\">Kommer jag att f\u00e5 ett upphovsr\u00e4ttskrav eller en strejk om jag anv\u00e4nder ett NoBan Stream-sp\u00e5r i min video?<\/span><\/span><span class=\"kt-blocks-accordion-icon-trigger\"><\/span><\/button><\/div><div class=\"kt-accordion-panel kt-accordion-panel-hidden\"><div class=\"kt-accordion-panel-inner\">\n<p><strong>Nej, det g\u00f6r du inte.<\/strong> <\/p>\n\n\n\n<p>Om detta n\u00e5gonsin har h\u00e4nt med NoBan Stream music och du beh\u00f6ver hj\u00e4lp, v\u00e4nligen <a href=\"https:\/\/noban.stream\/sv\/faq\/twitch-stream-dampad\/\">kontakta oss<\/a> med namnet p\u00e5 l\u00e5ten som utl\u00f6ste h\u00e4ndelsen s\u00e5 att vi kan \u00e5terkomma till dig.<\/p>\n<\/div><\/div><\/div>\n\n\n\n<div class=\"wp-block-kadence-pane kt-accordion-pane kt-accordion-pane-13 kt-pane_a5822a-3f\"><div class=\"kt-accordion-header-wrap\"><button class=\"kt-blocks-accordion-header kt-acccordion-button-label-show\"><span class=\"kt-blocks-accordion-title-wrap\"><span class=\"kt-blocks-accordion-title\">Min Twitch-str\u00f6m var avst\u00e4ngd. Vad h\u00e4nder nu?<\/span><\/span><span class=\"kt-blocks-accordion-icon-trigger\"><\/span><\/button><\/div><div class=\"kt-accordion-panel kt-accordion-panel-hidden\"><div class=\"kt-accordion-panel-inner\">\n<p>Vi f\u00f6rst\u00e5r att du \u00e4r arg \u00f6ver att ditt inneh\u00e5ll nyligen har d\u00e4mpats. Men tyv\u00e4rr finns det inget internt system f\u00f6r identifiering av upphovsr\u00e4tt f\u00f6r Twitch-kanaler f\u00f6r att kontrollera om en l\u00e5t har skapats av n\u00e5gon annan.<\/p>\n\n\n\n<p>Om din stream blir avst\u00e4ngd betyder det att n\u00e5got i s\u00e4ndningen som \u00e4r markerat som upphovsr\u00e4ttsskyddat inneh\u00e5ll spelades upp p\u00e5 ett eller annat s\u00e4tt. Om detta n\u00e5gonsin har h\u00e4nt med NoBan Stream-musik och du beh\u00f6ver hj\u00e4lp, v\u00e4nligen kontakta <a href=\"https:\/\/noban.stream\/sv\/faq\/twitch-stream-dampad\/\" data-type=\"page\" data-id=\"1101\">kontakta oss<\/a> med namnet p\u00e5 l\u00e5ten som utl\u00f6ste h\u00e4ndelsen s\u00e5 att vi kan \u00e5terkomma till dig.<\/p>\n<\/div><\/div><\/div>\n\n\n\n<div class=\"wp-block-kadence-pane kt-accordion-pane kt-accordion-pane-24 kt-pane_f498de-5d\"><div class=\"kt-accordion-header-wrap\"><button class=\"kt-blocks-accordion-header kt-acccordion-button-label-show\"><span class=\"kt-blocks-accordion-title-wrap\"><span class=\"kt-blocks-accordion-title\">Jag fick ett klagom\u00e5l\/strejk. Vad h\u00e4nder nu?<\/span><\/span><span class=\"kt-blocks-accordion-icon-trigger\"><\/span><\/button><\/div><div class=\"kt-accordion-panel kt-accordion-panel-hidden\"><div class=\"kt-accordion-panel-inner\">\n<p>Felaktiga p\u00e5st\u00e5enden och misstag kan intr\u00e4ffa, och det r\u00f6r sig oftast om teknikaliteter. Om p\u00e5st\u00e5endet\/strejken p\u00e5 din kanal \u00e4r relaterad till NoBan Stream-musik, v\u00e4nligen <a href=\"https:\/\/noban.stream\/sv\/faq\/krav-stod\/\" data-type=\"page\" data-id=\"1121\">kontakta oss med f\u00f6ljande supportformul\u00e4r<\/a>.<\/p>\n<\/div><\/div><\/div>\n\n\n\n<div class=\"wp-block-kadence-pane kt-accordion-pane kt-accordion-pane-16 kt-pane_145d9f-aa\"><div class=\"kt-accordion-header-wrap\"><button class=\"kt-blocks-accordion-header kt-acccordion-button-label-show\"><span class=\"kt-blocks-accordion-title-wrap\"><span class=\"kt-blocks-accordion-title\">Jag har en beg\u00e4ran om mer musik! Hur delar jag med mig av mina id\u00e9er?<\/span><\/span><span class=\"kt-blocks-accordion-icon-trigger\"><\/span><\/button><\/div><div class=\"kt-accordion-panel kt-accordion-panel-hidden\"><div class=\"kt-accordion-panel-inner\">\n<p>Vi vill g\u00e4rna h\u00f6ra vilken typ av musik du skulle vilja se l\u00e4ggas till i NoBan Stream.<\/p>\n\n\n\n<p>L\u00e5t oss veta med v\u00e5r <a href=\"https:\/\/noban.stream\/sv\/begaran-om-mer-musik\/\" data-type=\"page\" data-id=\"1076\"><a href=\"https:\/\/noban.stream\/sv\/faq\/begaran-om-mer-musik\/\" data-type=\"page\" data-id=\"1076\" class=\"rank-math-link\">F\u00f6rfr\u00e5gningsformul\u00e4r<\/a><\/a> vilken typ av musik du vill ha och vad du vill dela med dig av i dina s\u00e4ndningar.<\/p>\n<\/div><\/div><\/div>\n\n\n\n<div class=\"wp-block-kadence-pane kt-accordion-pane kt-accordion-pane-19 kt-pane_a45f57-5a\"><div class=\"kt-accordion-header-wrap\"><button class=\"kt-blocks-accordion-header kt-acccordion-button-label-show\"><span class=\"kt-blocks-accordion-title-wrap\"><span class=\"kt-blocks-accordion-title\">Hur kontaktar jag NoBan Stream?<\/span><\/span><span class=\"kt-blocks-accordion-icon-trigger\"><\/span><\/button><\/div><div class=\"kt-accordion-panel kt-accordion-panel-hidden\"><div class=\"kt-accordion-panel-inner\">\n<p>Det \u00e4r en enkel fr\u00e5ga! <a href=\"https:\/\/noban.stream\/sv\/kontakta-oss\/\" data-type=\"page\" data-id=\"697\" class=\"rank-math-link\">Fyll bara i v\u00e5rt kontaktformul\u00e4r<\/a>.<\/p>\n<\/div><\/div><\/div>\n<\/div><\/div><\/div>","protected":false},"excerpt":{"rendered":"<p>Allm\u00e4nna fr\u00e5gor om NoBan.Stream<\/p>","protected":false},"author":1,"featured_media":0,"parent":0,"menu_order":0,"comment_status":"closed","ping_status":"closed","template":"","meta":{"_seopress_robots_primary_cat":"","_seopress_titles_title":"","_seopress_titles_desc":"","_seopress_robots_index":"","_kad_blocks_custom_css":"","_kad_blocks_head_custom_js":"","_kad_blocks_body_custom_js":"","_kad_blocks_footer_custom_js":"","_kad_post_transparent":"","_kad_post_title":"","_kad_post_layout":"","_kad_post_sidebar_id":"","_kad_post_content_style":"","_kad_post_vertical_padding":"","_kad_post_feature":"","_kad_post_feature_position":"","_kad_post_header":false,"_kad_post_footer":false,"_kad_post_classname":"","footnotes":""},"class_list":["post-1067","page","type-page","status-publish","hentry"],"taxonomy_info":[],"featured_image_src_large":false,"author_info":{"display_name":"Julien","author_link":"https:\/\/noban.stream\/sv\/author\/nbsadminpro\/"},"comment_info":0,"_links":{"self":[{"href":"https:\/\/noban.stream\/sv\/wp-json\/wp\/v2\/pages\/1067","targetHints":{"allow":["GET"]}}],"collection":[{"href":"https:\/\/noban.stream\/sv\/wp-json\/wp\/v2\/pages"}],"about":[{"href":"https:\/\/noban.stream\/sv\/wp-json\/wp\/v2\/types\/page"}],"author":[{"embeddable":true,"href":"https:\/\/noban.stream\/sv\/wp-json\/wp\/v2\/users\/1"}],"replies":[{"embeddable":true,"href":"https:\/\/noban.stream\/sv\/wp-json\/wp\/v2\/comments?post=1067"}],"version-history":[{"count":0,"href":"https:\/\/noban.stream\/sv\/wp-json\/wp\/v2\/pages\/1067\/revisions"}],"wp:attachment":[{"href":"https:\/\/noban.stream\/sv\/wp-json\/wp\/v2\/media?parent=1067"}],"curies":[{"name":"wp","href":"https:\/\/api.w.org\/{rel}","templated":true}]}}