{"id":1101,"date":"2021-05-02T09:24:21","date_gmt":"2021-05-02T09:24:21","guid":{"rendered":"https:\/\/noban.stream\/?page_id=1101"},"modified":"2021-05-02T15:59:30","modified_gmt":"2021-05-02T15:59:30","slug":"twitch-stream-muted","status":"publish","type":"page","link":"https:\/\/noban.stream\/sv\/faq\/twitch-stream-dampad\/","title":{"rendered":"Twitch-str\u00f6mning avst\u00e4ngd?"},"content":{"rendered":"<style>.wp-block-kadence-advancedheading.kt-adv-heading_d3ab45-92, .wp-block-kadence-advancedheading.kt-adv-heading_d3ab45-92[data-kb-block=\"kb-adv-heading_d3ab45-92\"]{font-style:normal;}.wp-block-kadence-advancedheading.kt-adv-heading_d3ab45-92 mark.kt-highlight, .wp-block-kadence-advancedheading.kt-adv-heading_d3ab45-92[data-kb-block=\"kb-adv-heading_d3ab45-92\"] mark.kt-highlight{font-style:normal;color:#f76a0c;-webkit-box-decoration-break:clone;box-decoration-break:clone;padding-top:0px;padding-right:0px;padding-bottom:0px;padding-left:0px;}.wp-block-kadence-advancedheading.kt-adv-heading_d3ab45-92 img.kb-inline-image, .wp-block-kadence-advancedheading.kt-adv-heading_d3ab45-92[data-kb-block=\"kb-adv-heading_d3ab45-92\"] img.kb-inline-image{width:150px;vertical-align:baseline;}<\/style>\n<p class=\"kt-adv-heading_d3ab45-92 wp-block-kadence-advancedheading\" data-kb-block=\"kb-adv-heading_d3ab45-92\">Vi f\u00f6rst\u00e5r att du \u00e4r arg \u00f6ver den senaste tidens muting av ditt inneh\u00e5ll. F\u00f6r n\u00e4rvarande finns det inget internt upphovsr\u00e4tts-ID-system f\u00f6r Twitch-kanaler f\u00f6r att verifiera om en l\u00e5t har skapats av n\u00e5gon annan eller inte.<\/p>\n\n\n<style>.wp-block-kadence-advancedheading.kt-adv-heading_e97da8-5f, .wp-block-kadence-advancedheading.kt-adv-heading_e97da8-5f[data-kb-block=\"kb-adv-heading_e97da8-5f\"]{margin-bottom:30px;font-style:normal;}.wp-block-kadence-advancedheading.kt-adv-heading_e97da8-5f mark.kt-highlight, .wp-block-kadence-advancedheading.kt-adv-heading_e97da8-5f[data-kb-block=\"kb-adv-heading_e97da8-5f\"] mark.kt-highlight{font-style:normal;color:#f76a0c;-webkit-box-decoration-break:clone;box-decoration-break:clone;padding-top:0px;padding-right:0px;padding-bottom:0px;padding-left:0px;}.wp-block-kadence-advancedheading.kt-adv-heading_e97da8-5f img.kb-inline-image, .wp-block-kadence-advancedheading.kt-adv-heading_e97da8-5f[data-kb-block=\"kb-adv-heading_e97da8-5f\"] img.kb-inline-image{width:150px;vertical-align:baseline;}<\/style>\n<p class=\"kt-adv-heading_e97da8-5f wp-block-kadence-advancedheading\" data-kb-block=\"kb-adv-heading_e97da8-5f\">Om din stream st\u00e4ngs av betyder det att n\u00e5got i s\u00e4ndningen som flaggats som upphovsr\u00e4ttsskyddat inneh\u00e5ll spelades upp p\u00e5 ett eller annat s\u00e4tt. Om detta n\u00e5gonsin har h\u00e4nt med NoBan.Stream-musik och du beh\u00f6ver hj\u00e4lp, v\u00e4nligen kontakta oss genom att fylla i formul\u00e4ret nedan med namnet p\u00e5 den l\u00e5t som utl\u00f6ste denna h\u00e4ndelse s\u00e5 att vi kan \u00e5terkomma till dig.<\/p>\n\n\n<div class='fluentform ff-default fluentform_wrapper_5 ffs_default_wrap'><form data-form_id=\"5\" id=\"fluentform_5\" class=\"frm-fluent-form fluent_form_5 ff-el-form-top ff_form_instance_5_1 ff-form-loading ff_has_v3_recptcha ffs_default\" data-form_instance=\"ff_form_instance_5_1\" method=\"POST\" data-recptcha_key=\"6Lf8stApAAAAALBQ31CPWvP6bDZuxnljpbUtXMLa\" action=\"\" ><fieldset  style=\"border: none!important;margin: 0!important;padding: 0!important;background-color: transparent!important;box-shadow: none!important;outline: none!important; min-inline-size: 100%;\">\n                    <legend class=\"ff_screen_reader_title\" style=\"display: block; margin: 0!important;padding: 0!important;height: 0!important;text-indent: -999999px;width: 0!important;overflow:hidden;\">Formul\u00e4r f\u00f6r st\u00f6d till Twitch Mute<\/legend>        <div\n                style=\"display: none!important; position: absolute!important; transform: translateX(1000%)!important;\"\n                class=\"ff-el-group ff-hpsf-container\"\n        >\n            <div class=\"ff-el-input--label asterisk-right\">\n                <label for=\"ff_5_item_sf\" aria-label=\"Notify\">\n                    Notify                <\/label>\n            <\/div>\n            <div class=\"ff-el-input--content\">\n                <input type=\"text\"\n                       name=\"item_5__fluent_sf\"\n                       class=\"ff-el-form-control\"\n                       id=\"ff_5_item_sf\"\n                \/>\n            <\/div>\n        <\/div>\n        <input type='hidden' name='__fluent_form_embded_post_id' value='1101' \/><input type=\"hidden\" id=\"_fluentform_5_fluentformnonce\" name=\"_fluentform_5_fluentformnonce\" value=\"e2dccb05ce\" \/><input type=\"hidden\" name=\"_wp_http_referer\" value=\"\/sv\/wp-json\/wp\/v2\/pages\/1101\" \/><div data-type=\"name-element\" data-name=\"names\" class=\"ff-field_container ff-name-field-wrapper\" ><div class='ff-t-container'><div class='ff-t-cell'><div class='ff-el-group'><div class=\"ff-el-input--label ff-el-is-required asterisk-right\"><label for='ff_5_names_first_name_' id='label_ff_5_names_first_name_' >F\u00f6rnamn<\/label><\/div><div class='ff-el-input--content'><input type=\"text\" name=\"names[first_name]\" id=\"ff_5_names_first_name_\" class=\"ff-el-form-control\" aria-invalid=\"false\" aria-required=\"true\"><\/div><\/div><\/div><div class='ff-t-cell'><div class='ff-el-group'><div class=\"ff-el-input--label ff-el-is-required asterisk-right\"><label for='ff_5_names_last_name_' id='label_ff_5_names_last_name_' >Efternamn<\/label><\/div><div class='ff-el-input--content'><input type=\"text\" name=\"names[last_name]\" id=\"ff_5_names_last_name_\" class=\"ff-el-form-control\" aria-invalid=\"false\" aria-required=\"true\"><\/div><\/div><\/div><\/div><\/div><div class='ff-el-group'><div class=\"ff-el-input--label ff-el-is-required asterisk-right\"><label for='ff_5_email' id='label_ff_5_email' aria-label=\"E-post\">E-post<\/label><\/div><div class='ff-el-input--content'><input type=\"email\" name=\"email\" id=\"ff_5_email\" class=\"ff-el-form-control\" placeholder=\"you@domain.com\" data-name=\"email\"  aria-invalid=\"false\" aria-required=\"true\"><\/div><\/div><div class='ff-el-group'><div class=\"ff-el-input--label ff-el-is-required asterisk-right\"><label for='ff_5_subject' id='label_ff_5_subject' aria-label=\"Namn p\u00e5 l\u00e5ten som gav dig en notis\">Namn p\u00e5 l\u00e5ten som gav dig en notis<\/label><\/div><div class='ff-el-input--content'><input type=\"text\" name=\"subject\" class=\"ff-el-form-control\" placeholder=\"Skriv namnet p\u00e5 l\u00e5ten\" data-name=\"subject\" id=\"ff_5_subject\"  aria-invalid=\"false\" aria-required=\"true\"><\/div><\/div><div class='ff-el-group'><div class=\"ff-el-input--label ff-el-is-required asterisk-right\"><label for='ff_5_url' id='label_ff_5_url' aria-label=\"URL till din kanal eller profil\">URL till din kanal eller profil<\/label><\/div><div class='ff-el-input--content'><input type=\"url\" name=\"url\" class=\"ff-el-form-control\" data-name=\"url\" id=\"ff_5_url\"  aria-invalid=\"false\" aria-required=\"true\"><\/div><\/div><div class='ff-el-group'><div class=\"ff-el-input--label ff-el-is-required asterisk-right\"><label for='ff_5_url_1' id='label_ff_5_url_1' aria-label=\"Vad \u00e4r video- eller stream-URL:en f\u00f6r det inneh\u00e5ll som har ett anspr\u00e5k?\">Vad \u00e4r video- eller stream-URL:en f\u00f6r det inneh\u00e5ll som har ett anspr\u00e5k?<\/label><\/div><div class='ff-el-input--content'><input type=\"url\" name=\"url_1\" class=\"ff-el-form-control\" data-name=\"url_1\" id=\"ff_5_url_1\"  aria-invalid=\"false\" aria-required=\"true\"><\/div><\/div><div class='ff-el-group'><div class=\"ff-el-input--label ff-el-is-required asterisk-right\"><label for='ff_5_file-upload_1' id='label_ff_5_file-upload_1' aria-label=\"Sk\u00e4rmdump av ans\u00f6kan - Ladda upp en sk\u00e4rmdump av ans\u00f6kan\">Sk\u00e4rmdump av ans\u00f6kan - Ladda upp en sk\u00e4rmdump av ans\u00f6kan<\/label><\/div><div class='ff-el-input--content'><label for='ff_5_file-upload_1' class='ff_file_upload_holder'><span class='ff_upload_btn ff-btn' tabindex='0'>V\u00e4lj fil<\/span> <input type=\"file\" name=\"file-upload\" id=\"ff_5_file-upload_1\" class=\"ff-el-form-control  ff-screen-reader-element\" data-name=\"file-upload\" multiple=\"1\"  aria-invalid='false' aria-required=\"true\"><\/label><\/div><\/div><div class='ff-el-group    ff-el-input--content'><div class='ff-el-form-check ff-el-tc'><label aria-label='Terms and Conditions: I agree that I have read the Privacy Policy Contains 1 link. Use tab navigation to review.' class='ff-el-form-check-label ff_tc_label' for=\"terms-n-condition_bd6db7526cd21f1bd91e442d79c4469c\"><span class='ff_tc_checkbox'><input type=\"checkbox\" name=\"terms-n-condition\" class=\"ff-el-form-check-input\" data-name=\"terms-n-condition\" id=\"terms-n-condition_bd6db7526cd21f1bd91e442d79c4469c\"  value='on' aria-invalid='false' aria-required=\"true\"><\/span> <div class='ff_t_c'><p>Jag bekr\u00e4ftar att jag har l\u00e4st <a href=\"https:\/\/noban.stream\/sv\/sekretesspolicy\/\">Integritetspolicy<\/a><\/p><\/div><\/label><\/div><\/div><div class='ff-el-group    ff-el-input--content'><div class='ff-el-form-check ff-el-tc'><label aria-label='Jag samtycker till att den angivna informationen lagras av NoBan.Stream s\u00e5 att de kan svara p\u00e5 min f\u00f6rfr\u00e5gan' class='ff-el-form-check-label ff_tc_label' for=\"gdpr-agreement_844244f3a9910a518139cdc204263a78\"><span class='ff_tc_checkbox'><input type=\"checkbox\" name=\"gdpr-agreement\" class=\"ff-el-form-check-input ff_gdpr_field\" data-name=\"gdpr-agreement\" id=\"gdpr-agreement_844244f3a9910a518139cdc204263a78\"  value='on' aria-invalid='false' aria-required=\"true\"><\/span> <div class='ff_t_c'>Jag samtycker till att den angivna informationen lagras av NoBan.Stream s\u00e5 att de kan svara p\u00e5 min f\u00f6rfr\u00e5gan<\/div><\/label><\/div><\/div><div class='ff-el-group ff-text-left ff_submit_btn_wrapper'><button type=\"submit\" class=\"ff-btn ff-btn-submit ff-btn-lg ff_btn_style wpf_has_custom_css\"  aria-label=\"Skicka in formul\u00e4r\">Skicka in formul\u00e4r<\/button><\/div>\t\t<div id=\"cf-turnstile-fluent-2859302479\"\r\n\t\tclass=\"cf-turnstile\" \t\tdata-sitekey=\"0x4AAAAAAA0jc1rF5MGmp9Ge\"\r\n\t\tdata-theme=\"light\"\r\n\t\tdata-language=\"auto\"\r\n\t\tdata-size=\"normal\"\r\n\t\tdata-retry=\"auto\" data-retry-interval=\"1000\"\r\n\t\tdata-refresh-expired=\"auto\"\r\n\t\tdata-action=\"fluent-form-5\"\r\n\t\t\t\tdata-appearance=\"always\"><\/div>\r\n\t\t\t<script>document.addEventListener(\"DOMContentLoaded\", function() { setTimeout(function(){ var e=document.getElementById(\"cf-turnstile-fluent-2859302479\"); e&&!e.innerHTML.trim()&&(turnstile.remove(\"#cf-turnstile-fluent-2859302479\"), turnstile.render(\"#cf-turnstile-fluent-2859302479\", {sitekey:\"0x4AAAAAAA0jc1rF5MGmp9Ge\"})); }, 100); });<\/script>\r\n\t\t\t<br class=\"cf-turnstile-br cf-turnstile-br-fluent-2859302479\">\r\n\t\t\t\t<style>#cf-turnstile-fluent-2859302479 { margin-left: -15px; }<\/style>\r\n\t\t<\/fieldset><input type=\"hidden\" name=\"trp-form-language\" value=\"sv\"\/><\/form><div id='fluentform_5_errors' class='ff-errors-in-stack ff_form_instance_5_1 ff-form-loading_errors ff_form_instance_5_1_errors'><\/div><\/div>            <script type=\"text\/javascript\">\n                window.fluent_form_ff_form_instance_5_1 = {\"id\":\"5\",\"settings\":{\"layout\":{\"labelPlacement\":\"top\",\"helpMessagePlacement\":\"with_label\",\"errorMessagePlacement\":\"inline\",\"asteriskPlacement\":\"asterisk-right\"},\"restrictions\":{\"denyEmptySubmission\":{\"enabled\":false}}},\"form_instance\":\"ff_form_instance_5_1\",\"form_id_selector\":\"fluentform_5\",\"rules\":{\"names[first_name]\":{\"required\":{\"value\":true,\"message\":\"First Name field is required\"}},\"names[middle_name]\":{\"required\":{\"value\":false,\"message\":\"This field is required\"}},\"names[last_name]\":{\"required\":{\"value\":true,\"message\":\"Last Name is required\"}},\"email\":{\"required\":{\"value\":true,\"message\":\"Email field is required\"},\"email\":{\"value\":true,\"message\":\"This field must contain a valid email\"}},\"subject\":{\"required\":{\"value\":true,\"message\":\"Name of the song is required\"}},\"url\":{\"required\":{\"value\":true,\"message\":\"Channel URL is required\"},\"url\":{\"value\":true,\"message\":\"This field must contain a valid url\"}},\"url_1\":{\"required\":{\"value\":true,\"message\":\"Video or stream URL is required\"},\"url\":{\"value\":true,\"message\":\"This field must contain a valid url\"}},\"file-upload\":{\"required\":{\"value\":true,\"message\":\"Screenshot is required\"},\"max_file_size\":{\"value\":4194304,\"_valueFrom\":\"MB\",\"message\":\"Maximum file size limit is 4MB\"},\"max_file_count\":{\"value\":\"2\",\"message\":\"You can upload maximum 2 file\"},\"allowed_file_types\":{\"value\":[\"jpg|jpeg|gif|png|bmp\"],\"message\":\"Invalid file type (We only accept jpg, jpeg, gif, png or bmp)\"}},\"terms-n-condition\":{\"required\":{\"value\":true,\"message\":\"Privacy Policy has to be read\"}},\"gdpr-agreement\":{\"required\":{\"value\":true,\"message\":\"Consent to share data is required\"}}},\"debounce_time\":300};\n                            <\/script>","protected":false},"excerpt":{"rendered":"<p>We understand that you are angry about the recent muting of your content. Currently there is no internal copyright ID system for Twitch channels to verify whether or not a song has been created by someone else. If your stream gets muted it means something on the broadcast flagged as copyrighted content was playing in&#8230;<\/p>","protected":false},"author":1,"featured_media":0,"parent":1067,"menu_order":0,"comment_status":"closed","ping_status":"closed","template":"","meta":{"_seopress_robots_primary_cat":"","_seopress_titles_title":"","_seopress_titles_desc":"","_seopress_robots_index":"","_kad_blocks_custom_css":"","_kad_blocks_head_custom_js":"","_kad_blocks_body_custom_js":"","_kad_blocks_footer_custom_js":"","_kad_post_transparent":"","_kad_post_title":"","_kad_post_layout":"","_kad_post_sidebar_id":"","_kad_post_content_style":"","_kad_post_vertical_padding":"","_kad_post_feature":"","_kad_post_feature_position":"","_kad_post_header":false,"_kad_post_footer":false,"_kad_post_classname":"","footnotes":""},"class_list":["post-1101","page","type-page","status-publish","hentry"],"taxonomy_info":[],"featured_image_src_large":false,"author_info":{"display_name":"Julien","author_link":"https:\/\/noban.stream\/sv\/author\/nbsadminpro\/"},"comment_info":0,"_links":{"self":[{"href":"https:\/\/noban.stream\/sv\/wp-json\/wp\/v2\/pages\/1101","targetHints":{"allow":["GET"]}}],"collection":[{"href":"https:\/\/noban.stream\/sv\/wp-json\/wp\/v2\/pages"}],"about":[{"href":"https:\/\/noban.stream\/sv\/wp-json\/wp\/v2\/types\/page"}],"author":[{"embeddable":true,"href":"https:\/\/noban.stream\/sv\/wp-json\/wp\/v2\/users\/1"}],"replies":[{"embeddable":true,"href":"https:\/\/noban.stream\/sv\/wp-json\/wp\/v2\/comments?post=1101"}],"version-history":[{"count":0,"href":"https:\/\/noban.stream\/sv\/wp-json\/wp\/v2\/pages\/1101\/revisions"}],"up":[{"embeddable":true,"href":"https:\/\/noban.stream\/sv\/wp-json\/wp\/v2\/pages\/1067"}],"wp:attachment":[{"href":"https:\/\/noban.stream\/sv\/wp-json\/wp\/v2\/media?parent=1101"}],"curies":[{"name":"wp","href":"https:\/\/api.w.org\/{rel}","templated":true}]}}