{"id":829,"date":"2021-04-30T19:20:38","date_gmt":"2021-04-30T19:20:38","guid":{"rendered":"https:\/\/noban.stream\/?page_id=829"},"modified":"2021-06-01T12:31:25","modified_gmt":"2021-06-01T10:31:25","slug":"artists","status":"publish","type":"page","link":"https:\/\/noban.stream\/sv\/konstnarer\/","title":{"rendered":"Konstn\u00e4rer"},"content":{"rendered":"<style>.wp-block-kadence-advancedheading.kt-adv-heading_8b7e34-ad, .wp-block-kadence-advancedheading.kt-adv-heading_8b7e34-ad[data-kb-block=\"kb-adv-heading_8b7e34-ad\"]{text-align:center;font-style:normal;}.wp-block-kadence-advancedheading.kt-adv-heading_8b7e34-ad mark.kt-highlight, .wp-block-kadence-advancedheading.kt-adv-heading_8b7e34-ad[data-kb-block=\"kb-adv-heading_8b7e34-ad\"] mark.kt-highlight{font-style:normal;color:#f76a0c;-webkit-box-decoration-break:clone;box-decoration-break:clone;padding-top:0px;padding-right:0px;padding-bottom:0px;padding-left:0px;}.wp-block-kadence-advancedheading.kt-adv-heading_8b7e34-ad img.kb-inline-image, .wp-block-kadence-advancedheading.kt-adv-heading_8b7e34-ad[data-kb-block=\"kb-adv-heading_8b7e34-ad\"] img.kb-inline-image{width:150px;vertical-align:baseline;}<\/style>\n<h1 class=\"kt-adv-heading_8b7e34-ad wp-block-kadence-advancedheading has-theme-palette-9-color has-text-color\" data-kb-block=\"kb-adv-heading_8b7e34-ad\">NoBan Stream Artister<\/h1>\n\n\n<style>.wp-block-kadence-advancedheading.kt-adv-heading_15a416-23, .wp-block-kadence-advancedheading.kt-adv-heading_15a416-23[data-kb-block=\"kb-adv-heading_15a416-23\"]{margin-bottom:30px;text-align:center;font-style:normal;}.wp-block-kadence-advancedheading.kt-adv-heading_15a416-23 mark.kt-highlight, .wp-block-kadence-advancedheading.kt-adv-heading_15a416-23[data-kb-block=\"kb-adv-heading_15a416-23\"] mark.kt-highlight{font-style:normal;color:#f76a0c;-webkit-box-decoration-break:clone;box-decoration-break:clone;padding-top:0px;padding-right:0px;padding-bottom:0px;padding-left:0px;}.wp-block-kadence-advancedheading.kt-adv-heading_15a416-23 img.kb-inline-image, .wp-block-kadence-advancedheading.kt-adv-heading_15a416-23[data-kb-block=\"kb-adv-heading_15a416-23\"] img.kb-inline-image{width:150px;vertical-align:baseline;}<\/style>\n<p class=\"kt-adv-heading_15a416-23 wp-block-kadence-advancedheading has-theme-palette-9-color has-text-color\" data-kb-block=\"kb-adv-heading_15a416-23\">NoBan Stream tillhandah\u00e5ller <strong>ljudsp\u00e5r av royaltyfri kvalitet<\/strong> perfekt f\u00f6r anv\u00e4ndning online av alla - YouTube-videor, Twitch-str\u00f6mmar, podcasts... du vet vad du vill!<br>H\u00f6r mer om <strong>v\u00e5ra favoritartister<\/strong> nedan!<\/p>\n\n\n<style>#kt-layout-id_35ca86-ea > .kt-row-column-wrap{align-content:start;}:where(#kt-layout-id_35ca86-ea > .kt-row-column-wrap) > .wp-block-kadence-column{justify-content:start;}#kt-layout-id_35ca86-ea > .kt-row-column-wrap{column-gap:var(--global-kb-gap-md, 2rem);row-gap:var(--global-kb-gap-md, 2rem);max-width:var( --global-content-width, 1290px );padding-left:var(--global-content-edge-padding);padding-right:var(--global-content-edge-padding);padding-top:var( --global-kb-row-default-top, 25px );padding-bottom:var( --global-kb-row-default-bottom, 25px );padding-top:var(--global-kb-spacing-sm, 1.5rem);padding-bottom:var(--global-kb-spacing-sm, 1.5rem);grid-template-columns:minmax(0, 1fr);}#kt-layout-id_35ca86-ea > .kt-row-layout-overlay{opacity:0.30;}@media all and (max-width: 1024px){#kt-layout-id_35ca86-ea > .kt-row-column-wrap{grid-template-columns:minmax(0, 1fr);}}@media all and (max-width: 767px){#kt-layout-id_35ca86-ea > .kt-row-column-wrap{grid-template-columns:minmax(0, 1fr);}}<\/style>\n<div class=\"wp-block-kadence-rowlayout alignnone artists-list\"><div id=\"kt-layout-id_35ca86-ea\" class=\"kt-row-layout-inner kt-layout-id_35ca86-ea\"><div class=\"kt-row-column-wrap kt-has-1-columns kt-gutter-default kt-v-gutter-default kt-row-valign-top kt-row-layout-equal kt-tab-layout-inherit kt-m-colapse-left-to-right kt-mobile-layout-row kb-theme-content-width\"><style>.kadence-column_c767b6-6c > .kt-inside-inner-col{border-top-width:0px;border-right-width:0px;border-bottom-width:0px;border-left-width:0px;}.kadence-column_c767b6-6c > .kt-inside-inner-col,.kadence-column_c767b6-6c > .kt-inside-inner-col:before{border-top-left-radius:0px;border-top-right-radius:0px;border-bottom-right-radius:0px;border-bottom-left-radius:0px;}.kadence-column_c767b6-6c > .kt-inside-inner-col{column-gap:var(--global-kb-gap-sm, 1rem);}.kadence-column_c767b6-6c > .kt-inside-inner-col{flex-direction:column;}.kadence-column_c767b6-6c > .kt-inside-inner-col > .aligncenter{width:100%;}.kadence-column_c767b6-6c > .kt-inside-inner-col:before{opacity:0.3;}.kadence-column_c767b6-6c{position:relative;}@media all and (max-width: 1024px){.kadence-column_c767b6-6c > .kt-inside-inner-col{flex-direction:column;justify-content:center;}}@media all and (max-width: 767px){.kadence-column_c767b6-6c > .kt-inside-inner-col{flex-direction:column;justify-content:center;}}<\/style>\n<div class=\"wp-block-kadence-column inner-column-1 kadence-column_c767b6-6c\"><div class=\"kt-inside-inner-col\"><style>.wp-block-kadence-advancedgallery .kb-gallery-type-grid.kb-gallery-id-_3f36ce-27{margin:-30px;}.kb-gallery-type-grid.kb-gallery-id-_3f36ce-27 .kadence-blocks-gallery-item{padding:30px;}.kb-gallery-id-_3f36ce-27 .kadence-blocks-gallery-item .kb-gal-image-radius, .kb-gallery-id-_3f36ce-27 .kb-slide-item .kb-gal-image-radius img{border-radius:200px 200px 200px 200px;;}.kb-gallery-id-_3f36ce-27 .kadence-blocks-gallery-item .kadence-blocks-gallery-item-inner .kadence-blocks-gallery-item__caption{font-size:18px;font-weight:bold;text-transform:capitalize;color:var(--global-palette9, #ffffff);}.kb-gallery-caption-style-cover-hover.kb-gallery-id-_3f36ce-27 .kadence-blocks-gallery-item .kadence-blocks-gallery-item-inner .kadence-blocks-gallery-item__caption, .kb-gallery-caption-style-below.kb-gallery-id-_3f36ce-27 .kadence-blocks-gallery-item .kadence-blocks-gallery-item-inner .kadence-blocks-gallery-item__caption{background:transparent;}@media all and (max-width: 1024px){.wp-block-kadence-advancedgallery .kb-gallery-type-grid.kb-gallery-id-_3f36ce-27{margin:-20px;}}@media all and (max-width: 1024px){.kb-gallery-type-grid.kb-gallery-id-_3f36ce-27 .kadence-blocks-gallery-item{padding:20px;}}@media all and (max-width: 767px){.wp-block-kadence-advancedgallery .kb-gallery-type-grid.kb-gallery-id-_3f36ce-27{margin:-7.5px;}.kb-gallery-type-grid.kb-gallery-id-_3f36ce-27 .kadence-blocks-gallery-item{padding:7.5px;}}<\/style><div class=\"kb-gallery-wrap-id-_3f36ce-27 alignnone wp-block-kadence-advancedgallery\"><ul class=\"kb-gallery-ul kb-gallery-non-static kb-gallery-type-grid kb-gallery-id-_3f36ce-27 kb-gallery-caption-style-below kb-gallery-filter-grayscale\" data-image-filter=\"grayscale\" data-item-selector=\".kadence-blocks-gallery-item\" data-lightbox-caption=\"true\" data-columns-xxl=\"4\" data-columns-xl=\"4\" data-columns-md=\"4\" data-columns-sm=\"3\" data-columns-xs=\"2\" data-columns-ss=\"2\"><li class=\"kadence-blocks-gallery-item\"><div class=\"kadence-blocks-gallery-item-inner\"><figure class=\"kb-gallery-figure kb-gallery-item-has-link kadence-blocks-gallery-item-has-caption\"><a href=\"https:\/\/noban.stream\/sv\/konstnarer\/adrian-onea\/\" class=\"kb-gallery-item-link\"  ><div class=\"kb-gal-image-radius\"><div class=\"kb-gallery-image-contain kadence-blocks-gallery-intrinsic kb-gallery-image-ratio-square kb-has-image-ratio-square\" ><img decoding=\"async\" src=\"https:\/\/noban.stream\/wp-content\/uploads\/2021\/05\/adrian-onea-lofi-piano-300x300.jpg\" width=\"300\" height=\"300\" alt=\"\" data-full-image=\"https:\/\/noban.stream\/wp-content\/uploads\/2021\/05\/adrian-onea-lofi-piano.jpg\" data-light-image=\"https:\/\/noban.stream\/wp-content\/uploads\/2021\/05\/adrian-onea-lofi-piano.jpg\" data-id=\"1592\" class=\"wp-image-1592\" srcset=\"https:\/\/noban.stream\/wp-content\/uploads\/2021\/05\/adrian-onea-lofi-piano-300x300.jpg 300w, https:\/\/noban.stream\/wp-content\/uploads\/2021\/05\/adrian-onea-lofi-piano-150x150.jpg 150w, https:\/\/noban.stream\/wp-content\/uploads\/2021\/05\/adrian-onea-lofi-piano-768x768.jpg 768w, https:\/\/noban.stream\/wp-content\/uploads\/2021\/05\/adrian-onea-lofi-piano.jpg 800w\" sizes=\"(max-width: 300px) 100vw, 300px\" \/><\/div><\/div><div class=\"kadence-blocks-gallery-item__caption\">adrian Onea<\/div><\/a><\/figure><\/div><\/li><li class=\"kadence-blocks-gallery-item\"><div class=\"kadence-blocks-gallery-item-inner\"><figure class=\"kb-gallery-figure kb-gallery-item-has-link kadence-blocks-gallery-item-has-caption\"><a href=\"https:\/\/noban.stream\/sv\/konstnarer\/omgivningskanslor\/\" class=\"kb-gallery-item-link\"  ><div class=\"kb-gal-image-radius\"><div class=\"kb-gallery-image-contain kadence-blocks-gallery-intrinsic kb-gallery-image-ratio-square kb-has-image-ratio-square\" ><img decoding=\"async\" src=\"https:\/\/noban.stream\/wp-content\/uploads\/2021\/05\/ambient-feelings-daniel-300x300.jpg\" width=\"300\" height=\"300\" alt=\"\" data-full-image=\"https:\/\/noban.stream\/wp-content\/uploads\/2021\/05\/ambient-feelings-daniel.jpg\" data-light-image=\"https:\/\/noban.stream\/wp-content\/uploads\/2021\/05\/ambient-feelings-daniel.jpg\" data-id=\"1581\" class=\"wp-image-1581\" srcset=\"https:\/\/noban.stream\/wp-content\/uploads\/2021\/05\/ambient-feelings-daniel-300x300.jpg 300w, https:\/\/noban.stream\/wp-content\/uploads\/2021\/05\/ambient-feelings-daniel-150x150.jpg 150w, https:\/\/noban.stream\/wp-content\/uploads\/2021\/05\/ambient-feelings-daniel-768x768.jpg 768w, https:\/\/noban.stream\/wp-content\/uploads\/2021\/05\/ambient-feelings-daniel.jpg 800w\" sizes=\"(max-width: 300px) 100vw, 300px\" \/><\/div><\/div><div class=\"kadence-blocks-gallery-item__caption\">Ambient K\u00e4nslor<\/div><\/a><\/figure><\/div><\/li><li class=\"kadence-blocks-gallery-item\"><div class=\"kadence-blocks-gallery-item-inner\"><figure class=\"kb-gallery-figure kb-gallery-item-has-link kadence-blocks-gallery-item-has-caption\"><a href=\"https:\/\/noban.stream\/sv\/konstnarer\/an-losenko\/\" class=\"kb-gallery-item-link\"  ><div class=\"kb-gal-image-radius\"><div class=\"kb-gallery-image-contain kadence-blocks-gallery-intrinsic kb-gallery-image-ratio-square kb-has-image-ratio-square\" ><img decoding=\"async\" src=\"https:\/\/noban.stream\/wp-content\/uploads\/2021\/05\/an-losenko-1-300x300.jpg\" width=\"300\" height=\"300\" alt=\"\" data-full-image=\"https:\/\/noban.stream\/wp-content\/uploads\/2021\/05\/an-losenko-1.jpg\" data-light-image=\"https:\/\/noban.stream\/wp-content\/uploads\/2021\/05\/an-losenko-1.jpg\" data-id=\"2152\" class=\"wp-image-2152\" srcset=\"https:\/\/noban.stream\/wp-content\/uploads\/2021\/05\/an-losenko-1-300x300.jpg 300w, https:\/\/noban.stream\/wp-content\/uploads\/2021\/05\/an-losenko-1-150x150.jpg 150w, https:\/\/noban.stream\/wp-content\/uploads\/2021\/05\/an-losenko-1-768x768.jpg 768w, https:\/\/noban.stream\/wp-content\/uploads\/2021\/05\/an-losenko-1.jpg 800w\" sizes=\"(max-width: 300px) 100vw, 300px\" \/><\/div><\/div><div class=\"kadence-blocks-gallery-item__caption\">An Losenko<\/div><\/a><\/figure><\/div><\/li><li class=\"kadence-blocks-gallery-item\"><div class=\"kadence-blocks-gallery-item-inner\"><figure class=\"kb-gallery-figure kb-gallery-item-has-link kadence-blocks-gallery-item-has-caption\"><a href=\"https:\/\/noban.stream\/sv\/konstnarer\/apol\/\" class=\"kb-gallery-item-link\"  ><div class=\"kb-gal-image-radius\"><div class=\"kb-gallery-image-contain kadence-blocks-gallery-intrinsic kb-gallery-image-ratio-square kb-has-image-ratio-square\" ><img decoding=\"async\" src=\"https:\/\/noban.stream\/wp-content\/uploads\/2021\/05\/Apol-300x300.jpg\" width=\"300\" height=\"300\" alt=\"Apol\" data-full-image=\"https:\/\/noban.stream\/wp-content\/uploads\/2021\/05\/Apol.jpg\" data-light-image=\"https:\/\/noban.stream\/wp-content\/uploads\/2021\/05\/Apol.jpg\" data-id=\"1688\" class=\"wp-image-1688\" srcset=\"https:\/\/noban.stream\/wp-content\/uploads\/2021\/05\/Apol-300x300.jpg 300w, https:\/\/noban.stream\/wp-content\/uploads\/2021\/05\/Apol-150x150.jpg 150w, https:\/\/noban.stream\/wp-content\/uploads\/2021\/05\/Apol-768x768.jpg 768w, https:\/\/noban.stream\/wp-content\/uploads\/2021\/05\/Apol.jpg 800w\" sizes=\"(max-width: 300px) 100vw, 300px\" \/><\/div><\/div><div class=\"kadence-blocks-gallery-item__caption\">Apol<\/div><\/a><\/figure><\/div><\/li><li class=\"kadence-blocks-gallery-item\"><div class=\"kadence-blocks-gallery-item-inner\"><figure class=\"kb-gallery-figure kb-gallery-item-has-link kadence-blocks-gallery-item-has-caption\"><a href=\"https:\/\/noban.stream\/sv\/konstnarer\/akoahi\/\" class=\"kb-gallery-item-link\"  ><div class=\"kb-gal-image-radius\"><div class=\"kb-gallery-image-contain kadence-blocks-gallery-intrinsic kb-gallery-image-ratio-square kb-has-image-ratio-square\" ><img decoding=\"async\" src=\"https:\/\/noban.stream\/wp-content\/uploads\/2021\/05\/arkady-300x300.jpg\" width=\"300\" height=\"300\" alt=\"\" data-full-image=\"https:\/\/noban.stream\/wp-content\/uploads\/2021\/05\/arkady.jpg\" data-light-image=\"https:\/\/noban.stream\/wp-content\/uploads\/2021\/05\/arkady.jpg\" data-id=\"1671\" class=\"wp-image-1671\" srcset=\"https:\/\/noban.stream\/wp-content\/uploads\/2021\/05\/arkady-300x300.jpg 300w, https:\/\/noban.stream\/wp-content\/uploads\/2021\/05\/arkady-150x150.jpg 150w, https:\/\/noban.stream\/wp-content\/uploads\/2021\/05\/arkady.jpg 404w\" sizes=\"(max-width: 300px) 100vw, 300px\" \/><\/div><\/div><div class=\"kadence-blocks-gallery-item__caption\">Akoahi<\/div><\/a><\/figure><\/div><\/li><li class=\"kadence-blocks-gallery-item\"><div class=\"kadence-blocks-gallery-item-inner\"><figure class=\"kb-gallery-figure kb-gallery-item-has-link kadence-blocks-gallery-item-has-caption\"><a href=\"https:\/\/noban.stream\/sv\/konstnarer\/breno-almeida\/\" class=\"kb-gallery-item-link\"  ><div class=\"kb-gal-image-radius\"><div class=\"kb-gallery-image-contain kadence-blocks-gallery-intrinsic kb-gallery-image-ratio-square kb-has-image-ratio-square\" ><img decoding=\"async\" src=\"https:\/\/noban.stream\/wp-content\/uploads\/2021\/05\/Breno-Almeida-300x300.jpg\" width=\"300\" height=\"300\" alt=\"Breno Almeida\" data-full-image=\"https:\/\/noban.stream\/wp-content\/uploads\/2021\/05\/Breno-Almeida.jpg\" data-light-image=\"https:\/\/noban.stream\/wp-content\/uploads\/2021\/05\/Breno-Almeida.jpg\" data-id=\"1692\" class=\"wp-image-1692\" srcset=\"https:\/\/noban.stream\/wp-content\/uploads\/2021\/05\/Breno-Almeida-300x300.jpg 300w, https:\/\/noban.stream\/wp-content\/uploads\/2021\/05\/Breno-Almeida-150x150.jpg 150w, https:\/\/noban.stream\/wp-content\/uploads\/2021\/05\/Breno-Almeida-768x768.jpg 768w, https:\/\/noban.stream\/wp-content\/uploads\/2021\/05\/Breno-Almeida.jpg 800w\" sizes=\"(max-width: 300px) 100vw, 300px\" \/><\/div><\/div><div class=\"kadence-blocks-gallery-item__caption\">Breno Almeida<\/div><\/a><\/figure><\/div><\/li><li class=\"kadence-blocks-gallery-item\"><div class=\"kadence-blocks-gallery-item-inner\"><figure class=\"kb-gallery-figure kb-gallery-item-has-link kadence-blocks-gallery-item-has-caption\"><a href=\"https:\/\/noban.stream\/sv\/konstnarer\/karim-younis\/\" class=\"kb-gallery-item-link\"  ><div class=\"kb-gal-image-radius\"><div class=\"kb-gallery-image-contain kadence-blocks-gallery-intrinsic kb-gallery-image-ratio-square kb-has-image-ratio-square\" ><img decoding=\"async\" src=\"https:\/\/noban.stream\/wp-content\/uploads\/2021\/05\/Karim-Younis-300x300.jpg\" width=\"300\" height=\"300\" alt=\"\" data-full-image=\"https:\/\/noban.stream\/wp-content\/uploads\/2021\/05\/Karim-Younis.jpg\" data-light-image=\"https:\/\/noban.stream\/wp-content\/uploads\/2021\/05\/Karim-Younis.jpg\" data-id=\"1610\" class=\"wp-image-1610\" srcset=\"https:\/\/noban.stream\/wp-content\/uploads\/2021\/05\/Karim-Younis-300x300.jpg 300w, https:\/\/noban.stream\/wp-content\/uploads\/2021\/05\/Karim-Younis-150x150.jpg 150w, https:\/\/noban.stream\/wp-content\/uploads\/2021\/05\/Karim-Younis-768x768.jpg 768w, https:\/\/noban.stream\/wp-content\/uploads\/2021\/05\/Karim-Younis.jpg 800w\" sizes=\"(max-width: 300px) 100vw, 300px\" \/><\/div><\/div><div class=\"kadence-blocks-gallery-item__caption\">Karim Younis<\/div><\/a><\/figure><\/div><\/li><li class=\"kadence-blocks-gallery-item\"><div class=\"kadence-blocks-gallery-item-inner\"><figure class=\"kb-gallery-figure kb-gallery-item-has-link kadence-blocks-gallery-item-has-caption\"><a href=\"https:\/\/noban.stream\/sv\/konstnarer\/erwen-studio\/\" class=\"kb-gallery-item-link\"  ><div class=\"kb-gal-image-radius\"><div class=\"kb-gallery-image-contain kadence-blocks-gallery-intrinsic kb-gallery-image-ratio-square kb-has-image-ratio-square\" ><img decoding=\"async\" src=\"https:\/\/noban.stream\/wp-content\/uploads\/2021\/05\/Erwen-Studio-300x300.jpg\" width=\"300\" height=\"300\" alt=\"Erwen Studio\" data-full-image=\"https:\/\/noban.stream\/wp-content\/uploads\/2021\/05\/Erwen-Studio.jpg\" data-light-image=\"https:\/\/noban.stream\/wp-content\/uploads\/2021\/05\/Erwen-Studio.jpg\" data-id=\"1738\" class=\"wp-image-1738\" srcset=\"https:\/\/noban.stream\/wp-content\/uploads\/2021\/05\/Erwen-Studio-300x300.jpg 300w, https:\/\/noban.stream\/wp-content\/uploads\/2021\/05\/Erwen-Studio-150x150.jpg 150w, https:\/\/noban.stream\/wp-content\/uploads\/2021\/05\/Erwen-Studio-768x768.jpg 768w, https:\/\/noban.stream\/wp-content\/uploads\/2021\/05\/Erwen-Studio.jpg 800w\" sizes=\"(max-width: 300px) 100vw, 300px\" \/><\/div><\/div><div class=\"kadence-blocks-gallery-item__caption\">Erwen Studio<\/div><\/a><\/figure><\/div><\/li><li class=\"kadence-blocks-gallery-item\"><div class=\"kadence-blocks-gallery-item-inner\"><figure class=\"kb-gallery-figure kb-gallery-item-has-link kadence-blocks-gallery-item-has-caption\"><a href=\"https:\/\/noban.stream\/sv\/konstnarer\/lastro\/\" class=\"kb-gallery-item-link\"  ><div class=\"kb-gal-image-radius\"><div class=\"kb-gallery-image-contain kadence-blocks-gallery-intrinsic kb-gallery-image-ratio-square kb-has-image-ratio-square\" ><img decoding=\"async\" src=\"https:\/\/noban.stream\/wp-content\/uploads\/2021\/05\/Lastro-300x300.jpg\" width=\"300\" height=\"300\" alt=\"\" data-full-image=\"https:\/\/noban.stream\/wp-content\/uploads\/2021\/05\/Lastro.jpg\" data-light-image=\"https:\/\/noban.stream\/wp-content\/uploads\/2021\/05\/Lastro.jpg\" data-id=\"1711\" class=\"wp-image-1711\" srcset=\"https:\/\/noban.stream\/wp-content\/uploads\/2021\/05\/Lastro-300x300.jpg 300w, https:\/\/noban.stream\/wp-content\/uploads\/2021\/05\/Lastro-150x150.jpg 150w, https:\/\/noban.stream\/wp-content\/uploads\/2021\/05\/Lastro-768x768.jpg 768w, https:\/\/noban.stream\/wp-content\/uploads\/2021\/05\/Lastro.jpg 800w\" sizes=\"(max-width: 300px) 100vw, 300px\" \/><\/div><\/div><div class=\"kadence-blocks-gallery-item__caption\">Lastro<\/div><\/a><\/figure><\/div><\/li><li class=\"kadence-blocks-gallery-item\"><div class=\"kadence-blocks-gallery-item-inner\"><figure class=\"kb-gallery-figure kb-gallery-item-has-link kadence-blocks-gallery-item-has-caption\"><a href=\"https:\/\/noban.stream\/sv\/konstnarer\/observator\/\" class=\"kb-gallery-item-link\"  ><div class=\"kb-gal-image-radius\"><div class=\"kb-gallery-image-contain kadence-blocks-gallery-intrinsic kb-gallery-image-ratio-square kb-has-image-ratio-square\" ><img decoding=\"async\" src=\"https:\/\/noban.stream\/wp-content\/uploads\/2021\/05\/Observer-300x300.jpg\" width=\"300\" height=\"300\" alt=\"\" data-full-image=\"https:\/\/noban.stream\/wp-content\/uploads\/2021\/05\/Observer.jpg\" data-light-image=\"https:\/\/noban.stream\/wp-content\/uploads\/2021\/05\/Observer.jpg\" data-id=\"1651\" class=\"wp-image-1651\" srcset=\"https:\/\/noban.stream\/wp-content\/uploads\/2021\/05\/Observer-300x300.jpg 300w, https:\/\/noban.stream\/wp-content\/uploads\/2021\/05\/Observer-150x150.jpg 150w, https:\/\/noban.stream\/wp-content\/uploads\/2021\/05\/Observer-768x768.jpg 768w, https:\/\/noban.stream\/wp-content\/uploads\/2021\/05\/Observer.jpg 874w\" sizes=\"(max-width: 300px) 100vw, 300px\" \/><\/div><\/div><div class=\"kadence-blocks-gallery-item__caption\">Observat\u00f6r<\/div><\/a><\/figure><\/div><\/li><li class=\"kadence-blocks-gallery-item\"><div class=\"kadence-blocks-gallery-item-inner\"><figure class=\"kb-gallery-figure kb-gallery-item-has-link kadence-blocks-gallery-item-has-caption\"><a href=\"https:\/\/noban.stream\/sv\/konstnarer\/othinus\/\" class=\"kb-gallery-item-link\"  ><div class=\"kb-gal-image-radius\"><div class=\"kb-gallery-image-contain kadence-blocks-gallery-intrinsic kb-gallery-image-ratio-square kb-has-image-ratio-square\" ><img decoding=\"async\" src=\"https:\/\/noban.stream\/wp-content\/uploads\/2021\/05\/Othinus-300x300.jpg\" width=\"300\" height=\"300\" alt=\"\" data-full-image=\"https:\/\/noban.stream\/wp-content\/uploads\/2021\/05\/Othinus.jpg\" data-light-image=\"https:\/\/noban.stream\/wp-content\/uploads\/2021\/05\/Othinus.jpg\" data-id=\"1698\" class=\"wp-image-1698\" srcset=\"https:\/\/noban.stream\/wp-content\/uploads\/2021\/05\/Othinus-300x300.jpg 300w, https:\/\/noban.stream\/wp-content\/uploads\/2021\/05\/Othinus-150x150.jpg 150w, https:\/\/noban.stream\/wp-content\/uploads\/2021\/05\/Othinus-768x768.jpg 768w, https:\/\/noban.stream\/wp-content\/uploads\/2021\/05\/Othinus.jpg 800w\" sizes=\"(max-width: 300px) 100vw, 300px\" \/><\/div><\/div><div class=\"kadence-blocks-gallery-item__caption\">Othinus<\/div><\/a><\/figure><\/div><\/li><li class=\"kadence-blocks-gallery-item\"><div class=\"kadence-blocks-gallery-item-inner\"><figure class=\"kb-gallery-figure kb-gallery-item-has-link kadence-blocks-gallery-item-has-caption\"><a href=\"https:\/\/noban.stream\/sv\/konstnarer\/sunoize\/\" class=\"kb-gallery-item-link\"  ><div class=\"kb-gal-image-radius\"><div class=\"kb-gallery-image-contain kadence-blocks-gallery-intrinsic kb-gallery-image-ratio-square kb-has-image-ratio-square\" ><img decoding=\"async\" src=\"https:\/\/noban.stream\/wp-content\/uploads\/2021\/05\/SUNOIZE-300x300.jpg\" width=\"300\" height=\"300\" alt=\"SUNOIZE\" data-full-image=\"https:\/\/noban.stream\/wp-content\/uploads\/2021\/05\/SUNOIZE.jpg\" data-light-image=\"https:\/\/noban.stream\/wp-content\/uploads\/2021\/05\/SUNOIZE.jpg\" data-id=\"1704\" class=\"wp-image-1704\" srcset=\"https:\/\/noban.stream\/wp-content\/uploads\/2021\/05\/SUNOIZE-300x300.jpg 300w, https:\/\/noban.stream\/wp-content\/uploads\/2021\/05\/SUNOIZE-150x150.jpg 150w, https:\/\/noban.stream\/wp-content\/uploads\/2021\/05\/SUNOIZE-768x768.jpg 768w, https:\/\/noban.stream\/wp-content\/uploads\/2021\/05\/SUNOIZE.jpg 800w\" sizes=\"(max-width: 300px) 100vw, 300px\" \/><\/div><\/div><div class=\"kadence-blocks-gallery-item__caption\">SUNOIZE<\/div><\/a><\/figure><\/div><\/li><li class=\"kadence-blocks-gallery-item\"><div class=\"kadence-blocks-gallery-item-inner\"><figure class=\"kb-gallery-figure kb-gallery-item-has-link kadence-blocks-gallery-item-has-caption\"><a href=\"https:\/\/noban.stream\/sv\/konstnarer\/yafet-timotius\/\" class=\"kb-gallery-item-link\"  ><div class=\"kb-gal-image-radius\"><div class=\"kb-gallery-image-contain kadence-blocks-gallery-intrinsic kb-gallery-image-ratio-square kb-has-image-ratio-square\" ><img decoding=\"async\" src=\"https:\/\/noban.stream\/wp-content\/uploads\/2021\/05\/Yafet-Timotius-300x300.jpg\" width=\"300\" height=\"300\" alt=\"\" data-full-image=\"https:\/\/noban.stream\/wp-content\/uploads\/2021\/05\/Yafet-Timotius.jpg\" data-light-image=\"https:\/\/noban.stream\/wp-content\/uploads\/2021\/05\/Yafet-Timotius.jpg\" data-id=\"1602\" class=\"wp-image-1602\" srcset=\"https:\/\/noban.stream\/wp-content\/uploads\/2021\/05\/Yafet-Timotius-300x300.jpg 300w, https:\/\/noban.stream\/wp-content\/uploads\/2021\/05\/Yafet-Timotius-150x150.jpg 150w, https:\/\/noban.stream\/wp-content\/uploads\/2021\/05\/Yafet-Timotius-768x768.jpg 768w, https:\/\/noban.stream\/wp-content\/uploads\/2021\/05\/Yafet-Timotius.jpg 800w\" sizes=\"(max-width: 300px) 100vw, 300px\" \/><\/div><\/div><div class=\"kadence-blocks-gallery-item__caption\">Yafet Timotius<\/div><\/a><\/figure><\/div><\/li><li class=\"kadence-blocks-gallery-item\"><div class=\"kadence-blocks-gallery-item-inner\"><figure class=\"kb-gallery-figure kb-gallery-item-has-link kadence-blocks-gallery-item-has-caption\"><a href=\"https:\/\/noban.stream\/sv\/konstnarer\/yuyao-shangguan\/\" class=\"kb-gallery-item-link\"  ><div class=\"kb-gal-image-radius\"><div class=\"kb-gallery-image-contain kadence-blocks-gallery-intrinsic kb-gallery-image-ratio-square kb-has-image-ratio-square\" ><img decoding=\"async\" src=\"https:\/\/noban.stream\/wp-content\/uploads\/2021\/05\/Yuyao-300x300.jpg\" width=\"300\" height=\"300\" alt=\"Yuyao\" data-full-image=\"https:\/\/noban.stream\/wp-content\/uploads\/2021\/05\/Yuyao.jpg\" data-light-image=\"https:\/\/noban.stream\/wp-content\/uploads\/2021\/05\/Yuyao.jpg\" data-id=\"1717\" class=\"wp-image-1717\" srcset=\"https:\/\/noban.stream\/wp-content\/uploads\/2021\/05\/Yuyao-300x300.jpg 300w, https:\/\/noban.stream\/wp-content\/uploads\/2021\/05\/Yuyao-150x150.jpg 150w, https:\/\/noban.stream\/wp-content\/uploads\/2021\/05\/Yuyao-768x768.jpg 768w, https:\/\/noban.stream\/wp-content\/uploads\/2021\/05\/Yuyao.jpg 800w\" sizes=\"(max-width: 300px) 100vw, 300px\" \/><\/div><\/div><div class=\"kadence-blocks-gallery-item__caption\">Yuyao Shangguan<\/div><\/a><\/figure><\/div><\/li><\/ul><\/div><\/div><\/div>\n<\/div><\/div><\/div>\n\n\n\n<p><\/p>","protected":false},"excerpt":{"rendered":"<p>NoBan Stream Artists NoBan Stream provides royalty-free quality soundtracks perfect for use online by everyone &#8211; YouTube videos, Twitch streams, podcasts\u2026you name it!Hear more about our favorite artists below!<\/p>","protected":false},"author":1,"featured_media":0,"parent":0,"menu_order":0,"comment_status":"closed","ping_status":"closed","template":"","meta":{"_seopress_robots_primary_cat":"","_seopress_titles_title":"","_seopress_titles_desc":"","_seopress_robots_index":"","_kad_blocks_custom_css":"","_kad_blocks_head_custom_js":"","_kad_blocks_body_custom_js":"","_kad_blocks_footer_custom_js":"","_kad_post_transparent":"","_kad_post_title":"hide","_kad_post_layout":"fullwidth","_kad_post_sidebar_id":"","_kad_post_content_style":"default","_kad_post_vertical_padding":"","_kad_post_feature":"","_kad_post_feature_position":"","_kad_post_header":false,"_kad_post_footer":false,"_kad_post_classname":"","footnotes":""},"class_list":["post-829","page","type-page","status-publish","hentry"],"taxonomy_info":[],"featured_image_src_large":false,"author_info":{"display_name":"Julien","author_link":"https:\/\/noban.stream\/sv\/author\/nbsadminpro\/"},"comment_info":0,"_links":{"self":[{"href":"https:\/\/noban.stream\/sv\/wp-json\/wp\/v2\/pages\/829","targetHints":{"allow":["GET"]}}],"collection":[{"href":"https:\/\/noban.stream\/sv\/wp-json\/wp\/v2\/pages"}],"about":[{"href":"https:\/\/noban.stream\/sv\/wp-json\/wp\/v2\/types\/page"}],"author":[{"embeddable":true,"href":"https:\/\/noban.stream\/sv\/wp-json\/wp\/v2\/users\/1"}],"replies":[{"embeddable":true,"href":"https:\/\/noban.stream\/sv\/wp-json\/wp\/v2\/comments?post=829"}],"version-history":[{"count":0,"href":"https:\/\/noban.stream\/sv\/wp-json\/wp\/v2\/pages\/829\/revisions"}],"wp:attachment":[{"href":"https:\/\/noban.stream\/sv\/wp-json\/wp\/v2\/media?parent=829"}],"curies":[{"name":"wp","href":"https:\/\/api.w.org\/{rel}","templated":true}]}}